{"id":3102,"date":"2021-05-11T14:16:52","date_gmt":"2021-05-11T14:16:52","guid":{"rendered":"https:\/\/www.worldfolkvisionitalia.it\/?page_id=3102"},"modified":"2021-08-20T10:34:52","modified_gmt":"2021-08-20T10:34:52","slug":"selezioni-on-line","status":"publish","type":"page","link":"https:\/\/www.worldfolkvisionitalia.it\/gb\/selezioni-on-line\/","title":{"rendered":"Selezione On line"},"content":{"rendered":"\n<p>Questa selezione \u00e8 nata per dare la possibilit\u00e0 a tutti in un memento cos\u00ec difficile fatto d&#8217;incertezza e difficolt\u00e0 di avere l&#8217;opportunit\u00e0 non potendo iscriversi a una  delle Tappe del concorso in presenza, per la qualificazione alla Finale internazionale Euro-Asiatica del World Dance competition of Peoples end Cultures .<\/p>\n\n\n\n<div class=\"wp-block-image\"><figure class=\"aligncenter size-large\"><img loading=\"lazy\" width=\"600\" height=\"800\" src=\"https:\/\/www.worldfolkvisionitalia.it\/wp-content\/uploads\/2021\/05\/LocandinaSelezioniOnLine-2-2.jpg\" alt=\"\" class=\"wp-image-3282\" srcset=\"https:\/\/www.worldfolkvisionitalia.it\/wp-content\/uploads\/2021\/05\/LocandinaSelezioniOnLine-2-2.jpg 600w, https:\/\/www.worldfolkvisionitalia.it\/wp-content\/uploads\/2021\/05\/LocandinaSelezioniOnLine-2-2-225x300.jpg 225w\" sizes=\"(max-width: 600px) 100vw, 600px\" \/><\/figure><\/div>\n\n\n\n<h4 class=\"has-text-align-center\">REGOLAMENTO SOSTITUTIVO<br>Causa Covid-19<br>SELEZIONI ONLINE<\/h4>\n\n\n\n<p class=\"has-text-align-center\"><strong>Tappa Concorso Nazionale&nbsp;Ed Internazionale <\/strong><br><strong>\u201cWorld Dance&nbsp;Competition of Peoples and Culture\u201d&nbsp;<\/strong><br><strong>Musical-Canto-Strumenti-Cori-Folk<\/strong><\/p>\n\n\n\n<p><strong>Causa il protrarsi della pandemia e non potendo inserire nelle <\/strong><strong>Tappa del Concorso Nazionale e Internazionale \u201cWorld Dance Competition of Peoples and Culture\u201d le discipline del Musical, Canto, Strumenti, Cori, Folk, e per venire incontro alle esigenze delle molte scuole, organizziamo anche una selezione online.<\/strong><\/p>\n\n\n\n<p>Modalit\u00e0 e svolgimento del concorso online:<\/p>\n\n\n\n<p>La partecipazione al Concorso online avviene tramite invio di UN LINK a video pubblicati su YOUTUBE o VIMEO di una o pi\u00f9 coreografie\/esibizioni, alla email <a href=\"mailto:danzecultureinternazionali@aics.it\">danzecultureinternazionali@aics.it<\/a> &nbsp;Ogni link inviato deveessere accompagnato da una scheda d\u2019iscrizione, dove vengono riportati nome nella scuola, accademia o privato, disciplina: Musical, Danza stile Musical, Canto, Strumenti, Cori, Folk. Nomi degli interpreti, titolo della coreografia la coreografia o brano e autore.<br>Inoltre deve essere corredato da una fotografia che rappresenti l\u2019esibizione.<\/p>\n\n\n\n<p><strong>Sar\u00e0 possibile inviare i link video fino al 30 luglio<\/strong><\/p>\n\n\n\n<p>La giuria comunicher\u00e0 i risultati, salvo imprevisti, entro il giorno 15 Agosto, con pubblicazione degli esiti e delle classifiche sul sito <a href=\"http:\/\/www.worldfolkvisionitalia.it\">www.worldfolkvisionitalia.it<\/a> nella pagina della manifestazione.<\/p>\n\n\n\n<p>I premi rimarranno quelli da regolamento generale e saranno inviati alle scuole, associazioni ecc. di riferimento, stessa cosa per gli attestati di partecipazione.<\/p>\n\n\n\n<p>I costi per la partecipazione online per ogni esibizione:<\/p>\n\n\n\n<p>SOLISTI \u20ac 18,00<\/p>\n\n\n\n<p>DUO, COPPIA, 30,00<\/p>\n\n\n\n<p>GRUPPI DA TRE A QUATTRO \u20ac 50,00<\/p>\n\n\n\n<p>PER OGNI BALLERINO IN PIU si aggiunge una somma di 12,00 \u20ac<\/p>\n\n\n\n<p><strong>Modalit\u00e0 di pagamento<\/strong><br>Il versamento, totale o a titolo di acconto e saldo comprensivo dell&#8217;iscrizione, ai sensi dell&#8217;Art. 6 &#8211; DLgs 6\/9\/2005 n. 206 pu\u00f2 essere effettuato tramite bonifico bancario intestato a<br><strong>Aics Direzione Nazionale codice IBAN \u00e8: IT 75 I 01030 03271 000061460833&nbsp;<\/strong><br><strong><u>Causale: Selezione On Line NOME E COGNOME partecipante. Specifica se acconto o saldo.<\/u><\/strong><\/p>\n\n\n\n<p>Non si terr\u00e0 conto di video di pessima qualit\u00e0<\/p>\n\n\n\n<p>Il video pu\u00f2 essere eseguito sia in teatro (saggi, concorsi, rassegne, ecc..) che in sala danza o in luoghi all\u2019aperto.<br>Il video pu\u00f2 anche non essere recente, ma essendo valido per la selezione per la Finale Nazionale di Montecatini Terme\u00a0 2021 deve rispecchiare quello che \u00e8 lo stato della compagnia\/scuola\/solista.<br><br>I partecipanti al concorso OnLine si impegnano, qualora venissero selezionate, a prendere parte, salvo imprevisti,\u00a0 alla finale nazionale che si terr\u00e0 a Montecatini Terme a Dicembre 2021<\/p>\n\n\n\n<p>L\u2019Organizzazione del Concorso non terr\u00e0 conto delle domande d\u2019iscrizione prive della documentazione richiesta, n\u00e9 delle domande pervenute in ritardo, n\u00e9 di quelle prive di firme richieste.<\/p>\n\n\n\n<p><strong>Per tutto quello non qui menzionato compreso le modalit\u00e0 d\u2019iscrizione, si fa riferimento al regolamento e condizioni generale.<\/strong><strong><br><\/strong><\/p>\n\n\n\n<div class=\"wp-block-file\"><a href=\"https:\/\/www.worldfolkvisionitalia.it\/wp-content\/uploads\/2021\/05\/Concorso-Online.pdf\" target=\"_blank\" rel=\"noreferrer noopener\"><strong>Regolamento Concorso-Online<\/strong> &#8211; versione pdf<\/a><a href=\"https:\/\/www.worldfolkvisionitalia.it\/wp-content\/uploads\/2021\/05\/Concorso-Online.pdf\" class=\"wp-block-file__button\" download>Download<\/a><\/div>\n\n\n\n<div class=\"wp-block-file\"><a href=\"https:\/\/www.worldfolkvisionitalia.it\/wp-content\/uploads\/2021\/05\/Scheda-concorso-AICS-2.pdf\"><strong>Scheda-concorso-AICS<\/strong><\/a><a href=\"https:\/\/www.worldfolkvisionitalia.it\/wp-content\/uploads\/2021\/05\/Scheda-concorso-AICS-2.pdf\" class=\"wp-block-file__button\" download>Download<\/a><\/div>\n\n\n\n<div class=\"wp-block-file\"><a href=\"https:\/\/www.worldfolkvisionitalia.it\/wp-content\/uploads\/2021\/05\/SodaPDF-converted-Mod.-B-SCHEDE-PARTECIPANTI-E-PRIVACY-Maggiorenne.pdf\"><strong>PDF-Mod.-B-SCHEDE-PARTECIPANTI-E-PRIVACY-Maggiorenne<\/strong><\/a><a href=\"https:\/\/www.worldfolkvisionitalia.it\/wp-content\/uploads\/2021\/05\/SodaPDF-converted-Mod.-B-SCHEDE-PARTECIPANTI-E-PRIVACY-Maggiorenne.pdf\" class=\"wp-block-file__button\" download>Download<\/a><\/div>\n\n\n\n<div class=\"wp-block-file\"><a href=\"https:\/\/www.worldfolkvisionitalia.it\/wp-content\/uploads\/2021\/05\/SodaPDF-converted-Mod.-B-SCHEDE-PARTECIPANTI-E-PRIVACY-MINORENNE.pdf\"><strong>PDF-Mod.-B-SCHEDE-PARTECIPANTI-E-PRIVACY-MINORENNE<\/strong><\/a><a href=\"https:\/\/www.worldfolkvisionitalia.it\/wp-content\/uploads\/2021\/05\/SodaPDF-converted-Mod.-B-SCHEDE-PARTECIPANTI-E-PRIVACY-MINORENNE.pdf\" class=\"wp-block-file__button\" download>Download<\/a><\/div>\n\n\n\n<h4>Regolamenti sezioni<\/h4>\n\n\n\n<p><a href=\"https:\/\/www.worldfolkvisionitalia.it\/wp-content\/uploads\/2021\/02\/Regolamento-Musicol-e-Canto-1.pdf\" target=\"_blank\" rel=\"noreferrer noopener\">Musical<\/a>, <a href=\"https:\/\/www.worldfolkvisionitalia.it\/wp-content\/uploads\/2021\/02\/REGOLAMENTO-DANZA.pdf\">Danza stile Musical<\/a>, <a href=\"https:\/\/www.worldfolkvisionitalia.it\/wp-content\/uploads\/2021\/02\/Regolamento-Musicol-e-Canto-1.pdf\" target=\"_blank\" rel=\"noreferrer noopener\">Canto<\/a>, <a href=\"https:\/\/www.worldfolkvisionitalia.it\/wp-content\/uploads\/2021\/02\/STRUMENTISTI.pdf\" target=\"_blank\" rel=\"noreferrer noopener\">Strumenti<\/a>, <a href=\"https:\/\/www.worldfolkvisionitalia.it\/wp-content\/uploads\/2021\/02\/CORI.pdf\" target=\"_blank\" rel=\"noreferrer noopener\">Cori<\/a>, Folk<\/p>\n\n\n\n<h2>Componenti della commissione composta da personaggi pubblici e maestri dei vari stili, partecipanti al concorso.<\/h2>\n\n\n\n<figure class=\"wp-block-gallery columns-1 is-cropped\"><ul class=\"blocks-gallery-grid\"><li class=\"blocks-gallery-item\"><figure><img loading=\"lazy\" width=\"698\" height=\"210\" src=\"https:\/\/www.worldfolkvisionitalia.it\/wp-content\/uploads\/2021\/05\/Girolami.jpg\" alt=\"\" data-id=\"3329\" data-full-url=\"https:\/\/www.worldfolkvisionitalia.it\/wp-content\/uploads\/2021\/05\/Girolami.jpg\" data-link=\"https:\/\/www.worldfolkvisionitalia.it\/selezioni-on-line\/girolami-2\/\" class=\"wp-image-3329\" srcset=\"https:\/\/www.worldfolkvisionitalia.it\/wp-content\/uploads\/2021\/05\/Girolami.jpg 698w, https:\/\/www.worldfolkvisionitalia.it\/wp-content\/uploads\/2021\/05\/Girolami-300x90.jpg 300w\" sizes=\"(max-width: 698px) 100vw, 698px\" \/><figcaption class=\"blocks-gallery-item__caption\"><strong>Fran\u00e7ois-Robert GIROLAMI<\/strong>, Direttore d\u2019Orchestra, Professore Accademico.<\/figcaption><\/figure><\/li><\/ul><\/figure>\n","protected":false},"excerpt":{"rendered":"<p>Questa selezione \u00e8 nata per dare la possibilit\u00e0 a tutti in un memento cos\u00ec difficile fatto d&#8217;incertezza e difficolt\u00e0 di [&hellip;]<\/p>\n","protected":false},"author":1,"featured_media":0,"parent":0,"menu_order":0,"comment_status":"closed","ping_status":"closed","template":"","meta":[],"translation":{"provider":"WPGlobus","version":"2.12.2","language":"gb","enabled_languages":["it","gb"],"languages":{"it":{"title":true,"content":true,"excerpt":false},"gb":{"title":false,"content":false,"excerpt":false}}},"yoast_head":"<!-- This site is optimized with the Yoast SEO plugin v19.4 - https:\/\/yoast.com\/wordpress\/plugins\/seo\/ -->\n<title>Selezione On line - World Folk Vision Italia<\/title>\n<meta name=\"robots\" content=\"index, follow, max-snippet:-1, max-image-preview:large, max-video-preview:-1\" \/>\n<link rel=\"canonical\" href=\"https:\/\/www.worldfolkvisionitalia.it\/gb\/selezioni-on-line\/\" \/>\n<meta property=\"og:locale\" content=\"en_GB\" \/>\n<meta property=\"og:type\" content=\"article\" \/>\n<meta property=\"og:title\" content=\"Selezione On line - World Folk Vision Italia\" \/>\n<meta property=\"og:url\" content=\"https:\/\/www.worldfolkvisionitalia.it\/gb\/selezioni-on-line\/\" \/>\n<meta property=\"og:site_name\" content=\"World Folk Vision Italia\" \/>\n<meta property=\"article:modified_time\" content=\"2021-08-20T10:34:52+00:00\" \/>\n<meta property=\"og:image\" content=\"https:\/\/www.worldfolkvisionitalia.it\/wp-content\/uploads\/2021\/05\/LocandinaSelezioniOnLine-2-2.jpg\" \/>\n<meta name=\"twitter:card\" content=\"summary_large_image\" \/>\n<meta name=\"twitter:label1\" content=\"Est. reading time\" \/>\n\t<meta name=\"twitter:data1\" content=\"3 minutes\" \/>\n<script type=\"application\/ld+json\" class=\"yoast-schema-graph\">{\"@context\":\"https:\/\/schema.org\",\"@graph\":[{\"@type\":\"Organization\",\"@id\":\"https:\/\/www.worldfolkvisionitalia.it\/#organization\",\"name\":\"World Folk Vision Italia\",\"url\":\"https:\/\/www.worldfolkvisionitalia.it\/\",\"sameAs\":[],\"logo\":{\"@type\":\"ImageObject\",\"inLanguage\":\"en-GB\",\"@id\":\"https:\/\/www.worldfolkvisionitalia.it\/#\/schema\/logo\/image\/\",\"url\":\"https:\/\/www.worldfolkvisionitalia.it\/wp-content\/uploads\/2024\/02\/cropped-WDC_final_pos-02-e1706888538326.png\",\"contentUrl\":\"https:\/\/www.worldfolkvisionitalia.it\/wp-content\/uploads\/2024\/02\/cropped-WDC_final_pos-02-e1706888538326.png\",\"width\":300,\"height\":109,\"caption\":\"World Folk Vision Italia\"},\"image\":{\"@id\":\"https:\/\/www.worldfolkvisionitalia.it\/#\/schema\/logo\/image\/\"}},{\"@type\":\"WebSite\",\"@id\":\"https:\/\/www.worldfolkvisionitalia.it\/#website\",\"url\":\"https:\/\/www.worldfolkvisionitalia.it\/\",\"name\":\"World Folk Vision Italia\",\"description\":\"\",\"publisher\":{\"@id\":\"https:\/\/www.worldfolkvisionitalia.it\/#organization\"},\"potentialAction\":[{\"@type\":\"SearchAction\",\"target\":{\"@type\":\"EntryPoint\",\"urlTemplate\":\"https:\/\/www.worldfolkvisionitalia.it\/?s={search_term_string}\"},\"query-input\":\"required name=search_term_string\"}],\"inLanguage\":\"en-GB\"},{\"@type\":\"WebPage\",\"@id\":\"https:\/\/www.worldfolkvisionitalia.it\/gb\/selezioni-on-line\/\",\"url\":\"https:\/\/www.worldfolkvisionitalia.it\/gb\/selezioni-on-line\/\",\"name\":\"Selezione On line - World Folk Vision Italia\",\"isPartOf\":{\"@id\":\"https:\/\/www.worldfolkvisionitalia.it\/#website\"},\"datePublished\":\"2021-05-11T14:16:52+00:00\",\"dateModified\":\"2021-08-20T10:34:52+00:00\",\"breadcrumb\":{\"@id\":\"https:\/\/www.worldfolkvisionitalia.it\/gb\/selezioni-on-line\/#breadcrumb\"},\"inLanguage\":\"en-GB\",\"potentialAction\":[{\"@type\":\"ReadAction\",\"target\":[\"https:\/\/www.worldfolkvisionitalia.it\/gb\/selezioni-on-line\/\"]}]},{\"@type\":\"BreadcrumbList\",\"@id\":\"https:\/\/www.worldfolkvisionitalia.it\/gb\/selezioni-on-line\/#breadcrumb\",\"itemListElement\":[{\"@type\":\"ListItem\",\"position\":1,\"name\":\"Home\",\"item\":\"https:\/\/www.worldfolkvisionitalia.it\/\"},{\"@type\":\"ListItem\",\"position\":2,\"name\":\"Selezione On line\"}]}]}<\/script>\n<!-- \/ Yoast SEO plugin. -->","yoast_head_json":{"title":"Selezione On line - World Folk Vision Italia","robots":{"index":"index","follow":"follow","max-snippet":"max-snippet:-1","max-image-preview":"max-image-preview:large","max-video-preview":"max-video-preview:-1"},"canonical":"https:\/\/www.worldfolkvisionitalia.it\/gb\/selezioni-on-line\/","og_locale":"en_GB","og_type":"article","og_title":"Selezione On line - World Folk Vision Italia","og_url":"https:\/\/www.worldfolkvisionitalia.it\/gb\/selezioni-on-line\/","og_site_name":"World Folk Vision Italia","article_modified_time":"2021-08-20T10:34:52+00:00","og_image":[{"url":"https:\/\/www.worldfolkvisionitalia.it\/wp-content\/uploads\/2021\/05\/LocandinaSelezioniOnLine-2-2.jpg"}],"twitter_card":"summary_large_image","twitter_misc":{"Est. reading time":"3 minutes"},"schema":{"@context":"https:\/\/schema.org","@graph":[{"@type":"Organization","@id":"https:\/\/www.worldfolkvisionitalia.it\/#organization","name":"World Folk Vision Italia","url":"https:\/\/www.worldfolkvisionitalia.it\/","sameAs":[],"logo":{"@type":"ImageObject","inLanguage":"en-GB","@id":"https:\/\/www.worldfolkvisionitalia.it\/#\/schema\/logo\/image\/","url":"https:\/\/www.worldfolkvisionitalia.it\/wp-content\/uploads\/2024\/02\/cropped-WDC_final_pos-02-e1706888538326.png","contentUrl":"https:\/\/www.worldfolkvisionitalia.it\/wp-content\/uploads\/2024\/02\/cropped-WDC_final_pos-02-e1706888538326.png","width":300,"height":109,"caption":"World Folk Vision Italia"},"image":{"@id":"https:\/\/www.worldfolkvisionitalia.it\/#\/schema\/logo\/image\/"}},{"@type":"WebSite","@id":"https:\/\/www.worldfolkvisionitalia.it\/#website","url":"https:\/\/www.worldfolkvisionitalia.it\/","name":"World Folk Vision Italia","description":"","publisher":{"@id":"https:\/\/www.worldfolkvisionitalia.it\/#organization"},"potentialAction":[{"@type":"SearchAction","target":{"@type":"EntryPoint","urlTemplate":"https:\/\/www.worldfolkvisionitalia.it\/?s={search_term_string}"},"query-input":"required name=search_term_string"}],"inLanguage":"en-GB"},{"@type":"WebPage","@id":"https:\/\/www.worldfolkvisionitalia.it\/gb\/selezioni-on-line\/","url":"https:\/\/www.worldfolkvisionitalia.it\/gb\/selezioni-on-line\/","name":"Selezione On line - World Folk Vision Italia","isPartOf":{"@id":"https:\/\/www.worldfolkvisionitalia.it\/#website"},"datePublished":"2021-05-11T14:16:52+00:00","dateModified":"2021-08-20T10:34:52+00:00","breadcrumb":{"@id":"https:\/\/www.worldfolkvisionitalia.it\/gb\/selezioni-on-line\/#breadcrumb"},"inLanguage":"en-GB","potentialAction":[{"@type":"ReadAction","target":["https:\/\/www.worldfolkvisionitalia.it\/gb\/selezioni-on-line\/"]}]},{"@type":"BreadcrumbList","@id":"https:\/\/www.worldfolkvisionitalia.it\/gb\/selezioni-on-line\/#breadcrumb","itemListElement":[{"@type":"ListItem","position":1,"name":"Home","item":"https:\/\/www.worldfolkvisionitalia.it\/"},{"@type":"ListItem","position":2,"name":"Selezione On line"}]}]}},"_links":{"self":[{"href":"https:\/\/www.worldfolkvisionitalia.it\/gb\/wp-json\/wp\/v2\/pages\/3102"}],"collection":[{"href":"https:\/\/www.worldfolkvisionitalia.it\/gb\/wp-json\/wp\/v2\/pages"}],"about":[{"href":"https:\/\/www.worldfolkvisionitalia.it\/gb\/wp-json\/wp\/v2\/types\/page"}],"author":[{"embeddable":true,"href":"https:\/\/www.worldfolkvisionitalia.it\/gb\/wp-json\/wp\/v2\/users\/1"}],"replies":[{"embeddable":true,"href":"https:\/\/www.worldfolkvisionitalia.it\/gb\/wp-json\/wp\/v2\/comments?post=3102"}],"version-history":[{"count":14,"href":"https:\/\/www.worldfolkvisionitalia.it\/gb\/wp-json\/wp\/v2\/pages\/3102\/revisions"}],"predecessor-version":[{"id":3589,"href":"https:\/\/www.worldfolkvisionitalia.it\/gb\/wp-json\/wp\/v2\/pages\/3102\/revisions\/3589"}],"wp:attachment":[{"href":"https:\/\/www.worldfolkvisionitalia.it\/gb\/wp-json\/wp\/v2\/media?parent=3102"}],"curies":[{"name":"wp","href":"https:\/\/api.w.org\/{rel}","templated":true}]}}