{"id":4062,"date":"2022-02-08T16:00:35","date_gmt":"2022-02-08T16:00:35","guid":{"rendered":"https:\/\/www.worldfolkvisionitalia.it\/?page_id=4062"},"modified":"2022-05-09T12:01:48","modified_gmt":"2022-05-09T12:01:48","slug":"selezione-2022-30-aprile-1-maggio-pieve-emanuele","status":"publish","type":"page","link":"https:\/\/www.worldfolkvisionitalia.it\/gb\/selezione-2022-30-aprile-1-maggio-pieve-emanuele\/","title":{"rendered":"Pieve Emanuele 2022"},"content":{"rendered":"\n<p><\/p>\n\n\n\n<p><strong>LE ISRIZIONI SI APRIRANNO IL GIORNO 25 MARZO E CHIUDERANNO<\/strong> <strong>IL 19 APRILE<\/strong><\/p>\n\n\n\n<p>IMPORTNATE NELLA SCHEDA D&#8217;ISCRIZIONE INSERIRE IN ALTO A QUALE SELEZIONE PARTECIPATE <\/p>\n\n\n\n<h5>Regolamenti Discipline<\/h5>\n\n\n\n<div class=\"wp-container-1 wp-block-buttons\">\n<div class=\"wp-block-button\"><a class=\"wp-block-button__link has-black-color has-vivid-cyan-blue-background-color has-text-color has-background\" href=\"https:\/\/www.worldfolkvisionitalia.it\/wp-content\/uploads\/2021\/02\/STRUMENTISTI.pdf\" style=\"border-radius:4px\" target=\"_blank\" rel=\"noreferrer noopener\"><strong>Strumentisti<\/strong><\/a><\/div>\n\n\n\n<div class=\"wp-block-button\"><a class=\"wp-block-button__link has-black-color has-vivid-cyan-blue-background-color has-text-color has-background\" href=\"https:\/\/www.worldfolkvisionitalia.it\/wp-content\/uploads\/2021\/02\/CORI.pdf\" style=\"border-radius:4px\" target=\"_blank\" rel=\"noreferrer noopener\"><strong>Cori<\/strong><\/a><\/div>\n\n\n\n<div class=\"wp-block-button\"><a class=\"wp-block-button__link has-black-color has-vivid-cyan-blue-background-color has-text-color has-background\" href=\"https:\/\/www.worldfolkvisionitalia.it\/wp-content\/uploads\/2022\/03\/regolmento-musical-new.pdf\" style=\"border-radius:4px\" target=\"_blank\" rel=\"noreferrer noopener\"><strong>Musical e Canto<\/strong><\/a><\/div>\n<\/div>\n\n\n\n<div class=\"wp-container-2 wp-block-buttons\">\n<div class=\"wp-block-button\"><a class=\"wp-block-button__link has-black-color has-luminous-vivid-orange-background-color has-text-color has-background\" href=\"https:\/\/www.worldfolkvisionitalia.it\/wp-content\/uploads\/2022\/02\/REGOLAMENTO-DANZA-2022.pdf\" style=\"border-radius:4px\" target=\"_blank\" rel=\"noreferrer noopener\"><strong>Danza<\/strong><\/a><\/div>\n\n\n\n<div class=\"wp-block-button\"><a class=\"wp-block-button__link has-black-color has-luminous-vivid-orange-background-color has-text-color has-background\" href=\"https:\/\/www.worldfolkvisionitalia.it\/wp-content\/uploads\/2021\/03\/RegolamentoAcrodance-1.pdf\" style=\"border-radius:4px\" target=\"_blank\" rel=\"noreferrer noopener\"><strong>Acrodance<\/strong><\/a><\/div>\n\n\n\n<div class=\"wp-block-button\"><a class=\"wp-block-button__link has-black-color has-luminous-vivid-orange-background-color has-text-color has-background\" href=\"https:\/\/www.worldfolkvisionitalia.it\/wp-content\/uploads\/2022\/05\/DanzaAerea2022.pdf\" style=\"border-radius:4px\" target=\"_blank\" rel=\"noreferrer noopener\"><strong>Danza Aerea<\/strong><\/a><\/div>\n\n\n\n<div class=\"wp-block-button\"><a class=\"wp-block-button__link has-black-color has-luminous-vivid-orange-background-color has-text-color has-background\" href=\"https:\/\/www.worldfolkvisionitalia.it\/wp-content\/uploads\/2021\/07\/fashionShow.pdf\" style=\"border-radius:4px\" target=\"_blank\" rel=\"noreferrer noopener\"><strong>Fashion Show<\/strong><\/a><\/div>\n<\/div>\n\n\n\n<div class=\"wp-block-button aligncenter\"><a class=\"wp-block-button__link\" href=\"https:\/\/campionati.aics.it\/danza-internazionale\/\">ISCRIZIONI<\/a><\/div>\n\n\n\n<p>In base alle Ultime normative di seguito trovate i protocolli di sicurezza e la modulistica nel rispetto dell&#8217;ultimo DPCM<\/p>\n\n\n\n<p class=\"has-white-color has-text-color has-background\" style=\"background-color:#000c51\">Si prega di cliccare nel pulsante: &#8220;Scarica Autocertificazione&#8221; per stampare l&#8217;AUTOCERTIFICAZIONE in materia COVID-19 da compilare e presentare il giorno della gara alla segreteria.<\/p>\n\n\n\n<div class=\"wp-container-3 wp-block-buttons\">\n<div class=\"wp-block-button\"><a class=\"wp-block-button__link\" href=\"https:\/\/www.worldfolkvisionitalia.it\/wp-content\/uploads\/2021\/03\/MAN-2021_02_27-rev0-.PROTOCOLLO-Manifestazioni-Danza-CONTRASTO-E-CONTENIMENTO-DIFFUSIONE-COVID19.pdf\" target=\"_blank\" rel=\"noreferrer noopener\">Protocollo per il contrasto e contenimento della diffusione del virus COVID-19<\/a><\/div>\n<\/div>\n\n\n\n<div class=\"wp-container-4 wp-block-buttons\">\n<div class=\"wp-block-button\"><a class=\"wp-block-button__link\" href=\"https:\/\/www.worldfolkvisionitalia.it\/wp-content\/uploads\/2021\/05\/AUTOCERTIFICAZIONE-ACCESSO-Manifestazione.pdf\" target=\"_blank\" rel=\"noreferrer noopener\">Scarica Autocertificazione<\/a><\/div>\n<\/div>\n\n\n\n<p class=\"has-white-color has-vivid-red-background-color has-text-color has-background\">E&#8217; obbligatorio presentarsi al ritiro pass con il certificato Medico Agonistico in regola con la stagione 2022  L&#8217;uso della mascherina FFP2 \u00e8 sempre obbligatorio tranne durante la performance agonistica.  <\/p>\n\n\n\n<p><\/p>\n\n\n\n<div class=\"wp-block-file\"><object class=\"wp-block-file__embed\" data=\"https:\/\/www.worldfolkvisionitalia.it\/wp-content\/uploads\/2022\/03\/TAPPA-PIEVE-WFVI.pdf\" type=\"application\/pdf\" style=\"width:100%;height:600px\" aria-label=\"Incorporamento di TAPPA PIEVE WFVI.\"><\/object><a id=\"wp-block-file--media-4e09342e-97e8-4b4b-86f3-009e06d39bde\" href=\"https:\/\/www.worldfolkvisionitalia.it\/wp-content\/uploads\/2022\/03\/TAPPA-PIEVE-WFVI.pdf\">TAPPA PIEVE WFVI<\/a><a href=\"https:\/\/www.worldfolkvisionitalia.it\/wp-content\/uploads\/2022\/03\/TAPPA-PIEVE-WFVI.pdf\" class=\"wp-block-file__button\" download aria-describedby=\"wp-block-file--media-4e09342e-97e8-4b4b-86f3-009e06d39bde\">Download<\/a><\/div>\n\n\n\n<h3 class=\"has-text-align-center\">&nbsp;Festival Concorso Un Ponte Fra i Popoli<\/h3>\n\n\n\n<h3 class=\"has-text-align-center\">Regolamento Danze e Culture Internazionali AICS world Folk Vision Italia.<\/h3>\n\n\n\n<h2 class=\"has-text-align-center\">Selezioni Nazionali per accedere alla Finale Internazionale del <\/h2>\n\n\n\n<h2 class=\"has-text-align-center\">8\/11 Dicembre 2022<\/h2>\n\n\n\n<h3 class=\"has-text-align-center\">\u201cWorld Competition Of Dance Peoples and Cultures\u201d<\/h3>\n\n\n\n<div class=\"wp-block-image\"><figure class=\"alignleft size-full is-resized\"><img loading=\"lazy\" src=\"https:\/\/www.worldfolkvisionitalia.it\/wp-content\/uploads\/2022\/03\/LocandinaPieveEmanuele6.jpg\" alt=\"\" class=\"wp-image-4168\" width=\"350\" height=\"464\"\/><\/figure><\/div>\n\n\n\n<p>Sono previste selezioni nazionali in varie citt\u00e0 d\u2019Italia, e una Finale Internazionale aperta a tutte le nazioni, e si terr\u00e0 al Teatro Verdi di Montecatini Terme, 08\/11 Dicembre 2022, nel corso della quale saranno proclamati i vincitori della la Finale Euro Asiatica World Festival-Competition off National Culture and Arts. Alla finale Italiana possono partecipare solo vincitori di Borsa di studio conquistate nelle selezioni, Italiane, tramite le selezioni, oppure online. Per i partecipanti di altre nazioni tramite finali di concorso nei loro paesi o direttamente tramite richiesta scritta inviata a <a href=\"mailto:danzecultureinternazionali@aics.it\">danzecultureinternazionali@aics.it<\/a><\/p>\n\n\n\n<p><strong>IMPORTANTE:&nbsp; <\/strong>La giunta Nazionale del CONI, a seguito della deliberazione del Consiglio dei Ministri che ha prorogato fino al 31 Marzo 2022 lo stato d\u2019emergenza per fronteggiare l\u2019emergenza epidemiologica da COVID-19, a stabilito che tutti gli atleti siano muniti di tessera agonistica, certificato d\u2019idoneit\u00e0 agonistica di cui D.M. 18\/02\/1982.<\/p>\n\n\n\n<p>Le prescrizioni anti covid-19 alle quali attenersi organizzazione ed atleti, vengono predisposte in riferimento al sito e pubblicate nella pagina dedicata. <a href=\"http:\/\/www.aics.it\">www.aics.it<\/a>&nbsp;&nbsp; <a href=\"http:\/\/www.worldfolkvisionitalia.it\">www.worldfolkvisionitalia.it<\/a><strong><\/strong><\/p>\n\n\n\n<p>La partecipazione alle&nbsp;selezioni nazionali&nbsp;\u00e8 aperta ai tesserati AICS e di altri Enti di Promozione o Federazioni.<\/p>\n\n\n\n<p><strong>La quota d\u2019iscrizione <\/strong>alla selezione nazionale \u00e8 di \u20ac 40,00, a partecipante e 35,00 per associati Aics (sono esclusi gli accompagnatori) e dar\u00e0 la possibilit\u00e0 di partecipare con due esibizioni in differenti discipline, come Solisti, coppia o duo, piccoli gruppi (da 3 a 5) e grandi gruppi (da 6 e oltre). Per chi partecipa con il gruppo Piccolo o Grande, potr\u00e0 anche partecipare a esibizioni come solista o Duo, Coppia, Passo a Due. Per tutti quelli iscritti che volessero fare pi\u00f9 di due esibizioni \u00e8 possibile con una quota aggiuntiva a partecipante di 13\u20ac non soci e 10\u20ac associati per ogni coreografia aggiunta.<\/p>\n\n\n\n<p>Per i gruppi di Folk o Balli Popolari Italiani per agevolare la partecipazione, la direzione per l\u2019anno 2022 accetter\u00e0 l\u2019iscrizione per i gruppi fino a quindici partecipanti al costo di 200\u20ac soci, per non soci 250\u20ac, per gruppi superiori a quindici partecipanti 250\u20ac soci 300\u20ac non soci.<\/p>\n\n\n\n<p><strong>NEW 2022<\/strong> Categoria Promozionale per allievi dai 6 ai 7 anni con certificato non agonistico. Solo per questa categoria il costo per partecipare a una gara sar\u00e0 di 12\u20ac a partecipante per ogni esibizione, possono essere inseriti anche in gruppi di et\u00e0 maggiore non pi\u00f9 di uno per gruppo. Nella loro categoria saranno premiati tutti con medaglia. Per tutto il resto vale il regolamento generale. <\/p>\n\n\n\n<p><strong>NEW 2022<\/strong> Viene istituita categoria over 35,  valgono le stesse regole generali compreso la quota d&#8217;iscrizione. <\/p>\n\n\n\n<p><strong>Nel<\/strong> caso che il numero dell\u2019iscrizione fosse troppo alto, il concorso si svolger\u00e0 in due giornate questo per rispettare i protocolli di sicurezza anti Covid-19<\/p>\n\n\n\n<p><strong>Nel<\/strong> caso <strong>non <\/strong>si dovesse raggiungere un minimo d\u2019iscrizioni l\u2019organizzazione avr\u00e0 la facolt\u00e0 di decidere l\u2019annullamento del concorso, restituendo le quote d\u2019iscrizione per intero.<\/p>\n\n\n\n<p>A tutti i partecipanti sar\u00e0 consegnato un attestato di partecipazione e una targa alle Associazioni presenti.<\/p>\n\n\n\n<p>La quota dovr\u00e0 essere inviata tramite bonifico bancario a Aics Direzione Nazionale codice IBAN \u00e8:   IT 75 I 01030 03271 000061460833&nbsp; &nbsp;<strong>causale Partecipazione Alla Selezione Di\u2026\u2026\u2026\u2026<\/strong> (Inserire la Location), inviare copia bonifico tramite Iscrizione on Line che troverete nel Sito&nbsp;<a href=\"http:\/\/www.worldflkvisionitalia.it\/\">www.worldflkvisionitalia.it<\/a>&nbsp;&nbsp;&nbsp;<\/p>\n\n\n\n<p>Da questa quota sono esclusi vitto e alloggio, e spese di viaggio, tutto a carico del partecipante.<\/p>\n\n\n\n<p><strong>Nel caso di rinuncia per qualsiasi motivo anche per malattia, la quota d\u2019iscrizione versata non sar\u00e0 restituita.<\/strong><\/p>\n\n\n\n<p><strong>Premi per le selezioni nazionali<\/strong><\/p>\n\n\n\n<p>A tutti i partecipanti attestato di partecipazione, saranno premiati i primi tre classificati di ogni disciplina, premi speciali per il Talento e consegna di borse di studio per accedere alla Finale Internazionale di Montecatini Terme 8\/11 Dicembre 2022.<\/p>\n\n\n\n<p>Nel caso non si raggiungesse il minimo di<strong> due<\/strong> iscrizioni nella stessa fascia di et\u00e0, sar\u00e0 accorpata nella fascia pi\u00f9 alta. Esempio da junior ad adulti<\/p>\n\n\n\n<p>Targa di partecipazione alle associazioni di Danza iscritte<\/p>\n\n\n\n<p>Un Premio speciale di partecipazione diretta a una finale, del circuito Aics Danze e Culture Internazionali e per il Campus Cinema&amp;Danza, sar\u00e0 consegnato a descrizione della commissione Nazionale Danze Culture Internazionali.<\/p>\n\n\n\n<p><strong>Criteri di valutazione<\/strong>:<br>La giuria del concorso sar\u00e0 formata da maestri di chiara fama, i cui nomi saranno pubblicati sul sito ufficiale www.worldfolkvisionitalia.it.<br>La giuria valuter\u00e0 le esibizioni in gara con un voto da 1 a 10 compresi il mezzo punto + e \u2013 in La giuria potr\u00e0 assegnare premi speciali e borse di studio anche tra i non vincitori.<br>Le decisioni della Giuria per l\u2019assegnazione dei premi saranno definitive e senza appello.<br>Solo il capo gruppo o responsabile della scuola, per delucidazioni si potr\u00e0 solo rivolgere al Direttore gara.<\/p>\n\n\n\n<p><strong>IMPORTANTE<\/strong>-Eventuali contestazioni potranno essere accolte solo per iscritto riportando ben chiaro la motivazione con i datti di chi la presenta e firmata, il Direttore Gara si riserver\u00e0 di convocare o rispondere in tempi che riterr\u00e0 opportuno.<\/p>\n\n\n\n<p>Sono previste selezioni in varie citt\u00e0 d\u2019Italia, e una Finale Internazionale aperta a tutte le nazioni, che si terr\u00e0 al Teatro Verdi di Montecatini Terme, 08\/11 Dicembre 2022, nel corso della quale saranno proclamati i vincitori della la Finale Euro Asiatica World Festival-Competition off National Culture and Arts, Alla finale Italiana possono partecipare solo vincitori di Borsa di studio conquistate nelle selezioni, Italiane., per i partecipanti di altre nazioni tramite finali di concorso nei loro paesi o direttamente tramite richiesta a danzecultureinternazionali@aics.it<\/p>\n\n\n\n<p>La partecipazione alle selezioni \u00e8 aperta ai tesserati AICS e di altri Enti di Promozione o Federazioni, Associazioni o privati. <\/p>\n\n\n\n<p><strong>Premi per le selezioni<\/strong><\/p>\n\n\n\n<p>A tutti i partecipanti attestati di partecipazione, saranno premiati i primi tre classificati di ogni disciplina, premi speciali per il Talento e consegna di borse di studio per partecipare alla Finale Internazionale di Montecatini Terme 8\/11 Dicembre 2022.<\/p>\n\n\n\n<p>Per la categoria promozionale saranno premiati tutti con medaglia.<\/p>\n\n\n\n<p>Nel caso non si raggiungesse il minimo di <strong>due<\/strong> iscrizioni nella stessa fascia di et\u00e0, sar\u00e0 accorpata nella fascia pi\u00f9 alta. Esempio da junior a senior.<\/p>\n\n\n\n<p>Targa di partecipazione alle associazioni\ndi Danza iscritte<\/p>\n\n\n\n<p>Un Premio speciale di partecipazione diretta a una finale, del circuito Aics Danze e Culture Internazionali e per Il Campus Cinema Danza sar\u00e0 consegnato a descrizione del Responsabile Commissione Nazionale Danze Culture Internazionali.<\/p>\n\n\n\n<p class=\"has-large-font-size\"><strong>Giuria<\/strong><\/p>\n\n\n\n<div class=\"wp-block-columns\">\n<div class=\"wp-block-column\">\n<figure class=\"wp-block-image size-full\"><img loading=\"lazy\" width=\"425\" height=\"425\" src=\"https:\/\/www.worldfolkvisionitalia.it\/wp-content\/uploads\/2022\/02\/Foto-Fiorella-Nolis-edited-1.jpg\" alt=\"\" class=\"wp-image-4126\" srcset=\"https:\/\/www.worldfolkvisionitalia.it\/wp-content\/uploads\/2022\/02\/Foto-Fiorella-Nolis-edited-1.jpg 425w, https:\/\/www.worldfolkvisionitalia.it\/wp-content\/uploads\/2022\/02\/Foto-Fiorella-Nolis-edited-1-300x300.jpg 300w, https:\/\/www.worldfolkvisionitalia.it\/wp-content\/uploads\/2022\/02\/Foto-Fiorella-Nolis-edited-1-150x150.jpg 150w\" sizes=\"(max-width: 425px) 100vw, 425px\" \/><figcaption>Direzione artistica Maestra Fiorella Nolis<\/figcaption><\/figure>\n\n\n\n<p><a href=\"https:\/\/www.worldfolkvisionitalia.it\/wp-content\/uploads\/2022\/02\/Fiorella-Nolis-Curriculum-2022.pdf\">Curriculum<\/a><\/p>\n<\/div>\n\n\n\n<div class=\"wp-block-column\">\n<figure class=\"wp-block-image size-large\"><img loading=\"lazy\" width=\"1065\" height=\"1066\" src=\"https:\/\/www.worldfolkvisionitalia.it\/wp-content\/uploads\/2022\/02\/IMG-20220221-WA0009-img-edited.jpg\" alt=\"\" class=\"wp-image-4127\" srcset=\"https:\/\/www.worldfolkvisionitalia.it\/wp-content\/uploads\/2022\/02\/IMG-20220221-WA0009-img-edited.jpg 1065w, https:\/\/www.worldfolkvisionitalia.it\/wp-content\/uploads\/2022\/02\/IMG-20220221-WA0009-img-edited-300x300.jpg 300w, https:\/\/www.worldfolkvisionitalia.it\/wp-content\/uploads\/2022\/02\/IMG-20220221-WA0009-img-edited-1024x1024.jpg 1024w, https:\/\/www.worldfolkvisionitalia.it\/wp-content\/uploads\/2022\/02\/IMG-20220221-WA0009-img-edited-150x150.jpg 150w, https:\/\/www.worldfolkvisionitalia.it\/wp-content\/uploads\/2022\/02\/IMG-20220221-WA0009-img-edited-768x769.jpg 768w\" sizes=\"(max-width: 1065px) 100vw, 1065px\" \/><figcaption>Giurato &#8211; Musical Theatre Performer &#8211; Insegnante<\/figcaption><\/figure>\n\n\n\n<p><a href=\"https:\/\/www.worldfolkvisionitalia.it\/wp-content\/uploads\/2022\/02\/CV-Roberto-Colombo.pdf\">Curriculum<\/a><\/p>\n<\/div>\n\n\n\n<div class=\"wp-block-column\"><\/div>\n<\/div>\n\n\n\n<figure class=\"wp-block-gallery has-nested-images columns-default is-cropped\">\n<figure class=\"wp-block-image size-large\"><img loading=\"lazy\" width=\"720\" height=\"960\" data-id=\"4092\"  src=\"https:\/\/www.worldfolkvisionitalia.it\/wp-content\/uploads\/2022\/02\/86969510_833956397072758_8577338208835076096_n-1.jpg\" alt=\"\" class=\"wp-image-4092\" srcset=\"https:\/\/www.worldfolkvisionitalia.it\/wp-content\/uploads\/2022\/02\/86969510_833956397072758_8577338208835076096_n-1.jpg 720w, https:\/\/www.worldfolkvisionitalia.it\/wp-content\/uploads\/2022\/02\/86969510_833956397072758_8577338208835076096_n-1-225x300.jpg 225w\" sizes=\"(max-width: 720px) 100vw, 720px\" \/><figcaption>Direttore e responsabile Nazionale Aics Danze Culture Internazionali RANIERI MANFRIN<\/figcaption><\/figure>\n\n\n\n<figure class=\"wp-block-image size-large\"><img loading=\"lazy\" width=\"682\" height=\"1024\" data-id=\"4093\"  src=\"https:\/\/www.worldfolkvisionitalia.it\/wp-content\/uploads\/2022\/02\/GiannellaSensi.jpg\" alt=\"\" class=\"wp-image-4093\" srcset=\"https:\/\/www.worldfolkvisionitalia.it\/wp-content\/uploads\/2022\/02\/GiannellaSensi.jpg 682w, https:\/\/www.worldfolkvisionitalia.it\/wp-content\/uploads\/2022\/02\/GiannellaSensi-200x300.jpg 200w\" sizes=\"(max-width: 682px) 100vw, 682px\" \/><figcaption>Maestra Giannella Sensi Giudice<\/figcaption><\/figure>\n\n\n\n<figure class=\"wp-block-image size-large\"><img loading=\"lazy\" width=\"281\" height=\"498\" data-id=\"4094\"  src=\"https:\/\/www.worldfolkvisionitalia.it\/wp-content\/uploads\/2022\/02\/Alla-Zhussupova-1.jpg\" alt=\"\" class=\"wp-image-4094\" srcset=\"https:\/\/www.worldfolkvisionitalia.it\/wp-content\/uploads\/2022\/02\/Alla-Zhussupova-1.jpg 281w, https:\/\/www.worldfolkvisionitalia.it\/wp-content\/uploads\/2022\/02\/Alla-Zhussupova-1-169x300.jpg 169w\" sizes=\"(max-width: 281px) 100vw, 281px\" \/><figcaption>Maestra Alla Zhussupova Giudice<\/figcaption><\/figure>\n<\/figure>\n\n\n\n<p><\/p>\n","protected":false},"excerpt":{"rendered":"<p>LE ISRIZIONI SI APRIRANNO IL GIORNO 25 MARZO E CHIUDERANNO IL 19 APRILE IMPORTNATE NELLA SCHEDA D&#8217;ISCRIZIONE INSERIRE IN ALTO [&hellip;]<\/p>\n","protected":false},"author":1,"featured_media":0,"parent":0,"menu_order":0,"comment_status":"closed","ping_status":"closed","template":"","meta":[],"translation":{"provider":"WPGlobus","version":"2.12.2","language":"gb","enabled_languages":["it","gb"],"languages":{"it":{"title":true,"content":true,"excerpt":false},"gb":{"title":false,"content":false,"excerpt":false}}},"yoast_head":"<!-- This site is optimized with the Yoast SEO plugin v19.4 - https:\/\/yoast.com\/wordpress\/plugins\/seo\/ -->\n<title>Pieve Emanuele 2022 - World Folk Vision Italia<\/title>\n<meta name=\"robots\" content=\"index, follow, max-snippet:-1, max-image-preview:large, max-video-preview:-1\" \/>\n<link rel=\"canonical\" href=\"https:\/\/www.worldfolkvisionitalia.it\/selezione-2022-30-aprile-1-maggio-pieve-emanuele\/\" \/>\n<meta property=\"og:locale\" content=\"en_GB\" \/>\n<meta property=\"og:type\" content=\"article\" \/>\n<meta property=\"og:title\" content=\"Pieve Emanuele 2022 - World Folk Vision Italia\" \/>\n<meta property=\"og:url\" content=\"https:\/\/www.worldfolkvisionitalia.it\/selezione-2022-30-aprile-1-maggio-pieve-emanuele\/\" \/>\n<meta property=\"og:site_name\" content=\"World Folk Vision Italia\" \/>\n<meta property=\"article:modified_time\" content=\"2022-05-09T12:01:48+00:00\" \/>\n<meta property=\"og:image\" content=\"https:\/\/www.worldfolkvisionitalia.it\/wp-content\/uploads\/2022\/03\/LocandinaPieveEmanuele6.jpg\" \/>\n<meta name=\"twitter:card\" content=\"summary_large_image\" \/>\n<meta name=\"twitter:label1\" content=\"Est. reading time\" \/>\n\t<meta name=\"twitter:data1\" content=\"8 minutes\" \/>\n<script type=\"application\/ld+json\" class=\"yoast-schema-graph\">{\"@context\":\"https:\/\/schema.org\",\"@graph\":[{\"@type\":\"Organization\",\"@id\":\"https:\/\/www.worldfolkvisionitalia.it\/#organization\",\"name\":\"World Folk Vision Italia\",\"url\":\"https:\/\/www.worldfolkvisionitalia.it\/\",\"sameAs\":[],\"logo\":{\"@type\":\"ImageObject\",\"inLanguage\":\"en-GB\",\"@id\":\"https:\/\/www.worldfolkvisionitalia.it\/#\/schema\/logo\/image\/\",\"url\":\"https:\/\/www.worldfolkvisionitalia.it\/wp-content\/uploads\/2024\/02\/cropped-WDC_final_pos-02-e1706888538326.png\",\"contentUrl\":\"https:\/\/www.worldfolkvisionitalia.it\/wp-content\/uploads\/2024\/02\/cropped-WDC_final_pos-02-e1706888538326.png\",\"width\":300,\"height\":109,\"caption\":\"World Folk Vision Italia\"},\"image\":{\"@id\":\"https:\/\/www.worldfolkvisionitalia.it\/#\/schema\/logo\/image\/\"}},{\"@type\":\"WebSite\",\"@id\":\"https:\/\/www.worldfolkvisionitalia.it\/#website\",\"url\":\"https:\/\/www.worldfolkvisionitalia.it\/\",\"name\":\"World Folk Vision Italia\",\"description\":\"\",\"publisher\":{\"@id\":\"https:\/\/www.worldfolkvisionitalia.it\/#organization\"},\"potentialAction\":[{\"@type\":\"SearchAction\",\"target\":{\"@type\":\"EntryPoint\",\"urlTemplate\":\"https:\/\/www.worldfolkvisionitalia.it\/?s={search_term_string}\"},\"query-input\":\"required name=search_term_string\"}],\"inLanguage\":\"en-GB\"},{\"@type\":\"WebPage\",\"@id\":\"https:\/\/www.worldfolkvisionitalia.it\/selezione-2022-30-aprile-1-maggio-pieve-emanuele\/\",\"url\":\"https:\/\/www.worldfolkvisionitalia.it\/selezione-2022-30-aprile-1-maggio-pieve-emanuele\/\",\"name\":\"Pieve Emanuele 2022 - World Folk Vision Italia\",\"isPartOf\":{\"@id\":\"https:\/\/www.worldfolkvisionitalia.it\/#website\"},\"datePublished\":\"2022-02-08T16:00:35+00:00\",\"dateModified\":\"2022-05-09T12:01:48+00:00\",\"description\":\"selezione 2022 30 aprile 1 maggio Pieve Emanuele - AICS danze e culture internazionali - world folk vision italia - un ponte tra i popoli\",\"breadcrumb\":{\"@id\":\"https:\/\/www.worldfolkvisionitalia.it\/selezione-2022-30-aprile-1-maggio-pieve-emanuele\/#breadcrumb\"},\"inLanguage\":\"en-GB\",\"potentialAction\":[{\"@type\":\"ReadAction\",\"target\":[\"https:\/\/www.worldfolkvisionitalia.it\/selezione-2022-30-aprile-1-maggio-pieve-emanuele\/\"]}]},{\"@type\":\"BreadcrumbList\",\"@id\":\"https:\/\/www.worldfolkvisionitalia.it\/selezione-2022-30-aprile-1-maggio-pieve-emanuele\/#breadcrumb\",\"itemListElement\":[{\"@type\":\"ListItem\",\"position\":1,\"name\":\"Home\",\"item\":\"https:\/\/www.worldfolkvisionitalia.it\/\"},{\"@type\":\"ListItem\",\"position\":2,\"name\":\"Pieve Emanuele 2022\"}]}]}<\/script>\n<!-- \/ Yoast SEO plugin. -->","yoast_head_json":{"title":"Pieve Emanuele 2022 - World Folk Vision Italia","robots":{"index":"index","follow":"follow","max-snippet":"max-snippet:-1","max-image-preview":"max-image-preview:large","max-video-preview":"max-video-preview:-1"},"canonical":"https:\/\/www.worldfolkvisionitalia.it\/selezione-2022-30-aprile-1-maggio-pieve-emanuele\/","og_locale":"en_GB","og_type":"article","og_title":"Pieve Emanuele 2022 - World Folk Vision Italia","og_url":"https:\/\/www.worldfolkvisionitalia.it\/selezione-2022-30-aprile-1-maggio-pieve-emanuele\/","og_site_name":"World Folk Vision Italia","article_modified_time":"2022-05-09T12:01:48+00:00","og_image":[{"url":"https:\/\/www.worldfolkvisionitalia.it\/wp-content\/uploads\/2022\/03\/LocandinaPieveEmanuele6.jpg"}],"twitter_card":"summary_large_image","twitter_misc":{"Est. reading time":"8 minutes"},"schema":{"@context":"https:\/\/schema.org","@graph":[{"@type":"Organization","@id":"https:\/\/www.worldfolkvisionitalia.it\/#organization","name":"World Folk Vision Italia","url":"https:\/\/www.worldfolkvisionitalia.it\/","sameAs":[],"logo":{"@type":"ImageObject","inLanguage":"en-GB","@id":"https:\/\/www.worldfolkvisionitalia.it\/#\/schema\/logo\/image\/","url":"https:\/\/www.worldfolkvisionitalia.it\/wp-content\/uploads\/2024\/02\/cropped-WDC_final_pos-02-e1706888538326.png","contentUrl":"https:\/\/www.worldfolkvisionitalia.it\/wp-content\/uploads\/2024\/02\/cropped-WDC_final_pos-02-e1706888538326.png","width":300,"height":109,"caption":"World Folk Vision Italia"},"image":{"@id":"https:\/\/www.worldfolkvisionitalia.it\/#\/schema\/logo\/image\/"}},{"@type":"WebSite","@id":"https:\/\/www.worldfolkvisionitalia.it\/#website","url":"https:\/\/www.worldfolkvisionitalia.it\/","name":"World Folk Vision Italia","description":"","publisher":{"@id":"https:\/\/www.worldfolkvisionitalia.it\/#organization"},"potentialAction":[{"@type":"SearchAction","target":{"@type":"EntryPoint","urlTemplate":"https:\/\/www.worldfolkvisionitalia.it\/?s={search_term_string}"},"query-input":"required name=search_term_string"}],"inLanguage":"en-GB"},{"@type":"WebPage","@id":"https:\/\/www.worldfolkvisionitalia.it\/selezione-2022-30-aprile-1-maggio-pieve-emanuele\/","url":"https:\/\/www.worldfolkvisionitalia.it\/selezione-2022-30-aprile-1-maggio-pieve-emanuele\/","name":"Pieve Emanuele 2022 - World Folk Vision Italia","isPartOf":{"@id":"https:\/\/www.worldfolkvisionitalia.it\/#website"},"datePublished":"2022-02-08T16:00:35+00:00","dateModified":"2022-05-09T12:01:48+00:00","description":"selezione 2022 30 aprile 1 maggio Pieve Emanuele - AICS danze e culture internazionali - world folk vision italia - un ponte tra i popoli","breadcrumb":{"@id":"https:\/\/www.worldfolkvisionitalia.it\/selezione-2022-30-aprile-1-maggio-pieve-emanuele\/#breadcrumb"},"inLanguage":"en-GB","potentialAction":[{"@type":"ReadAction","target":["https:\/\/www.worldfolkvisionitalia.it\/selezione-2022-30-aprile-1-maggio-pieve-emanuele\/"]}]},{"@type":"BreadcrumbList","@id":"https:\/\/www.worldfolkvisionitalia.it\/selezione-2022-30-aprile-1-maggio-pieve-emanuele\/#breadcrumb","itemListElement":[{"@type":"ListItem","position":1,"name":"Home","item":"https:\/\/www.worldfolkvisionitalia.it\/"},{"@type":"ListItem","position":2,"name":"Pieve Emanuele 2022"}]}]}},"_links":{"self":[{"href":"https:\/\/www.worldfolkvisionitalia.it\/gb\/wp-json\/wp\/v2\/pages\/4062"}],"collection":[{"href":"https:\/\/www.worldfolkvisionitalia.it\/gb\/wp-json\/wp\/v2\/pages"}],"about":[{"href":"https:\/\/www.worldfolkvisionitalia.it\/gb\/wp-json\/wp\/v2\/types\/page"}],"author":[{"embeddable":true,"href":"https:\/\/www.worldfolkvisionitalia.it\/gb\/wp-json\/wp\/v2\/users\/1"}],"replies":[{"embeddable":true,"href":"https:\/\/www.worldfolkvisionitalia.it\/gb\/wp-json\/wp\/v2\/comments?post=4062"}],"version-history":[{"count":16,"href":"https:\/\/www.worldfolkvisionitalia.it\/gb\/wp-json\/wp\/v2\/pages\/4062\/revisions"}],"predecessor-version":[{"id":4459,"href":"https:\/\/www.worldfolkvisionitalia.it\/gb\/wp-json\/wp\/v2\/pages\/4062\/revisions\/4459"}],"wp:attachment":[{"href":"https:\/\/www.worldfolkvisionitalia.it\/gb\/wp-json\/wp\/v2\/media?parent=4062"}],"curies":[{"name":"wp","href":"https:\/\/api.w.org\/{rel}","templated":true}]}}