{"id":5140,"date":"2023-01-25T18:00:32","date_gmt":"2023-01-25T18:00:32","guid":{"rendered":"https:\/\/www.worldfolkvisionitalia.it\/?page_id=5140"},"modified":"2024-05-01T18:28:34","modified_gmt":"2024-05-01T18:28:34","slug":"foligno-29-30-04-23","status":"publish","type":"page","link":"https:\/\/www.worldfolkvisionitalia.it\/gb\/foligno-29-30-04-23\/","title":{"rendered":"Foligno 4\/5\/Maggio\/2024 Auditorium San Domenico"},"content":{"rendered":"\n<p><strong>Le iscrizioni sono aperte e chiuderanno il 15 ( la chiusura \u00e8 stata spostata al 20) di Aprile<\/strong> ( Andare nella piattaforma iscrizione trovate pi\u00f9 in basso, se partecipate a tutte due dovrete fare una doppia iscrizione, importante indicare a quale manifestazione vi iscrive indicato all&#8217;inizio della pagina della piattaforma nella tendina.<\/p>\n\n\n\n<p>Per tutte le info prima dell&#8217;evento verr\u00e0 creata una pagina su whatsApp per tutti gli iscritti.<\/p>\n\n\n\n<h2>04 Maggio 15\u00b0 Rassegna di Danza Aspettando la Primavera <\/h2>\n\n\n\n<p>Discipline ammesse Danza Classica, Danza Moderna, Contemporanea e Hip Hop<\/p>\n\n\n\n<p>Le Musiche vanno inviate alla email di Gabriele Gargiulo mail@gabrielegargiulo.it<\/p>\n\n\n\n<div class=\"wp-container-1 wp-block-buttons\">\n<div class=\"wp-block-button aligncenter is-style-outline\"><a class=\"wp-block-button__link has-text-color\" href=\"https:\/\/campionati.aics.it\/danza-internazionale\/\" style=\"border-radius:5px;color:#024aad\" target=\"_blank\" rel=\"noreferrer noopener\">ISCRIZIONI<\/a><\/div>\n\n\n\n<div class=\"wp-block-button is-style-outline\"><a class=\"wp-block-button__link has-text-color\" href=\"https:\/\/www.worldfolkvisionitalia.it\/regolamento-rassegna\/\" style=\"border-radius:5px;color:#19a974\" target=\"_blank\" rel=\"noreferrer noopener\">Regolamento RASSEGNA<\/a><\/div>\n<\/div>\n\n\n\n<p>Programma di massima suscettibile di modifiche, Master class di Hip Hop con il Maestro Giuseppe Meli ore 15,00 alle ore 16 Danza Classica con la Maestra Lola Fejzo il  tutto si svolger\u00e0 presso la sala del santa Caterina 300 circa da Auditorium San Domenico. Dalle ore 17,30, alle ore 18,30 prove palco, solo spazzi senza musica.  Inizio Rassegna ore 19 ,45. All&#8217;interno del Teatro ci sar\u00e0 servizio fotografico \u00e8 curato da Foto Eventi e <strong>Non sar\u00e0 possibile fare ne foto ne video<\/strong> se non dal personale autorizzato. Biglietto d&#8217;entrata intero 10 euro ridotto 8 euro <\/p>\n\n\n\n<h2>05 Maggio 2\u00b0 Concorso Danza Citt\u00e0 di Foligno <\/h2>\n\n\n\n<p>Discipline ammesse Danza Classica, Danza Moderna, Contemporanea,  Hip Hop e Fantasy, Danza Orientale, Show Latino e Caraibico (Nella Disciplina fantasy  si possono eseguire tutti i tipi di danza, si deve raccontare una storia, il costume deve essere inerente al tema, \u00e8 possibile portare in scena delle piccole scenografie trasportate dal concorrente e sono ammessi passaggi acrobatici)<\/p>\n\n\n\n<p>Le Musiche vanno inviate alla email di Gabriele Gargiulo mail@gabrielegargiulo.it<\/p>\n\n\n\n<div class=\"wp-container-2 wp-block-buttons\">\n<div class=\"wp-block-button aligncenter is-style-outline\"><a class=\"wp-block-button__link has-text-color\" href=\"https:\/\/campionati.aics.it\/danza-internazionale\/\" style=\"border-radius:5px;color:#024aad\" target=\"_blank\" rel=\"noreferrer noopener\">ISCRIZIONI<\/a><\/div>\n\n\n\n<div class=\"wp-block-button is-style-outline\"><a class=\"wp-block-button__link has-luminous-vivid-orange-color has-text-color\" href=\"https:\/\/www.worldfolkvisionitalia.it\/regolamento-concorso-danza\/\" style=\"border-radius:6px\" target=\"_blank\" rel=\"noreferrer noopener\">Regolamento CONCORSO DANZA<\/a><\/div>\n<\/div>\n\n\n\n<p>Programma di massima suscettibile di modifiche, Master class dalle ore 10 alle ore 12,00 Presso il santa Caterina, Danza classica con la Maestra Lola Fejzo a seguire, Contemporanea con la Maestra Giulia Molinari inizio concorso circa ore 14 servizio fotografico \u00e8 curato da Foto Eventi e <strong>Non sar\u00e0 possibile fare ne foto ne video<\/strong> se non dal personale autorizzato. Biglietto d&#8217;entrata intero 10 euro ridotto 8.<\/p>\n\n\n\n<h2>Nei due giorni si terranno master class comprese nel costo d&#8217;iscrizione<\/h2>\n\n\n\n<p><strong>Saranno tenute dalla Maestra<\/strong>\/o<\/p>\n\n\n\n<p><strong>Danza Contemporanea<\/strong> <strong>Giulia Molinari<\/strong><\/p>\n\n\n\n<p><strong>Danza Classica Lola Fejzo<\/strong><\/p>\n\n\n\n<p><strong>Hip Hop<\/strong> <strong>Giuseppe Meli<\/strong><\/p>\n\n\n\n<h2>Chi partecipa sia alla Rassegna che al Concorso verr\u00e0 applicato uno sconto 20% sulle coreografie.<\/h2>\n\n\n\n<p>Le borsa al 50% consegnata in altre tappe, \u00e8 valida solo per il concorso, chi volesse partecipare anche alla rassegna lo pu\u00f2 fare ma pagando per intero il costo d&#8217;iscrizione, per la rassegna. Per chi partecipa con una borsa  al 50% non pu\u00f2 usufruire di altri sconti.<\/p>\n\n\n\n<figure class=\"wp-block-gallery has-nested-images columns-default is-cropped\">\n<figure class=\"wp-block-image size-large\"><img loading=\"lazy\" width=\"474\" height=\"263\" data-id=\"5159\"  src=\"https:\/\/www.worldfolkvisionitalia.it\/wp-content\/uploads\/2023\/01\/San-Domenici.jpg\" alt=\"\" class=\"wp-image-5159\" srcset=\"https:\/\/www.worldfolkvisionitalia.it\/wp-content\/uploads\/2023\/01\/San-Domenici.jpg 474w, https:\/\/www.worldfolkvisionitalia.it\/wp-content\/uploads\/2023\/01\/San-Domenici-300x166.jpg 300w\" sizes=\"(max-width: 474px) 100vw, 474px\" \/><\/figure>\n\n\n\n<figure class=\"wp-block-image size-large\"><img loading=\"lazy\" width=\"474\" height=\"316\" data-id=\"5160\"  src=\"https:\/\/www.worldfolkvisionitalia.it\/wp-content\/uploads\/2023\/01\/San-Domenico-2.jpg\" alt=\"\" class=\"wp-image-5160\" srcset=\"https:\/\/www.worldfolkvisionitalia.it\/wp-content\/uploads\/2023\/01\/San-Domenico-2.jpg 474w, https:\/\/www.worldfolkvisionitalia.it\/wp-content\/uploads\/2023\/01\/San-Domenico-2-300x200.jpg 300w\" sizes=\"(max-width: 474px) 100vw, 474px\" \/><\/figure>\n\n\n\n<figure class=\"wp-block-image size-large\"><img loading=\"lazy\" width=\"474\" height=\"316\" data-id=\"5161\"  src=\"https:\/\/www.worldfolkvisionitalia.it\/wp-content\/uploads\/2023\/01\/San-Domenico-3.jpg\" alt=\"\" class=\"wp-image-5161\" srcset=\"https:\/\/www.worldfolkvisionitalia.it\/wp-content\/uploads\/2023\/01\/San-Domenico-3.jpg 474w, https:\/\/www.worldfolkvisionitalia.it\/wp-content\/uploads\/2023\/01\/San-Domenico-3-300x200.jpg 300w\" sizes=\"(max-width: 474px) 100vw, 474px\" \/><\/figure>\n<\/figure>\n\n\n\n<h2>Componenti della Giuria <\/h2>\n\n\n\n<figure class=\"wp-block-gallery has-nested-images columns-default is-cropped\">\n<figure class=\"wp-block-image size-large\"><img loading=\"lazy\" width=\"824\" height=\"1024\" data-id=\"6140\"  src=\"https:\/\/www.worldfolkvisionitalia.it\/wp-content\/uploads\/2023\/09\/IMG_2840-824x1024.jpg\" alt=\"\" class=\"wp-image-6140\" srcset=\"https:\/\/www.worldfolkvisionitalia.it\/wp-content\/uploads\/2023\/09\/IMG_2840-824x1024.jpg 824w, https:\/\/www.worldfolkvisionitalia.it\/wp-content\/uploads\/2023\/09\/IMG_2840-241x300.jpg 241w, https:\/\/www.worldfolkvisionitalia.it\/wp-content\/uploads\/2023\/09\/IMG_2840-768x954.jpg 768w, https:\/\/www.worldfolkvisionitalia.it\/wp-content\/uploads\/2023\/09\/IMG_2840.jpg 1179w\" sizes=\"(max-width: 824px) 100vw, 824px\" \/><figcaption><strong>Maestra Lola Fejzo \u2022 Gi\u00e0 Prima Ballerina del Teatro dell\u2019Opera di Tirana Albania<\/strong><\/figcaption><\/figure>\n\n\n\n<figure class=\"wp-block-image size-full\"><img loading=\"lazy\" width=\"272\" height=\"272\" data-id=\"6967\"  src=\"https:\/\/www.worldfolkvisionitalia.it\/wp-content\/uploads\/2024\/03\/IMG-20240306-WA0004.jpg\" alt=\"\" class=\"wp-image-6967\" srcset=\"https:\/\/www.worldfolkvisionitalia.it\/wp-content\/uploads\/2024\/03\/IMG-20240306-WA0004.jpg 272w, https:\/\/www.worldfolkvisionitalia.it\/wp-content\/uploads\/2024\/03\/IMG-20240306-WA0004-150x150.jpg 150w\" sizes=\"(max-width: 272px) 100vw, 272px\" \/><figcaption><strong>Maestra Giulia Molinari <\/strong><\/figcaption><\/figure>\n\n\n\n<figure class=\"wp-block-image size-full\"><img loading=\"lazy\" width=\"480\" height=\"480\" data-id=\"6691\"  src=\"https:\/\/www.worldfolkvisionitalia.it\/wp-content\/uploads\/2024\/01\/Giuseppe-Meli.jpg\" alt=\"\" class=\"wp-image-6691\" srcset=\"https:\/\/www.worldfolkvisionitalia.it\/wp-content\/uploads\/2024\/01\/Giuseppe-Meli.jpg 480w, https:\/\/www.worldfolkvisionitalia.it\/wp-content\/uploads\/2024\/01\/Giuseppe-Meli-300x300.jpg 300w, https:\/\/www.worldfolkvisionitalia.it\/wp-content\/uploads\/2024\/01\/Giuseppe-Meli-150x150.jpg 150w\" sizes=\"(max-width: 480px) 100vw, 480px\" \/><figcaption><strong>Maestro Giuseppe Meli<\/strong> <strong>Hip Hop<\/strong><\/figcaption><\/figure>\n<\/figure>\n\n\n\n<figure class=\"wp-block-gallery has-nested-images columns-default is-cropped\">\n<figure class=\"wp-block-image size-full\"><img loading=\"lazy\" width=\"682\" height=\"1024\" data-id=\"4373\"  src=\"https:\/\/www.worldfolkvisionitalia.it\/wp-content\/uploads\/2022\/04\/GiannellaSensi-1.jpg\" alt=\"\" class=\"wp-image-4373\" srcset=\"https:\/\/www.worldfolkvisionitalia.it\/wp-content\/uploads\/2022\/04\/GiannellaSensi-1.jpg 682w, https:\/\/www.worldfolkvisionitalia.it\/wp-content\/uploads\/2022\/04\/GiannellaSensi-1-200x300.jpg 200w\" sizes=\"(max-width: 682px) 100vw, 682px\" \/><figcaption>Maestra Giannella Sensi Giudice <\/figcaption><\/figure>\n\n\n\n<figure class=\"wp-block-image size-large\"><img loading=\"lazy\" width=\"1024\" height=\"1024\" data-id=\"6772\"  src=\"https:\/\/www.worldfolkvisionitalia.it\/wp-content\/uploads\/2024\/02\/WDC_select_pos_AICS-03-3-1024x1024.png\" alt=\"\" class=\"wp-image-6772\" srcset=\"https:\/\/www.worldfolkvisionitalia.it\/wp-content\/uploads\/2024\/02\/WDC_select_pos_AICS-03-3-1024x1024.png 1024w, https:\/\/www.worldfolkvisionitalia.it\/wp-content\/uploads\/2024\/02\/WDC_select_pos_AICS-03-3-300x300.png 300w, https:\/\/www.worldfolkvisionitalia.it\/wp-content\/uploads\/2024\/02\/WDC_select_pos_AICS-03-3-150x150.png 150w, https:\/\/www.worldfolkvisionitalia.it\/wp-content\/uploads\/2024\/02\/WDC_select_pos_AICS-03-3-768x768.png 768w, https:\/\/www.worldfolkvisionitalia.it\/wp-content\/uploads\/2024\/02\/WDC_select_pos_AICS-03-3-1536x1536.png 1536w, https:\/\/www.worldfolkvisionitalia.it\/wp-content\/uploads\/2024\/02\/WDC_select_pos_AICS-03-3-2048x2048.png 2048w\" sizes=\"(max-width: 1024px) 100vw, 1024px\" \/><\/figure>\n\n\n\n<figure class=\"wp-block-image size-large\"><img loading=\"lazy\" width=\"720\" height=\"960\" data-id=\"4024\"  src=\"https:\/\/www.worldfolkvisionitalia.it\/wp-content\/uploads\/2022\/01\/86969510_833956397072758_8577338208835076096_n.jpg\" alt=\"\" class=\"wp-image-4024\" srcset=\"https:\/\/www.worldfolkvisionitalia.it\/wp-content\/uploads\/2022\/01\/86969510_833956397072758_8577338208835076096_n.jpg 720w, https:\/\/www.worldfolkvisionitalia.it\/wp-content\/uploads\/2022\/01\/86969510_833956397072758_8577338208835076096_n-225x300.jpg 225w\" sizes=\"(max-width: 720px) 100vw, 720px\" \/><figcaption>Responsabile Nazionale Ranieri Manfrin Direttore Gara<\/figcaption><\/figure>\n<\/figure>\n\n\n\n<h2>Direzione Artistica Curata da Fattorini Loredana e Lorena Cerretti la quale sar\u00e0 Direttore Palco<\/h2>\n\n\n\n<h2>Segreteria curata da Gabriele Gargiulo<\/h2>\n\n\n\n<p><strong>La Rassegna Danza di sabato 4 Maggio sar\u00e0 presentata da Elisabetta Scanssellati e il Concorso Danza del 5 maggio da Lisa Chiavini<\/strong><\/p>\n\n\n\n<figure class=\"wp-block-image size-full is-resized\"><img loading=\"lazy\" src=\"https:\/\/www.worldfolkvisionitalia.it\/wp-content\/uploads\/2023\/04\/IMG-20230426-WA0047.jpg\" alt=\"\" class=\"wp-image-5530\" width=\"401\" height=\"344\"\/><figcaption><strong>Presenta Elisabetta Scanssellati giornalista Ansa e<\/strong><br><strong> speaker presso Erreti Radio Tadino<\/strong><\/figcaption><\/figure>\n\n\n\n<figure class=\"wp-block-image size-large is-resized\"><img loading=\"lazy\" src=\"https:\/\/www.worldfolkvisionitalia.it\/wp-content\/uploads\/2024\/04\/Immagine-WhatsApp-2024-04-17-ore-18.02.20_fd5f5d88-1019x1024.jpg\" alt=\"\" class=\"wp-image-7086\" width=\"405\" height=\"407\" srcset=\"https:\/\/www.worldfolkvisionitalia.it\/wp-content\/uploads\/2024\/04\/Immagine-WhatsApp-2024-04-17-ore-18.02.20_fd5f5d88-1019x1024.jpg 1019w, https:\/\/www.worldfolkvisionitalia.it\/wp-content\/uploads\/2024\/04\/Immagine-WhatsApp-2024-04-17-ore-18.02.20_fd5f5d88-298x300.jpg 298w, https:\/\/www.worldfolkvisionitalia.it\/wp-content\/uploads\/2024\/04\/Immagine-WhatsApp-2024-04-17-ore-18.02.20_fd5f5d88-150x150.jpg 150w, https:\/\/www.worldfolkvisionitalia.it\/wp-content\/uploads\/2024\/04\/Immagine-WhatsApp-2024-04-17-ore-18.02.20_fd5f5d88-768x772.jpg 768w, https:\/\/www.worldfolkvisionitalia.it\/wp-content\/uploads\/2024\/04\/Immagine-WhatsApp-2024-04-17-ore-18.02.20_fd5f5d88-300x300.jpg 300w, https:\/\/www.worldfolkvisionitalia.it\/wp-content\/uploads\/2024\/04\/Immagine-WhatsApp-2024-04-17-ore-18.02.20_fd5f5d88.jpg 1179w\" sizes=\"(max-width: 405px) 100vw, 405px\" \/><figcaption><strong>Lisa Chiavini: cantante, presentatrice e speaker radiofonica<\/strong><\/figcaption><\/figure>\n\n\n\n<h2>I Partner dell&#8217;evento saranno presenti con il loro stand.<\/h2>\n\n\n\n<figure class=\"wp-block-gallery has-nested-images columns-default is-cropped\">\n<figure class=\"wp-block-image size-large\"><img loading=\"lazy\" width=\"1181\" height=\"1181\" data-id=\"5472\"  src=\"https:\/\/www.worldfolkvisionitalia.it\/wp-content\/uploads\/2023\/04\/logo-SF.png\" alt=\"\" class=\"wp-image-5472\" srcset=\"https:\/\/www.worldfolkvisionitalia.it\/wp-content\/uploads\/2023\/04\/logo-SF.png 1181w, https:\/\/www.worldfolkvisionitalia.it\/wp-content\/uploads\/2023\/04\/logo-SF-300x300.png 300w, https:\/\/www.worldfolkvisionitalia.it\/wp-content\/uploads\/2023\/04\/logo-SF-1024x1024.png 1024w, https:\/\/www.worldfolkvisionitalia.it\/wp-content\/uploads\/2023\/04\/logo-SF-150x150.png 150w, https:\/\/www.worldfolkvisionitalia.it\/wp-content\/uploads\/2023\/04\/logo-SF-768x768.png 768w\" sizes=\"(max-width: 1181px) 100vw, 1181px\" \/><\/figure>\n<\/figure>\n","protected":false},"excerpt":{"rendered":"<p>Le iscrizioni sono aperte e chiuderanno il 15 ( la chiusura \u00e8 stata spostata al 20) di Aprile ( Andare [&hellip;]<\/p>\n","protected":false},"author":1,"featured_media":0,"parent":0,"menu_order":0,"comment_status":"closed","ping_status":"closed","template":"","meta":[],"translation":{"provider":"WPGlobus","version":"2.12.2","language":"gb","enabled_languages":["it","gb"],"languages":{"it":{"title":true,"content":true,"excerpt":false},"gb":{"title":false,"content":false,"excerpt":false}}},"yoast_head":"<!-- This site is optimized with the Yoast SEO plugin v19.4 - https:\/\/yoast.com\/wordpress\/plugins\/seo\/ -->\n<title>Foligno 4\/5\/Maggio\/2024 Auditorium San Domenico - World Folk Vision Italia<\/title>\n<meta name=\"robots\" content=\"index, follow, max-snippet:-1, max-image-preview:large, max-video-preview:-1\" \/>\n<link rel=\"canonical\" href=\"https:\/\/www.worldfolkvisionitalia.it\/foligno-29-30-04-23\/\" \/>\n<meta property=\"og:locale\" content=\"en_GB\" \/>\n<meta property=\"og:type\" content=\"article\" \/>\n<meta property=\"og:title\" content=\"Foligno 4\/5\/Maggio\/2024 Auditorium San Domenico - World Folk Vision Italia\" \/>\n<meta property=\"og:url\" content=\"https:\/\/www.worldfolkvisionitalia.it\/foligno-29-30-04-23\/\" \/>\n<meta property=\"og:site_name\" content=\"World Folk Vision Italia\" \/>\n<meta property=\"article:modified_time\" content=\"2024-05-01T18:28:34+00:00\" \/>\n<meta property=\"og:image\" content=\"https:\/\/www.worldfolkvisionitalia.it\/wp-content\/uploads\/2023\/01\/San-Domenici.jpg\" \/>\n<meta name=\"twitter:card\" content=\"summary_large_image\" \/>\n<meta name=\"twitter:label1\" content=\"Est. reading time\" \/>\n\t<meta name=\"twitter:data1\" content=\"6 minutes\" \/>\n<script type=\"application\/ld+json\" class=\"yoast-schema-graph\">{\"@context\":\"https:\/\/schema.org\",\"@graph\":[{\"@type\":\"Organization\",\"@id\":\"https:\/\/www.worldfolkvisionitalia.it\/#organization\",\"name\":\"World Folk Vision Italia\",\"url\":\"https:\/\/www.worldfolkvisionitalia.it\/\",\"sameAs\":[],\"logo\":{\"@type\":\"ImageObject\",\"inLanguage\":\"en-GB\",\"@id\":\"https:\/\/www.worldfolkvisionitalia.it\/#\/schema\/logo\/image\/\",\"url\":\"https:\/\/www.worldfolkvisionitalia.it\/wp-content\/uploads\/2024\/02\/cropped-WDC_final_pos-02-e1706888538326.png\",\"contentUrl\":\"https:\/\/www.worldfolkvisionitalia.it\/wp-content\/uploads\/2024\/02\/cropped-WDC_final_pos-02-e1706888538326.png\",\"width\":300,\"height\":109,\"caption\":\"World Folk Vision Italia\"},\"image\":{\"@id\":\"https:\/\/www.worldfolkvisionitalia.it\/#\/schema\/logo\/image\/\"}},{\"@type\":\"WebSite\",\"@id\":\"https:\/\/www.worldfolkvisionitalia.it\/#website\",\"url\":\"https:\/\/www.worldfolkvisionitalia.it\/\",\"name\":\"World Folk Vision Italia\",\"description\":\"\",\"publisher\":{\"@id\":\"https:\/\/www.worldfolkvisionitalia.it\/#organization\"},\"potentialAction\":[{\"@type\":\"SearchAction\",\"target\":{\"@type\":\"EntryPoint\",\"urlTemplate\":\"https:\/\/www.worldfolkvisionitalia.it\/?s={search_term_string}\"},\"query-input\":\"required name=search_term_string\"}],\"inLanguage\":\"en-GB\"},{\"@type\":\"WebPage\",\"@id\":\"https:\/\/www.worldfolkvisionitalia.it\/foligno-29-30-04-23\/\",\"url\":\"https:\/\/www.worldfolkvisionitalia.it\/foligno-29-30-04-23\/\",\"name\":\"Foligno 4\/5\/Maggio\/2024 Auditorium San Domenico - World Folk Vision Italia\",\"isPartOf\":{\"@id\":\"https:\/\/www.worldfolkvisionitalia.it\/#website\"},\"datePublished\":\"2023-01-25T18:00:32+00:00\",\"dateModified\":\"2024-05-01T18:28:34+00:00\",\"breadcrumb\":{\"@id\":\"https:\/\/www.worldfolkvisionitalia.it\/foligno-29-30-04-23\/#breadcrumb\"},\"inLanguage\":\"en-GB\",\"potentialAction\":[{\"@type\":\"ReadAction\",\"target\":[\"https:\/\/www.worldfolkvisionitalia.it\/foligno-29-30-04-23\/\"]}]},{\"@type\":\"BreadcrumbList\",\"@id\":\"https:\/\/www.worldfolkvisionitalia.it\/foligno-29-30-04-23\/#breadcrumb\",\"itemListElement\":[{\"@type\":\"ListItem\",\"position\":1,\"name\":\"Home\",\"item\":\"https:\/\/www.worldfolkvisionitalia.it\/\"},{\"@type\":\"ListItem\",\"position\":2,\"name\":\"Foligno 4\/5\/Maggio\/2024 Auditorium San Domenico\"}]}]}<\/script>\n<!-- \/ Yoast SEO plugin. -->","yoast_head_json":{"title":"Foligno 4\/5\/Maggio\/2024 Auditorium San Domenico - World Folk Vision Italia","robots":{"index":"index","follow":"follow","max-snippet":"max-snippet:-1","max-image-preview":"max-image-preview:large","max-video-preview":"max-video-preview:-1"},"canonical":"https:\/\/www.worldfolkvisionitalia.it\/foligno-29-30-04-23\/","og_locale":"en_GB","og_type":"article","og_title":"Foligno 4\/5\/Maggio\/2024 Auditorium San Domenico - World Folk Vision Italia","og_url":"https:\/\/www.worldfolkvisionitalia.it\/foligno-29-30-04-23\/","og_site_name":"World Folk Vision Italia","article_modified_time":"2024-05-01T18:28:34+00:00","og_image":[{"url":"https:\/\/www.worldfolkvisionitalia.it\/wp-content\/uploads\/2023\/01\/San-Domenici.jpg"}],"twitter_card":"summary_large_image","twitter_misc":{"Est. reading time":"6 minutes"},"schema":{"@context":"https:\/\/schema.org","@graph":[{"@type":"Organization","@id":"https:\/\/www.worldfolkvisionitalia.it\/#organization","name":"World Folk Vision Italia","url":"https:\/\/www.worldfolkvisionitalia.it\/","sameAs":[],"logo":{"@type":"ImageObject","inLanguage":"en-GB","@id":"https:\/\/www.worldfolkvisionitalia.it\/#\/schema\/logo\/image\/","url":"https:\/\/www.worldfolkvisionitalia.it\/wp-content\/uploads\/2024\/02\/cropped-WDC_final_pos-02-e1706888538326.png","contentUrl":"https:\/\/www.worldfolkvisionitalia.it\/wp-content\/uploads\/2024\/02\/cropped-WDC_final_pos-02-e1706888538326.png","width":300,"height":109,"caption":"World Folk Vision Italia"},"image":{"@id":"https:\/\/www.worldfolkvisionitalia.it\/#\/schema\/logo\/image\/"}},{"@type":"WebSite","@id":"https:\/\/www.worldfolkvisionitalia.it\/#website","url":"https:\/\/www.worldfolkvisionitalia.it\/","name":"World Folk Vision Italia","description":"","publisher":{"@id":"https:\/\/www.worldfolkvisionitalia.it\/#organization"},"potentialAction":[{"@type":"SearchAction","target":{"@type":"EntryPoint","urlTemplate":"https:\/\/www.worldfolkvisionitalia.it\/?s={search_term_string}"},"query-input":"required name=search_term_string"}],"inLanguage":"en-GB"},{"@type":"WebPage","@id":"https:\/\/www.worldfolkvisionitalia.it\/foligno-29-30-04-23\/","url":"https:\/\/www.worldfolkvisionitalia.it\/foligno-29-30-04-23\/","name":"Foligno 4\/5\/Maggio\/2024 Auditorium San Domenico - World Folk Vision Italia","isPartOf":{"@id":"https:\/\/www.worldfolkvisionitalia.it\/#website"},"datePublished":"2023-01-25T18:00:32+00:00","dateModified":"2024-05-01T18:28:34+00:00","breadcrumb":{"@id":"https:\/\/www.worldfolkvisionitalia.it\/foligno-29-30-04-23\/#breadcrumb"},"inLanguage":"en-GB","potentialAction":[{"@type":"ReadAction","target":["https:\/\/www.worldfolkvisionitalia.it\/foligno-29-30-04-23\/"]}]},{"@type":"BreadcrumbList","@id":"https:\/\/www.worldfolkvisionitalia.it\/foligno-29-30-04-23\/#breadcrumb","itemListElement":[{"@type":"ListItem","position":1,"name":"Home","item":"https:\/\/www.worldfolkvisionitalia.it\/"},{"@type":"ListItem","position":2,"name":"Foligno 4\/5\/Maggio\/2024 Auditorium San Domenico"}]}]}},"_links":{"self":[{"href":"https:\/\/www.worldfolkvisionitalia.it\/gb\/wp-json\/wp\/v2\/pages\/5140"}],"collection":[{"href":"https:\/\/www.worldfolkvisionitalia.it\/gb\/wp-json\/wp\/v2\/pages"}],"about":[{"href":"https:\/\/www.worldfolkvisionitalia.it\/gb\/wp-json\/wp\/v2\/types\/page"}],"author":[{"embeddable":true,"href":"https:\/\/www.worldfolkvisionitalia.it\/gb\/wp-json\/wp\/v2\/users\/1"}],"replies":[{"embeddable":true,"href":"https:\/\/www.worldfolkvisionitalia.it\/gb\/wp-json\/wp\/v2\/comments?post=5140"}],"version-history":[{"count":44,"href":"https:\/\/www.worldfolkvisionitalia.it\/gb\/wp-json\/wp\/v2\/pages\/5140\/revisions"}],"predecessor-version":[{"id":7092,"href":"https:\/\/www.worldfolkvisionitalia.it\/gb\/wp-json\/wp\/v2\/pages\/5140\/revisions\/7092"}],"wp:attachment":[{"href":"https:\/\/www.worldfolkvisionitalia.it\/gb\/wp-json\/wp\/v2\/media?parent=5140"}],"curies":[{"name":"wp","href":"https:\/\/api.w.org\/{rel}","templated":true}]}}