{"id":5648,"date":"2023-06-25T09:18:37","date_gmt":"2023-06-25T09:18:37","guid":{"rendered":"https:\/\/www.worldfolkvisionitalia.it\/?page_id=5648"},"modified":"2023-10-09T20:40:13","modified_gmt":"2023-10-09T20:40:13","slug":"musical","status":"publish","type":"page","link":"https:\/\/www.worldfolkvisionitalia.it\/gb\/musical\/","title":{"rendered":"MUSICAL"},"content":{"rendered":"\n<p class=\"has-medium-font-size\">Il Musical \u00e8 una particolare forma d&#8217;arte che unisce il Canto, la Danza e la Recitazione.<br>Nasce dall&#8217;opera per avvicinarla ai gusti musicali pi\u00f9 moderni e secondo molti esperti \u00e8 la perfetta realizzazione dell&#8217;idea Wagneriana di &#8220;Teatro Totale&#8221; in quanto i Musical Performer ballano, cantano e recitano contemporaneamente.<br><br>Capitali internazionali del Musical sono New York (Broadway) e Londra (West End),<br>Grandissimi successi riscuote il musical per\u00f2 anche in Europa: Germania, Francia, Austria, Spagna e Olanda. <br>In Italia sono ormai anni che gli spettacoli pi\u00f9 visti e record di incassi sono dei Musical.<br><\/p>\n\n\n\n<p class=\"has-large-font-size\">GIURIA MUSICAL e CANTO <strong>FINALE 2023<\/strong><\/p>\n\n\n\n<figure class=\"wp-block-image size-full\"><img loading=\"lazy\" width=\"421\" height=\"706\" src=\"https:\/\/www.worldfolkvisionitalia.it\/wp-content\/uploads\/2023\/10\/Schermata-2023-10-09-alle-22.35.46.png\" alt=\"\" class=\"wp-image-6295\" srcset=\"https:\/\/www.worldfolkvisionitalia.it\/wp-content\/uploads\/2023\/10\/Schermata-2023-10-09-alle-22.35.46.png 421w, https:\/\/www.worldfolkvisionitalia.it\/wp-content\/uploads\/2023\/10\/Schermata-2023-10-09-alle-22.35.46-179x300.png 179w\" sizes=\"(max-width: 421px) 100vw, 421px\" \/><\/figure>\n\n\n\n<p><\/p>\n\n\n\n<figure class=\"wp-block-image size-full\"><img loading=\"lazy\" width=\"358\" height=\"219\" src=\"https:\/\/www.worldfolkvisionitalia.it\/wp-content\/uploads\/2023\/10\/Schermata-2023-10-09-alle-22.39.45.png\" alt=\"\" class=\"wp-image-6299\" srcset=\"https:\/\/www.worldfolkvisionitalia.it\/wp-content\/uploads\/2023\/10\/Schermata-2023-10-09-alle-22.39.45.png 358w, https:\/\/www.worldfolkvisionitalia.it\/wp-content\/uploads\/2023\/10\/Schermata-2023-10-09-alle-22.39.45-300x184.png 300w\" sizes=\"(max-width: 358px) 100vw, 358px\" \/><\/figure>\n\n\n\n<p><\/p>\n\n\n\n<p class=\"has-medium-font-size\">Responsabile del Settore Musical: <strong>Gabriele<\/strong> <strong>Gargiulo<\/strong><\/p>\n\n\n\n<div class=\"wp-block-columns alignwide are-vertically-aligned-top\">\n<div class=\"wp-block-column\" style=\"flex-basis:50%\">\n<figure class=\"wp-block-image is-resized\"><img loading=\"lazy\" src=\"https:\/\/www.worldfolkvisionitalia.it\/wp-content\/uploads\/2022\/03\/Gabriele-Gargiulo.jpg\" alt=\"\" class=\"wp-image-4280\" width=\"357\" height=\"474\"\/><\/figure>\n<\/div>\n\n\n\n<div class=\"wp-block-column\">\n<figure class=\"wp-block-image size-full\"><img loading=\"lazy\" width=\"800\" height=\"533\" src=\"https:\/\/www.worldfolkvisionitalia.it\/wp-content\/uploads\/2023\/06\/IMG_9323.jpg\" alt=\"\" class=\"wp-image-5651\" srcset=\"https:\/\/www.worldfolkvisionitalia.it\/wp-content\/uploads\/2023\/06\/IMG_9323.jpg 800w, https:\/\/www.worldfolkvisionitalia.it\/wp-content\/uploads\/2023\/06\/IMG_9323-300x200.jpg 300w, https:\/\/www.worldfolkvisionitalia.it\/wp-content\/uploads\/2023\/06\/IMG_9323-768x512.jpg 768w\" sizes=\"(max-width: 800px) 100vw, 800px\" \/><\/figure>\n<\/div>\n\n\n\n<div class=\"wp-block-column\" style=\"flex-basis:50%\">\n<p class=\"has-small-font-size\">Dal 2021 Responsabile del Settore Musical per la sezione &#8220;Danze e Culture Internazionali&#8221; di AICS. Dal 2022 organizzatore della tappa di selezione lombarda del concorso internazionale &#8220;World Dance Competition of People and Cultures&#8221;.<br><br>Figlio d&#8217;Arte, studia arte drammatica fin da piccolissimo.<br>Si diploma presso il <strong>Liceo della Comunicazione indirizzo Spettacolo<\/strong>. Successivamente si Diploma Musical Performer nella prestigiosa accademia <strong>SDM &#8211; la scuola del musical di Milano<\/strong> sotto la direzione di Federico Bellone.<br>Nel 2012 \u00e8 <strong>coprotagonista nel musical &#8220;Heidi&#8221;<\/strong> per la regia di Maurizio Colombi e le musiche di Giovanni Maria Lori. Successivamente \u00e8 parte del cast di Rapunzel il Musical, lo showcase dello spettacolo al Teatro Nuovo di Milano.<br>Prende parte al Workshop sul <strong>Teatro En Plein Air <\/strong>proposto dal Teatro Franco Parenti di Milano. Frequenta le Masterclass di <strong>Light Design e Sound Design <\/strong>della Scuola del Teatro Musicale di Novara.<br>Frequenta il Corso di <strong>Pedagogia Teatrale<\/strong> e di <strong>Teatro e Disabilit\u00e0<\/strong> proposto dall&#8217;Accademia Europea Formatori Teatrali, ed \u00e8 uno dei Formatori Teatrali riconosciuti e inseriti nell&#8217;<strong>albo dell&#8217;Associazione Europea Formatori Teatrali<\/strong>.<br>Frequenta MOOC dedicati al teatro delle pi\u00f9 prestigiose universit\u00e0 Internazionali: <strong>Harvard, Leeds Univeristy, New York University, Ca&#8217; Foscari<\/strong><br>\u00e8 <strong>Dottore in Scienze dei Beni Culturali<\/strong> presso l&#8217;Universit\u00e0 degli Studi di Milano.<br><strong>Formatore Teatrale<\/strong>  e docente di Recitazione e Musical dal 2013, lavora con allievi di ogni preparazione ed et\u00e0 (dai bambini delle scuole materne fino ai professionisti)<br>Alcuni dei suoi allievi hanno ricoperto <strong>ruoli di primo piano in numerosi musical professionali<\/strong> (Newsies, Famiglia Addams, Priscilla) e molti altri hanno poi frequentato le pi\u00f9 prestigiose accademie di musical italiane e intrapreso la carriera da professionisti.<br>Collabora con numerose realt\u00e0 in qualit\u00e0 di <strong>Insegnante, Regista e Attore<\/strong>.<\/p>\n<\/div>\n<\/div>\n\n\n\n<p class=\"has-large-font-size\"><strong>REGOLAMENTO MUSICAL<\/strong><\/p>\n\n\n\n<p><em>la disciplina del musical ha come peculiarit\u00e0 l\u2019unione della Recitazione, della Danza e del Canto<\/em><br>Per poter partecipare \u00e8 essenziale presentare una esibizione su di un brano tratto dal repertorio del musical (teatro, film, animazione). <br>L\u2019esibizione deve necessariamente raccontare una storia e gli interpreti interpretano i personaggi della storia. <br>All\u2019interno dell\u2019esibizione si dovr\u00e0 necessariamente proporre le tre discipline fondamentali del musical: recitazione, danza e canto.<br><br>RECITAZIONE: la recitazione pu\u00f2 avvenire sia inserendo delle battute, monologhi o dialoghi recitati sia come mera interpretazione di un personaggio.<br>Non sono ammesse battute di cruda e gratuita volgarit\u00e0 e\/o battute discriminatorie.<br><br>DANZA: la danza pu\u00f2 essere presente sia sotto forma di coreografie (di qualsiasi stile) o di movimenti scenici e\/o coreografici.<br>\u00c8 ammesso qualsiasi stile di danza o tipo di movimento coreografico.<br><br>CANTO: il canto ricopre un ruolo fondamentale. Le voci principali dovranno, pertanto, cantare dal vivo. \u00c8 ammesso l\u2019utilizzo dei cori registrati di rinforzo. (si ricorda che i microfoni ad archetto a disposizione variano da 5 a 7 archetti a seconda delle manifestazioni).<br>\u00c8 ammesso qualsiasi stile di canto.<br><br>Le <strong>basi musicali <\/strong>utilizzate dovranno essere di <strong>alta qualit\u00e0 in formato .mp3 <\/strong>senza la cos\u00ec detta \u201cback track\u201d vocale (ovvero il raddoppio della linea melodica tramite lo strumento). Le basi dovranno essere consegnate via mail entro 7 giorni prima della data dell\u2019evento. Per la data della <strong>finale nazionale <\/strong>per chi ne ha piacere pu\u00f2  consegnare anche un v<strong>ideo\/immagine che verr\u00e0 proiettata come fondale scenografico <\/strong>durante l\u2019esibizione. Tale immagine\/video dovr\u00e0 essere consegnata via mail in alta qualit\u00e0 entro 7 giorni prima dell\u2019evento.<br>\u00c8 sempre possibile <strong>l\u2019utilizzo di props e di piccoli elementi scenografici <\/strong>(un tavolino, sedie, panchine) <em>portati dai concorrenti per la loro esibizione.<\/em><br><br>CRITERI DI VALUTAZIONE<br><br>La giuria sar\u00e0 composta da giurati di chiara fama nazionale scelti tra<br>i Musical Performer, i Coreografi, Registi, Vocal Coach e gli Insegnanti di Musical.<br><br>I criteri di valutazione sono molteplici tra cui:<br><br>&#8211; L\u2019adesione dell\u2019interpretazione attoriale con il brano proposto<br>&#8211; L\u2019adesione delle coregrafie\/movimenti scenici con il brano proposto<br>&#8211; L\u2019adesione dell\u2019interpretazione canora con lo stile di canto che richiede il    brano proposto L\u2019adesione delle eventuali retroproiezioni e\/o elementi scenografici proposti con il brano scelto<br>&#8211; L\u2019intonazione<br>&#8211; L\u2019esecuzione coreografica \/ movimento scenico<\/p>\n\n\n\n<p>Il Concorso di musical si divide in 4 macro fasce di et\u00e0<br><br>MUSICAL MINI dai 6 agli 8 anni<br>MUSICAL YOUTH dai 9 ai 12 anni<br>MUSICAL JUNIOR dai 13 ai 16 anni<br>MUSICAL SENIOR dai 16 anni in su<br><br><strong>All\u2019interno della divisione per fasce d\u2019et\u00e0 si potr\u00e0 concorre per le seguenti categorie:<\/strong><\/p>\n\n\n\n<ol><li>Assoli:  l\u2019esibizione dovr\u00e0 avere una durata massima di 3 minuti<br>(si pu\u00f2 prendere parte alla categoria degli assoli a partire dai 9 anni)<\/li><li>Duetto\/Trio l&#8217;esibizione dovr\u00e0 avere una durata massima di 3 minuti<\/li><li>Piccoli Gruppi composti da 4 a 6 componenti, l\u2019esibizione dovr\u00e0 avere una durata massima di 4 minuti<\/li><li>Ensamble (gruppi composti da 7 persone in su): l\u2019esibizione dovr\u00e0 avere una durata massima di 8 minuti<\/li><\/ol>\n\n\n\n<p><\/p>\n","protected":false},"excerpt":{"rendered":"<p>Il Musical \u00e8 una particolare forma d&#8217;arte che unisce il Canto, la Danza e la Recitazione.Nasce dall&#8217;opera per avvicinarla ai [&hellip;]<\/p>\n","protected":false},"author":4,"featured_media":0,"parent":0,"menu_order":0,"comment_status":"closed","ping_status":"closed","template":"","meta":[],"translation":{"provider":"WPGlobus","version":"2.12.2","language":"gb","enabled_languages":["it","gb"],"languages":{"it":{"title":true,"content":true,"excerpt":false},"gb":{"title":false,"content":false,"excerpt":false}}},"yoast_head":"<!-- This site is optimized with the Yoast SEO plugin v19.4 - https:\/\/yoast.com\/wordpress\/plugins\/seo\/ -->\n<title>MUSICAL - World Folk Vision Italia<\/title>\n<meta name=\"robots\" content=\"index, follow, max-snippet:-1, max-image-preview:large, max-video-preview:-1\" \/>\n<link rel=\"canonical\" href=\"https:\/\/www.worldfolkvisionitalia.it\/musical\/\" \/>\n<meta property=\"og:locale\" content=\"en_GB\" \/>\n<meta property=\"og:type\" content=\"article\" \/>\n<meta property=\"og:title\" content=\"MUSICAL - World Folk Vision Italia\" \/>\n<meta property=\"og:url\" content=\"https:\/\/www.worldfolkvisionitalia.it\/musical\/\" \/>\n<meta property=\"og:site_name\" content=\"World Folk Vision Italia\" \/>\n<meta property=\"article:modified_time\" content=\"2023-10-09T20:40:13+00:00\" \/>\n<meta property=\"og:image\" content=\"https:\/\/www.worldfolkvisionitalia.it\/wp-content\/uploads\/2023\/10\/Schermata-2023-10-09-alle-22.35.46.png\" \/>\n<meta name=\"twitter:card\" content=\"summary_large_image\" \/>\n<meta name=\"twitter:label1\" content=\"Est. reading time\" \/>\n\t<meta name=\"twitter:data1\" content=\"6 minutes\" \/>\n<script type=\"application\/ld+json\" class=\"yoast-schema-graph\">{\"@context\":\"https:\/\/schema.org\",\"@graph\":[{\"@type\":\"Organization\",\"@id\":\"https:\/\/www.worldfolkvisionitalia.it\/#organization\",\"name\":\"World Folk Vision Italia\",\"url\":\"https:\/\/www.worldfolkvisionitalia.it\/\",\"sameAs\":[],\"logo\":{\"@type\":\"ImageObject\",\"inLanguage\":\"en-GB\",\"@id\":\"https:\/\/www.worldfolkvisionitalia.it\/#\/schema\/logo\/image\/\",\"url\":\"https:\/\/www.worldfolkvisionitalia.it\/wp-content\/uploads\/2024\/02\/cropped-WDC_final_pos-02-e1706888538326.png\",\"contentUrl\":\"https:\/\/www.worldfolkvisionitalia.it\/wp-content\/uploads\/2024\/02\/cropped-WDC_final_pos-02-e1706888538326.png\",\"width\":300,\"height\":109,\"caption\":\"World Folk Vision Italia\"},\"image\":{\"@id\":\"https:\/\/www.worldfolkvisionitalia.it\/#\/schema\/logo\/image\/\"}},{\"@type\":\"WebSite\",\"@id\":\"https:\/\/www.worldfolkvisionitalia.it\/#website\",\"url\":\"https:\/\/www.worldfolkvisionitalia.it\/\",\"name\":\"World Folk Vision Italia\",\"description\":\"\",\"publisher\":{\"@id\":\"https:\/\/www.worldfolkvisionitalia.it\/#organization\"},\"potentialAction\":[{\"@type\":\"SearchAction\",\"target\":{\"@type\":\"EntryPoint\",\"urlTemplate\":\"https:\/\/www.worldfolkvisionitalia.it\/?s={search_term_string}\"},\"query-input\":\"required name=search_term_string\"}],\"inLanguage\":\"en-GB\"},{\"@type\":\"WebPage\",\"@id\":\"https:\/\/www.worldfolkvisionitalia.it\/musical\/\",\"url\":\"https:\/\/www.worldfolkvisionitalia.it\/musical\/\",\"name\":\"MUSICAL - World Folk Vision Italia\",\"isPartOf\":{\"@id\":\"https:\/\/www.worldfolkvisionitalia.it\/#website\"},\"datePublished\":\"2023-06-25T09:18:37+00:00\",\"dateModified\":\"2023-10-09T20:40:13+00:00\",\"breadcrumb\":{\"@id\":\"https:\/\/www.worldfolkvisionitalia.it\/musical\/#breadcrumb\"},\"inLanguage\":\"en-GB\",\"potentialAction\":[{\"@type\":\"ReadAction\",\"target\":[\"https:\/\/www.worldfolkvisionitalia.it\/musical\/\"]}]},{\"@type\":\"BreadcrumbList\",\"@id\":\"https:\/\/www.worldfolkvisionitalia.it\/musical\/#breadcrumb\",\"itemListElement\":[{\"@type\":\"ListItem\",\"position\":1,\"name\":\"Home\",\"item\":\"https:\/\/www.worldfolkvisionitalia.it\/\"},{\"@type\":\"ListItem\",\"position\":2,\"name\":\"MUSICAL\"}]}]}<\/script>\n<!-- \/ Yoast SEO plugin. -->","yoast_head_json":{"title":"MUSICAL - World Folk Vision Italia","robots":{"index":"index","follow":"follow","max-snippet":"max-snippet:-1","max-image-preview":"max-image-preview:large","max-video-preview":"max-video-preview:-1"},"canonical":"https:\/\/www.worldfolkvisionitalia.it\/musical\/","og_locale":"en_GB","og_type":"article","og_title":"MUSICAL - World Folk Vision Italia","og_url":"https:\/\/www.worldfolkvisionitalia.it\/musical\/","og_site_name":"World Folk Vision Italia","article_modified_time":"2023-10-09T20:40:13+00:00","og_image":[{"url":"https:\/\/www.worldfolkvisionitalia.it\/wp-content\/uploads\/2023\/10\/Schermata-2023-10-09-alle-22.35.46.png"}],"twitter_card":"summary_large_image","twitter_misc":{"Est. reading time":"6 minutes"},"schema":{"@context":"https:\/\/schema.org","@graph":[{"@type":"Organization","@id":"https:\/\/www.worldfolkvisionitalia.it\/#organization","name":"World Folk Vision Italia","url":"https:\/\/www.worldfolkvisionitalia.it\/","sameAs":[],"logo":{"@type":"ImageObject","inLanguage":"en-GB","@id":"https:\/\/www.worldfolkvisionitalia.it\/#\/schema\/logo\/image\/","url":"https:\/\/www.worldfolkvisionitalia.it\/wp-content\/uploads\/2024\/02\/cropped-WDC_final_pos-02-e1706888538326.png","contentUrl":"https:\/\/www.worldfolkvisionitalia.it\/wp-content\/uploads\/2024\/02\/cropped-WDC_final_pos-02-e1706888538326.png","width":300,"height":109,"caption":"World Folk Vision Italia"},"image":{"@id":"https:\/\/www.worldfolkvisionitalia.it\/#\/schema\/logo\/image\/"}},{"@type":"WebSite","@id":"https:\/\/www.worldfolkvisionitalia.it\/#website","url":"https:\/\/www.worldfolkvisionitalia.it\/","name":"World Folk Vision Italia","description":"","publisher":{"@id":"https:\/\/www.worldfolkvisionitalia.it\/#organization"},"potentialAction":[{"@type":"SearchAction","target":{"@type":"EntryPoint","urlTemplate":"https:\/\/www.worldfolkvisionitalia.it\/?s={search_term_string}"},"query-input":"required name=search_term_string"}],"inLanguage":"en-GB"},{"@type":"WebPage","@id":"https:\/\/www.worldfolkvisionitalia.it\/musical\/","url":"https:\/\/www.worldfolkvisionitalia.it\/musical\/","name":"MUSICAL - World Folk Vision Italia","isPartOf":{"@id":"https:\/\/www.worldfolkvisionitalia.it\/#website"},"datePublished":"2023-06-25T09:18:37+00:00","dateModified":"2023-10-09T20:40:13+00:00","breadcrumb":{"@id":"https:\/\/www.worldfolkvisionitalia.it\/musical\/#breadcrumb"},"inLanguage":"en-GB","potentialAction":[{"@type":"ReadAction","target":["https:\/\/www.worldfolkvisionitalia.it\/musical\/"]}]},{"@type":"BreadcrumbList","@id":"https:\/\/www.worldfolkvisionitalia.it\/musical\/#breadcrumb","itemListElement":[{"@type":"ListItem","position":1,"name":"Home","item":"https:\/\/www.worldfolkvisionitalia.it\/"},{"@type":"ListItem","position":2,"name":"MUSICAL"}]}]}},"_links":{"self":[{"href":"https:\/\/www.worldfolkvisionitalia.it\/gb\/wp-json\/wp\/v2\/pages\/5648"}],"collection":[{"href":"https:\/\/www.worldfolkvisionitalia.it\/gb\/wp-json\/wp\/v2\/pages"}],"about":[{"href":"https:\/\/www.worldfolkvisionitalia.it\/gb\/wp-json\/wp\/v2\/types\/page"}],"author":[{"embeddable":true,"href":"https:\/\/www.worldfolkvisionitalia.it\/gb\/wp-json\/wp\/v2\/users\/4"}],"replies":[{"embeddable":true,"href":"https:\/\/www.worldfolkvisionitalia.it\/gb\/wp-json\/wp\/v2\/comments?post=5648"}],"version-history":[{"count":9,"href":"https:\/\/www.worldfolkvisionitalia.it\/gb\/wp-json\/wp\/v2\/pages\/5648\/revisions"}],"predecessor-version":[{"id":6300,"href":"https:\/\/www.worldfolkvisionitalia.it\/gb\/wp-json\/wp\/v2\/pages\/5648\/revisions\/6300"}],"wp:attachment":[{"href":"https:\/\/www.worldfolkvisionitalia.it\/gb\/wp-json\/wp\/v2\/media?parent=5648"}],"curies":[{"name":"wp","href":"https:\/\/api.w.org\/{rel}","templated":true}]}}