{"id":5786,"date":"2023-07-11T13:36:56","date_gmt":"2023-07-11T13:36:56","guid":{"rendered":"https:\/\/www.worldfolkvisionitalia.it\/?page_id=5786"},"modified":"2023-10-12T08:36:33","modified_gmt":"2023-10-12T08:36:33","slug":"oriental-dance-rules","status":"publish","type":"page","link":"https:\/\/www.worldfolkvisionitalia.it\/gb\/oriental-dance-rules\/","title":{"rendered":"Oriental Dance RULES"},"content":{"rendered":"\n<p id=\"block-97d568c8-9ed3-4b35-ac26-389dd7eab749\">\u201cWorld Competition of Dance Peoples and Cultures\u201d<br><\/p>\n\n\n\n<h1 id=\"block-a41bc432-9974-40e7-9b55-dd4dbefb547f\">Intro<\/h1>\n\n\n\n<p id=\"block-437c51be-933f-41d7-8e8a-848f85a2da3c\">For Oriental Dance (in arabian language \u201craqs sharqi\u201d) we mean the dances originating from the Middle East and Arab countries, including arab folklores and new more recent fusions with other disciplines.<\/p>\n\n\n\n<h1 id=\"block-7d79b6cc-76f4-4e53-bdc2-5bbe2b58a36f\">Styles<\/h1>\n\n\n\n<p id=\"block-810f6fe7-e651-4d73-b011-872840dc4af1\">Raks Sharqi: it\u2019s allowed the use of the veil; traditional baladi and mejanc\u00e8 are also allowed.<\/p>\n\n\n\n<p id=\"block-bea52a35-afa6-4576-ba5a-e7b8bc5e08b2\">Folklore: Saidi, Khaliji, traditional Baladi, Dabke, Ghawazee, Nubian, Iraqi, Shaabi, Street Shaabi, Eskandarani, Fellahi, Shamadan\u2026<\/p>\n\n\n\n<p id=\"block-bbb526d6-f33b-47fe-9143-f83466488a1b\">Show: the use of the sword, fan veils and isis wings is allowed, this style includes tribal fusion, drum solo, flamenco-Arabic, belly-samba, Oriental Tango ..<\/p>\n\n\n\n<p id=\"block-b80d7546-6191-4d51-8192-67d337c27172\">Small sets are allowed as long as they are suited to the theme and not bulky, at the end of the performance the stage must be free. No dangerous items allowed.<\/p>\n\n\n\n<h1 id=\"block-de2247ad-d13e-4ef3-a80a-909ea80f1016\">Ages categories<\/h1>\n\n\n\n<ul id=\"block-8b9dfa7b-75fc-4443-bfcb-9646b9e73ee6\"><li>Promotional: from 6 to 7 years<\/li><li>Mini: from 8 to 9 years<\/li><li>Youth: from 10 to 12 years<\/li><li>Junior: from 13 to 16 years<\/li><li>Adults: from 17 to 35 years<\/li><li>Senior: 35+<\/li><\/ul>\n\n\n\n<p id=\"block-11915502-4627-43ee-9b84-26770e7200fb\">The age range is identified by calculating the average of the group. Dancer&#8217;s age is considered with referral to the calendar year (1st January &#8211; 31st December).. For the Duo, the age of the oldest dancer is taken as reference.<\/p>\n\n\n\n<h1 id=\"block-01df51f5-9e96-435e-b487-742cc69cbde0\">Levels<\/h1>\n\n\n\n<ul id=\"block-3db8bfd7-35cd-481e-a299-4b8a73451f83\"><li>B: beginners, first experiences<\/li><li>A: advanced dancers with lot of experience<\/li><li>P: professional dancers, teachers<\/li><\/ul>\n\n\n\n<h1 id=\"block-ce092884-e3a1-4a76-a043-fb5d6146534f\">Competitive units<\/h1>\n\n\n\n<ul id=\"block-27f292d4-3bc3-4a8c-b392-de3862457574\"><li>Solo<\/li><li>Duo<\/li><li>Groups (from 3 to 5 participants)<\/li><li>Formation (6+ participants)<\/li><\/ul>\n\n\n\n<h1 id=\"block-e0f955ae-a10e-4c6b-bdb2-e4e97fd38ae0\">Music limits<\/h1>\n\n\n\n<p id=\"block-7e61947a-7ada-4643-9000-686261442d7d\">The limit of the music pieces for solo, of any level and age, is minimum of 1:30 minutes and must not exceed 2:30 minutes. For the duo the duration allowed is 3 minutes, while for groups and formations up to 3:30 &#8211; 4:00 minutes.<\/p>\n\n\n\n<h1 id=\"block-954e3b6a-ed30-4bcf-adec-704e182e8128\">Clothing<\/h1>\n\n\n\n<p id=\"block-d5b4eeb1-9920-4c90-8cfa-48465c4de462\">Clothing must be concerned with the style represented, the age of the dancer and the category in which competes.<\/p>\n\n\n\n<p id=\"block-515b1255-2294-4eef-b201-2ed3a3cb276c\">For the Folklore category, the dress must represent the type of folklore chosen. In women&#8217;s clothing, the bra must be covering, as must the intimate parts and the non-transparent skirt or trousers. In men&#8217;s clothing, the costume must include trousers, possibly with a scarf, a top, a vest or a shirt. Footwear with a heel greater than 1.5 cm is prohibited, except for the Eskandarani Dance where the heel can reach 5 cm; you can dance with slave sandals or barefoot. For the MINI and YOUTH categories, the must be used a top, bra is not allowed.<\/p>\n\n\n\n<h1 id=\"block-8228f827-9491-4b22-ad2d-36e05a93d5c8\">Evaluation<\/h1>\n\n\n\n<p id=\"block-3f8aa1d9-a2fe-4943-8427-cf109c033b86\">Judges will follow 4 parameters :<\/p>\n\n\n\n<ul id=\"block-7bd191ad-41cd-4ba3-bba0-1d169b7f610c\"><li>TECHNIQUE : execution of technical elements, movements and figures (position, elegance, timing, balance and body control)<\/li><li>CHOREOGRAPHY: distribution of figures and movements in accordance with dance context, use of space..<\/li><li>INTERPRETATION: dancer\u2019s ability to follow the rhythm and musical melody and express them through his\/her body motion<\/li><li>IMAGINE: costumes, make-up, hair..<\/li><\/ul>\n\n\n\n<h1 id=\"block-b31bbdd1-29bf-4a6b-b5e3-4d78f269aeeb\">Points<\/h1>\n\n\n\n<p id=\"block-c180c7ca-2821-4353-8283-38e8d80a8dfb\">The jury will evaluate the performances with a score from 1 to 10 including half a point and +.<\/p>\n\n\n\n<p id=\"block-fec18872-94e9-4e80-8d64-14cbddd08ac6\">Penalties<\/p>\n\n\n\n<p id=\"block-7a4b0a33-b34d-4d6a-90a5-ea579d43277a\">There is disqualification in case of:<\/p>\n\n\n\n<ul id=\"block-306491fc-2179-4f67-ba9f-bd0efbcdd080\"><li>Misbehavior of an athlete<\/li><li>Fail to appear on stage after being called for the third time<\/li><li>Performing in the wrong speciality (ex. a show performance in Folklore category)<\/li><\/ul>\n\n\n\n<p id=\"block-495063a7-6e93-4b28-b01a-9eed0569f7f5\">Also, no dangerous objects are allowed (ex. candles lit during a Shamadan style performance).<\/p>\n\n\n\n<h1 id=\"block-ad0ce7e7-762a-4e20-bb18-58e16a207ee2\">Execution of competition<\/h1>\n\n\n\n<p id=\"block-5c3e68a5-2e6d-4109-bc0d-23945029265e\">Organisation, whenever necessary, would make &nbsp;selections for the Raks Sharqi style using songs chosen by the organization in the following ways:<\/p>\n\n\n\n<ul id=\"block-37b9a5e0-e701-4775-93ba-899a1e766ae5\"><li>30 seconds: all together (in groups of up to 8 dancers)<\/li><li>1 minute: in groups of up to 4 dancers<\/li><li>30 seconds: all together (in groups of up to 8 dancers)<\/li><\/ul>\n\n\n\n<p id=\"block-f19f32ea-85d9-41ca-96d5-6130830813ae\">In the case of semifinals, the dancers who will access the final will be 6 (six) and will dance with their own music.<\/p>\n\n\n\n<h1 id=\"block-6441873a-2885-4304-b7b9-94a915dbdcfb\">Music<\/h1>\n\n\n\n<p id=\"block-bede43c7-bab8-4450-a2ce-10eba01fa8b7\">The choice of music is to be considered free as long as it\u2019s suited to the chosen genre. Tabla solo must not exceed 1\/3 of entire presentation.<\/p>\n\n\n\n<p id=\"block-ba558d18-34b4-403a-8fe3-62483d454bda\">Music must be sent to the organization by e-mail. However, it is recommended to bring the music in Mp3 format with a CD or USB as a reserve, with general information (Name\/surname, name of the school\u2026).<\/p>\n\n\n\n<div class=\"wp-block-media-text alignwide is-stacked-on-mobile\"><figure class=\"wp-block-media-text__media\"><img loading=\"lazy\" width=\"1024\" height=\"1024\" src=\"https:\/\/www.worldfolkvisionitalia.it\/wp-content\/uploads\/2023\/08\/Black-And-Gold-Elegant-Award-Ceremony-Instagram-Post-2-1024x1024.png\" alt=\"\" class=\"wp-image-6098 size-full\" srcset=\"https:\/\/www.worldfolkvisionitalia.it\/wp-content\/uploads\/2023\/08\/Black-And-Gold-Elegant-Award-Ceremony-Instagram-Post-2-1024x1024.png 1024w, https:\/\/www.worldfolkvisionitalia.it\/wp-content\/uploads\/2023\/08\/Black-And-Gold-Elegant-Award-Ceremony-Instagram-Post-2-300x300.png 300w, https:\/\/www.worldfolkvisionitalia.it\/wp-content\/uploads\/2023\/08\/Black-And-Gold-Elegant-Award-Ceremony-Instagram-Post-2-150x150.png 150w, https:\/\/www.worldfolkvisionitalia.it\/wp-content\/uploads\/2023\/08\/Black-And-Gold-Elegant-Award-Ceremony-Instagram-Post-2-768x768.png 768w, https:\/\/www.worldfolkvisionitalia.it\/wp-content\/uploads\/2023\/08\/Black-And-Gold-Elegant-Award-Ceremony-Instagram-Post-2.png 1080w\" sizes=\"(max-width: 1024px) 100vw, 1024px\" \/><\/figure><div class=\"wp-block-media-text__content\">\n<p><strong>Jennifer Sdrigotti<\/strong> is an international teacher and judge,  referent in this organization for oriental dance, will be head judge.<\/p>\n<\/div><\/div>\n\n\n\n<div class=\"wp-block-media-text alignwide is-stacked-on-mobile\"><figure class=\"wp-block-media-text__media\"><img loading=\"lazy\" width=\"1024\" height=\"1024\" src=\"https:\/\/www.worldfolkvisionitalia.it\/wp-content\/uploads\/2023\/10\/Black-And-Gold-Elegant-Award-Ceremony-Instagram-Post-3-1024x1024.png\" alt=\"\" class=\"wp-image-6324 size-full\" srcset=\"https:\/\/www.worldfolkvisionitalia.it\/wp-content\/uploads\/2023\/10\/Black-And-Gold-Elegant-Award-Ceremony-Instagram-Post-3-1024x1024.png 1024w, https:\/\/www.worldfolkvisionitalia.it\/wp-content\/uploads\/2023\/10\/Black-And-Gold-Elegant-Award-Ceremony-Instagram-Post-3-300x300.png 300w, https:\/\/www.worldfolkvisionitalia.it\/wp-content\/uploads\/2023\/10\/Black-And-Gold-Elegant-Award-Ceremony-Instagram-Post-3-150x150.png 150w, https:\/\/www.worldfolkvisionitalia.it\/wp-content\/uploads\/2023\/10\/Black-And-Gold-Elegant-Award-Ceremony-Instagram-Post-3-768x768.png 768w, https:\/\/www.worldfolkvisionitalia.it\/wp-content\/uploads\/2023\/10\/Black-And-Gold-Elegant-Award-Ceremony-Instagram-Post-3.png 1080w\" sizes=\"(max-width: 1024px) 100vw, 1024px\" \/><\/figure><div class=\"wp-block-media-text__content\">\n<p><strong>Dana Siropolka\u00a0<\/strong>is a talented, charismatic, professional bellydancer and choreographer from Ukraine. Head and teacher of her own studio \u201cDana-Dance Studio\u201d and \u201cDana-Dance online school\u201d. Dana is licensed judge and certified trainer with international category, teacher of training dance sessions and workshops in Ukraine and all around the world (Italy, Korea, Egypt, Germany, Poland, Cyprus, Greece etc.). Dana studied the art and technique of bellydance with professional stars. For today Dana is a professional bellydancer with her own style. You can enjoy her art and creativity!<\/p>\n<\/div><\/div>\n\n\n\n<div class=\"wp-block-media-text alignwide is-stacked-on-mobile\"><figure class=\"wp-block-media-text__media\"><img loading=\"lazy\" width=\"1024\" height=\"1024\" src=\"https:\/\/www.worldfolkvisionitalia.it\/wp-content\/uploads\/2023\/08\/Black-And-Gold-Elegant-Award-Ceremony-Instagram-Post-1024x1024.png\" alt=\"\" class=\"wp-image-6065 size-full\" srcset=\"https:\/\/www.worldfolkvisionitalia.it\/wp-content\/uploads\/2023\/08\/Black-And-Gold-Elegant-Award-Ceremony-Instagram-Post-1024x1024.png 1024w, https:\/\/www.worldfolkvisionitalia.it\/wp-content\/uploads\/2023\/08\/Black-And-Gold-Elegant-Award-Ceremony-Instagram-Post-300x300.png 300w, https:\/\/www.worldfolkvisionitalia.it\/wp-content\/uploads\/2023\/08\/Black-And-Gold-Elegant-Award-Ceremony-Instagram-Post-150x150.png 150w, https:\/\/www.worldfolkvisionitalia.it\/wp-content\/uploads\/2023\/08\/Black-And-Gold-Elegant-Award-Ceremony-Instagram-Post-768x768.png 768w, https:\/\/www.worldfolkvisionitalia.it\/wp-content\/uploads\/2023\/08\/Black-And-Gold-Elegant-Award-Ceremony-Instagram-Post.png 1080w\" sizes=\"(max-width: 1024px) 100vw, 1024px\" \/><\/figure><div class=\"wp-block-media-text__content\">\n<p><strong>Serena Boselli<\/strong>&nbsp;\u00e8 Danzatrice professionista, Maestra e Coreografa di Danze Orientali. Giudice Ufficiale di gara FIDS . Insegna su tutto il territorio nazionale e si esibisce costantemente in Festival internazionali presenti in Italia e all\u2019estero. Ha ampliato negli anni il suo percorso artistico partecipando a numerosi masterclass con i grandi Maestri Internazionali della Danza Orientale. Negli anni ha approfondito lo studio dei ritmi arabi con diversi musicisti e compositori. Vincitrice di numerosi contest e gare nazionali ed internazionali.<\/p>\n<\/div><\/div>\n\n\n\n<div class=\"wp-block-media-text alignwide is-stacked-on-mobile\"><figure class=\"wp-block-media-text__media\"><img loading=\"lazy\" width=\"1024\" height=\"1024\" src=\"https:\/\/www.worldfolkvisionitalia.it\/wp-content\/uploads\/2023\/08\/Black-And-Gold-Elegant-Award-Ceremony-Instagram-Post-1-1024x1024.png\" alt=\"\" class=\"wp-image-6064 size-full\" srcset=\"https:\/\/www.worldfolkvisionitalia.it\/wp-content\/uploads\/2023\/08\/Black-And-Gold-Elegant-Award-Ceremony-Instagram-Post-1-1024x1024.png 1024w, https:\/\/www.worldfolkvisionitalia.it\/wp-content\/uploads\/2023\/08\/Black-And-Gold-Elegant-Award-Ceremony-Instagram-Post-1-300x300.png 300w, https:\/\/www.worldfolkvisionitalia.it\/wp-content\/uploads\/2023\/08\/Black-And-Gold-Elegant-Award-Ceremony-Instagram-Post-1-150x150.png 150w, https:\/\/www.worldfolkvisionitalia.it\/wp-content\/uploads\/2023\/08\/Black-And-Gold-Elegant-Award-Ceremony-Instagram-Post-1-768x768.png 768w, https:\/\/www.worldfolkvisionitalia.it\/wp-content\/uploads\/2023\/08\/Black-And-Gold-Elegant-Award-Ceremony-Instagram-Post-1.png 1080w\" sizes=\"(max-width: 1024px) 100vw, 1024px\" \/><\/figure><div class=\"wp-block-media-text__content\">\n<p><strong>Afrika Marco<\/strong>, \u00e8 una ballerina riconosciuta a livello internazionale. Pluricampionessa in contesti italiani ed internazionali di alto livello. Da pi\u00f9 di 15 anni insegna presso la sua scuola a Firenze. Il suo lavoro artistico sia come ballerina che come direttrice artistica, nutre la sua ricerca nella individualit\u00e0 della ballerina e nella ricerca ed apertura personale verso la propria verit\u00e0. Oltre alla danza, lo yoga e il coaching, fanno parte importante del suo bagaglio personale. Questo fa s\u00ec, che il suo marchio personale come maestra sia caratterizzato da una forte componente umanistica dove i valori e la crescita personale vanno insieme a quella artistica. \u00c8 in costante apprendimento con maestri internazionali scelti con grande cura perch\u00e9, nell\u2019arte come nella vita, non si smette mai di imparare.<\/p>\n<\/div><\/div>\n","protected":false},"excerpt":{"rendered":"<p>\u201cWorld Competition of Dance Peoples and Cultures\u201d Intro For Oriental Dance (in arabian language \u201craqs sharqi\u201d) we mean the dances [&hellip;]<\/p>\n","protected":false},"author":5,"featured_media":0,"parent":0,"menu_order":0,"comment_status":"closed","ping_status":"closed","template":"","meta":[],"translation":{"provider":"WPGlobus","version":"2.12.2","language":"gb","enabled_languages":["it","gb"],"languages":{"it":{"title":true,"content":true,"excerpt":false},"gb":{"title":false,"content":false,"excerpt":false}}},"yoast_head":"<!-- This site is optimized with the Yoast SEO plugin v19.4 - https:\/\/yoast.com\/wordpress\/plugins\/seo\/ -->\n<title>Oriental Dance RULES - World Folk Vision Italia<\/title>\n<meta name=\"robots\" content=\"index, follow, max-snippet:-1, max-image-preview:large, max-video-preview:-1\" \/>\n<link rel=\"canonical\" href=\"https:\/\/www.worldfolkvisionitalia.it\/oriental-dance-rules\/\" \/>\n<meta property=\"og:locale\" content=\"en_GB\" \/>\n<meta property=\"og:type\" content=\"article\" \/>\n<meta property=\"og:title\" content=\"Oriental Dance RULES - World Folk Vision Italia\" \/>\n<meta property=\"og:url\" content=\"https:\/\/www.worldfolkvisionitalia.it\/oriental-dance-rules\/\" \/>\n<meta property=\"og:site_name\" content=\"World Folk Vision Italia\" \/>\n<meta property=\"article:modified_time\" content=\"2023-10-12T08:36:33+00:00\" \/>\n<meta property=\"og:image\" content=\"https:\/\/www.worldfolkvisionitalia.it\/wp-content\/uploads\/2023\/08\/Black-And-Gold-Elegant-Award-Ceremony-Instagram-Post-2-1024x1024.png\" \/>\n<meta name=\"twitter:card\" content=\"summary_large_image\" \/>\n<meta name=\"twitter:label1\" content=\"Est. reading time\" \/>\n\t<meta name=\"twitter:data1\" content=\"6 minutes\" \/>\n<script type=\"application\/ld+json\" class=\"yoast-schema-graph\">{\"@context\":\"https:\/\/schema.org\",\"@graph\":[{\"@type\":\"Organization\",\"@id\":\"https:\/\/www.worldfolkvisionitalia.it\/#organization\",\"name\":\"World Folk Vision Italia\",\"url\":\"https:\/\/www.worldfolkvisionitalia.it\/\",\"sameAs\":[],\"logo\":{\"@type\":\"ImageObject\",\"inLanguage\":\"en-GB\",\"@id\":\"https:\/\/www.worldfolkvisionitalia.it\/#\/schema\/logo\/image\/\",\"url\":\"https:\/\/www.worldfolkvisionitalia.it\/wp-content\/uploads\/2024\/02\/cropped-WDC_final_pos-02-e1706888538326.png\",\"contentUrl\":\"https:\/\/www.worldfolkvisionitalia.it\/wp-content\/uploads\/2024\/02\/cropped-WDC_final_pos-02-e1706888538326.png\",\"width\":300,\"height\":109,\"caption\":\"World Folk Vision Italia\"},\"image\":{\"@id\":\"https:\/\/www.worldfolkvisionitalia.it\/#\/schema\/logo\/image\/\"}},{\"@type\":\"WebSite\",\"@id\":\"https:\/\/www.worldfolkvisionitalia.it\/#website\",\"url\":\"https:\/\/www.worldfolkvisionitalia.it\/\",\"name\":\"World Folk Vision Italia\",\"description\":\"\",\"publisher\":{\"@id\":\"https:\/\/www.worldfolkvisionitalia.it\/#organization\"},\"potentialAction\":[{\"@type\":\"SearchAction\",\"target\":{\"@type\":\"EntryPoint\",\"urlTemplate\":\"https:\/\/www.worldfolkvisionitalia.it\/?s={search_term_string}\"},\"query-input\":\"required name=search_term_string\"}],\"inLanguage\":\"en-GB\"},{\"@type\":\"WebPage\",\"@id\":\"https:\/\/www.worldfolkvisionitalia.it\/oriental-dance-rules\/\",\"url\":\"https:\/\/www.worldfolkvisionitalia.it\/oriental-dance-rules\/\",\"name\":\"Oriental Dance RULES - World Folk Vision Italia\",\"isPartOf\":{\"@id\":\"https:\/\/www.worldfolkvisionitalia.it\/#website\"},\"datePublished\":\"2023-07-11T13:36:56+00:00\",\"dateModified\":\"2023-10-12T08:36:33+00:00\",\"breadcrumb\":{\"@id\":\"https:\/\/www.worldfolkvisionitalia.it\/oriental-dance-rules\/#breadcrumb\"},\"inLanguage\":\"en-GB\",\"potentialAction\":[{\"@type\":\"ReadAction\",\"target\":[\"https:\/\/www.worldfolkvisionitalia.it\/oriental-dance-rules\/\"]}]},{\"@type\":\"BreadcrumbList\",\"@id\":\"https:\/\/www.worldfolkvisionitalia.it\/oriental-dance-rules\/#breadcrumb\",\"itemListElement\":[{\"@type\":\"ListItem\",\"position\":1,\"name\":\"Home\",\"item\":\"https:\/\/www.worldfolkvisionitalia.it\/\"},{\"@type\":\"ListItem\",\"position\":2,\"name\":\"Oriental Dance RULES\"}]}]}<\/script>\n<!-- \/ Yoast SEO plugin. -->","yoast_head_json":{"title":"Oriental Dance RULES - World Folk Vision Italia","robots":{"index":"index","follow":"follow","max-snippet":"max-snippet:-1","max-image-preview":"max-image-preview:large","max-video-preview":"max-video-preview:-1"},"canonical":"https:\/\/www.worldfolkvisionitalia.it\/oriental-dance-rules\/","og_locale":"en_GB","og_type":"article","og_title":"Oriental Dance RULES - World Folk Vision Italia","og_url":"https:\/\/www.worldfolkvisionitalia.it\/oriental-dance-rules\/","og_site_name":"World Folk Vision Italia","article_modified_time":"2023-10-12T08:36:33+00:00","og_image":[{"url":"https:\/\/www.worldfolkvisionitalia.it\/wp-content\/uploads\/2023\/08\/Black-And-Gold-Elegant-Award-Ceremony-Instagram-Post-2-1024x1024.png"}],"twitter_card":"summary_large_image","twitter_misc":{"Est. reading time":"6 minutes"},"schema":{"@context":"https:\/\/schema.org","@graph":[{"@type":"Organization","@id":"https:\/\/www.worldfolkvisionitalia.it\/#organization","name":"World Folk Vision Italia","url":"https:\/\/www.worldfolkvisionitalia.it\/","sameAs":[],"logo":{"@type":"ImageObject","inLanguage":"en-GB","@id":"https:\/\/www.worldfolkvisionitalia.it\/#\/schema\/logo\/image\/","url":"https:\/\/www.worldfolkvisionitalia.it\/wp-content\/uploads\/2024\/02\/cropped-WDC_final_pos-02-e1706888538326.png","contentUrl":"https:\/\/www.worldfolkvisionitalia.it\/wp-content\/uploads\/2024\/02\/cropped-WDC_final_pos-02-e1706888538326.png","width":300,"height":109,"caption":"World Folk Vision Italia"},"image":{"@id":"https:\/\/www.worldfolkvisionitalia.it\/#\/schema\/logo\/image\/"}},{"@type":"WebSite","@id":"https:\/\/www.worldfolkvisionitalia.it\/#website","url":"https:\/\/www.worldfolkvisionitalia.it\/","name":"World Folk Vision Italia","description":"","publisher":{"@id":"https:\/\/www.worldfolkvisionitalia.it\/#organization"},"potentialAction":[{"@type":"SearchAction","target":{"@type":"EntryPoint","urlTemplate":"https:\/\/www.worldfolkvisionitalia.it\/?s={search_term_string}"},"query-input":"required name=search_term_string"}],"inLanguage":"en-GB"},{"@type":"WebPage","@id":"https:\/\/www.worldfolkvisionitalia.it\/oriental-dance-rules\/","url":"https:\/\/www.worldfolkvisionitalia.it\/oriental-dance-rules\/","name":"Oriental Dance RULES - World Folk Vision Italia","isPartOf":{"@id":"https:\/\/www.worldfolkvisionitalia.it\/#website"},"datePublished":"2023-07-11T13:36:56+00:00","dateModified":"2023-10-12T08:36:33+00:00","breadcrumb":{"@id":"https:\/\/www.worldfolkvisionitalia.it\/oriental-dance-rules\/#breadcrumb"},"inLanguage":"en-GB","potentialAction":[{"@type":"ReadAction","target":["https:\/\/www.worldfolkvisionitalia.it\/oriental-dance-rules\/"]}]},{"@type":"BreadcrumbList","@id":"https:\/\/www.worldfolkvisionitalia.it\/oriental-dance-rules\/#breadcrumb","itemListElement":[{"@type":"ListItem","position":1,"name":"Home","item":"https:\/\/www.worldfolkvisionitalia.it\/"},{"@type":"ListItem","position":2,"name":"Oriental Dance RULES"}]}]}},"_links":{"self":[{"href":"https:\/\/www.worldfolkvisionitalia.it\/gb\/wp-json\/wp\/v2\/pages\/5786"}],"collection":[{"href":"https:\/\/www.worldfolkvisionitalia.it\/gb\/wp-json\/wp\/v2\/pages"}],"about":[{"href":"https:\/\/www.worldfolkvisionitalia.it\/gb\/wp-json\/wp\/v2\/types\/page"}],"author":[{"embeddable":true,"href":"https:\/\/www.worldfolkvisionitalia.it\/gb\/wp-json\/wp\/v2\/users\/5"}],"replies":[{"embeddable":true,"href":"https:\/\/www.worldfolkvisionitalia.it\/gb\/wp-json\/wp\/v2\/comments?post=5786"}],"version-history":[{"count":3,"href":"https:\/\/www.worldfolkvisionitalia.it\/gb\/wp-json\/wp\/v2\/pages\/5786\/revisions"}],"predecessor-version":[{"id":6331,"href":"https:\/\/www.worldfolkvisionitalia.it\/gb\/wp-json\/wp\/v2\/pages\/5786\/revisions\/6331"}],"wp:attachment":[{"href":"https:\/\/www.worldfolkvisionitalia.it\/gb\/wp-json\/wp\/v2\/media?parent=5786"}],"curies":[{"name":"wp","href":"https:\/\/api.w.org\/{rel}","templated":true}]}}