{"id":5913,"date":"2023-07-13T01:15:23","date_gmt":"2023-07-13T01:15:23","guid":{"rendered":"https:\/\/www.worldfolkvisionitalia.it\/?page_id=5913"},"modified":"2023-07-27T23:08:16","modified_gmt":"2023-07-27T23:08:16","slug":"giudici-danza-aerea","status":"publish","type":"page","link":"https:\/\/www.worldfolkvisionitalia.it\/gb\/giudici-danza-aerea\/","title":{"rendered":"Giudici Danza Aerea"},"content":{"rendered":"\n<p class=\"has-medium-font-size\">Presentiamo per secondo anno consecutivo:<\/p>\n\n\n\n<div class=\"wp-block-cover has-custom-content-position is-position-bottom-left\" style=\"min-height:443px\"><span aria-hidden=\"true\" class=\"wp-block-cover__gradient-background has-background-dim\"><\/span><img loading=\"lazy\" width=\"960\" height=\"640\" class=\"wp-block-cover__image-background wp-image-5959\" alt=\"\" src=\"https:\/\/www.worldfolkvisionitalia.it\/wp-content\/uploads\/2023\/07\/47390937_952183551657660_8532474234591510528_n.jpg\" data-object-fit=\"cover\" srcset=\"https:\/\/www.worldfolkvisionitalia.it\/wp-content\/uploads\/2023\/07\/47390937_952183551657660_8532474234591510528_n.jpg 960w, https:\/\/www.worldfolkvisionitalia.it\/wp-content\/uploads\/2023\/07\/47390937_952183551657660_8532474234591510528_n-300x200.jpg 300w, https:\/\/www.worldfolkvisionitalia.it\/wp-content\/uploads\/2023\/07\/47390937_952183551657660_8532474234591510528_n-768x512.jpg 768w\" sizes=\"(max-width: 960px) 100vw, 960px\" \/><div class=\"wp-block-cover__inner-container\">\n<p class=\"has-text-align-left has-large-font-size\"><strong>MASSIMO BELLO<\/strong><\/p>\n<\/div><\/div>\n\n\n\n<h4><\/h4>\n\n\n\n<h5>La passione per la danza Inizia all&#8217;et\u00e0 di 8 anni grazie al Re del pop Michael Jackson, ed ai famosissimi film di break dance anni 80\u2019, inizia a studiare danza in diverse scuole campane, &nbsp;per poi arrivare a Roma allo IALS<\/h5>\n\n\n\n<h5>Studia e si forma con maestri e coreografi di danza internazionali.<\/h5>\n\n\n\n<h5>Nel 2004 che si avvicina al mondo del circo, lavorando come ballerino in alcuni spettacoli circensi, acquisendo e perfezionando il verticalismo, il palo cinese, il mano a mano e le tecniche aeree,&nbsp; Diventa subito chiaro che queste nuove forme artistiche possono andare a pari passo con la danza, cos\u00ec inizia a mettere in scena delle performance di danza e circo contemporaneo.<\/h5>\n\n\n\n<h5>Nel 2012&nbsp; nasce la compagnia &#8220;Aria e Terra&#8221; un progetto artistico che racchiude tutta l&#8217;esperienza maturata in tantissimi anni.<\/h5>\n\n\n\n<h5>Nel 2015 crea&nbsp; la sede \u2018\u2019Aria e Terra\u2019\u2019&nbsp; in Campania,&nbsp; una struttura polivalente adatta sia per la formazione di giovani artisti che per la creazione di nuovi spettacoli.<\/h5>\n\n\n\n<h5>Fonda insieme ai suoi collaboratori ed amici, &#8220;Roberto Mosca, Paolo Ladisa e Claudio Ladisa&#8221; la compagnia di danza &#8220;New Fusion Style Ballet&#8221;&nbsp;Tourn\u00e8e nazionale con lo spettacolo street dancer<\/h5>\n\n\n\n<ul class=\"wp-container-1 wp-block-social-links\"><li class=\"wp-social-link wp-social-link-chain wp-block-social-link\"><a href=\"https:\/\/www.ariaeterra.com\/massimo-bello\/\" aria-label=\"Link: https:\/\/www.ariaeterra.com\/massimo-bello\/\"  class=\"wp-block-social-link-anchor\"> <svg width=\"24\" height=\"24\" viewBox=\"0 0 24 24\" version=\"1.1\" xmlns=\"http:\/\/www.w3.org\/2000\/svg\" role=\"img\" aria-hidden=\"true\" focusable=\"false\"><path d=\"M19.647,16.706a1.134,1.134,0,0,0-.343-.833l-2.549-2.549a1.134,1.134,0,0,0-.833-.343,1.168,1.168,0,0,0-.883.392l.233.226q.2.189.264.264a2.922,2.922,0,0,1,.184.233.986.986,0,0,1,.159.312,1.242,1.242,0,0,1,.043.337,1.172,1.172,0,0,1-1.176,1.176,1.237,1.237,0,0,1-.337-.043,1,1,0,0,1-.312-.159,2.76,2.76,0,0,1-.233-.184q-.073-.068-.264-.264l-.226-.233a1.19,1.19,0,0,0-.4.895,1.134,1.134,0,0,0,.343.833L15.837,19.3a1.13,1.13,0,0,0,.833.331,1.18,1.18,0,0,0,.833-.318l1.8-1.789a1.12,1.12,0,0,0,.343-.821Zm-8.615-8.64a1.134,1.134,0,0,0-.343-.833L8.163,4.7a1.134,1.134,0,0,0-.833-.343,1.184,1.184,0,0,0-.833.331L4.7,6.473a1.12,1.12,0,0,0-.343.821,1.134,1.134,0,0,0,.343.833l2.549,2.549a1.13,1.13,0,0,0,.833.331,1.184,1.184,0,0,0,.883-.38L8.728,10.4q-.2-.189-.264-.264A2.922,2.922,0,0,1,8.28,9.9a.986.986,0,0,1-.159-.312,1.242,1.242,0,0,1-.043-.337A1.172,1.172,0,0,1,9.254,8.079a1.237,1.237,0,0,1,.337.043,1,1,0,0,1,.312.159,2.761,2.761,0,0,1,.233.184q.073.068.264.264l.226.233a1.19,1.19,0,0,0,.4-.895ZM22,16.706a3.343,3.343,0,0,1-1.042,2.488l-1.8,1.789a3.536,3.536,0,0,1-4.988-.025l-2.525-2.537a3.384,3.384,0,0,1-1.017-2.488,3.448,3.448,0,0,1,1.078-2.561l-1.078-1.078a3.434,3.434,0,0,1-2.549,1.078,3.4,3.4,0,0,1-2.5-1.029L3.029,9.794A3.4,3.4,0,0,1,2,7.294,3.343,3.343,0,0,1,3.042,4.806l1.8-1.789A3.384,3.384,0,0,1,7.331,2a3.357,3.357,0,0,1,2.5,1.042l2.525,2.537a3.384,3.384,0,0,1,1.017,2.488,3.448,3.448,0,0,1-1.078,2.561l1.078,1.078a3.551,3.551,0,0,1,5.049-.049l2.549,2.549A3.4,3.4,0,0,1,22,16.706Z\"><\/path><\/svg><\/a><\/li><\/ul>\n\n\n\n<p><\/p>\n\n\n\n<div class=\"wp-block-cover has-custom-content-position is-position-bottom-left\"><span aria-hidden=\"true\" class=\"wp-block-cover__gradient-background has-background-dim\"><\/span><img loading=\"lazy\" width=\"1280\" height=\"1600\" class=\"wp-block-cover__image-background wp-image-4504\" alt=\"\" src=\"https:\/\/www.worldfolkvisionitalia.it\/wp-content\/uploads\/2022\/06\/CristinaGarces1.jpg\" data-object-fit=\"cover\" srcset=\"https:\/\/www.worldfolkvisionitalia.it\/wp-content\/uploads\/2022\/06\/CristinaGarces1.jpg 1280w, https:\/\/www.worldfolkvisionitalia.it\/wp-content\/uploads\/2022\/06\/CristinaGarces1-240x300.jpg 240w, https:\/\/www.worldfolkvisionitalia.it\/wp-content\/uploads\/2022\/06\/CristinaGarces1-819x1024.jpg 819w, https:\/\/www.worldfolkvisionitalia.it\/wp-content\/uploads\/2022\/06\/CristinaGarces1-768x960.jpg 768w, https:\/\/www.worldfolkvisionitalia.it\/wp-content\/uploads\/2022\/06\/CristinaGarces1-1229x1536.jpg 1229w\" sizes=\"(max-width: 1280px) 100vw, 1280px\" \/><div class=\"wp-block-cover__inner-container\">\n<p class=\"has-text-align-left has-large-font-size\"><strong>CRISTINA GARC\u00c8S<\/strong><\/p>\n<\/div><\/div>\n\n\n\n<p>Laureata in Disegno di Moda in ESDI (Barcellona).Fin da giovane si \u00e8 interessata al lavoro con il corpo e l\u2019arte, ricevendo formazione in musica, danza classica e teatro.&nbsp; Dal anno 2010 in cui ha fatto le sue prime incursioni nel mondo delle acrobazie aeree, si \u00e8 formata in diverse discipline (tessuti, cerchi, corde, trapezi, cinghie)dalla mano di artisti e docenti di fama nazionale ed internazionale,frequentando centri come Hangar Arts trust (Londra) oltre a svolgere una formazione specifica in tecniche di Acrobatica Aerea e Calisthenics (\u201cThe aerial movement\u201d) di Gabriel Tramullas. Durante questo lungo processo di apprendimento si \u00e8 specializzato in cerchio, tessuto e loops.<\/p>\n\n\n\n<p>Si \u00e8 formata come istruttrice di Pilates mat e amaca, di flessibilit\u00e0 con FlexiSegura (Argentina) e contorsion con diverse artiste della disciplina,facendo formazione specifica con Dasha Sovik (Cirque du Soleil) oltre a continuare formandosi finora come istruttrice di questa stessa disciplina con Vanesa Nieva de Fitcontor (Argentina).<\/p>\n\n\n\n<p>Insegnante dal 2013, insegna corsi di aerea, flessibilit\u00e0 e contorsion in diversi centri, oltre ai suoi workshop intensivi sulla tecnica di Cerchio e Tessuti in diverse citt\u00e0 a livello nazionale e internazionale. Dal 2012\u00e8 membro e co-creatore del collettivo \u201cVertigo, danza aerea\u201d eseguendo spettacoli e laboratori di formazione in festival circensi europei come la European Juggling Convention, per diversi anni. Co-fondatore di \u00d2RBITA Espai d\u2019acob\u00e0cia a\u00e8ria, un centro specializzato nella formazione di acrobazie aeree.<\/p>\n\n\n\n<ul class=\"wp-container-2 wp-block-social-links\"><li class=\"wp-social-link wp-social-link-instagram wp-block-social-link\"><a href=\"https:\/\/instagram.com\/aerial.crispy?igshid=OGQ5ZDc2ODk2ZA==\" aria-label=\"Instagram: https:\/\/instagram.com\/aerial.crispy?igshid=OGQ5ZDc2ODk2ZA==\"  class=\"wp-block-social-link-anchor\"> <svg width=\"24\" height=\"24\" viewBox=\"0 0 24 24\" version=\"1.1\" xmlns=\"http:\/\/www.w3.org\/2000\/svg\" role=\"img\" aria-hidden=\"true\" focusable=\"false\"><path d=\"M12,4.622c2.403,0,2.688,0.009,3.637,0.052c0.877,0.04,1.354,0.187,1.671,0.31c0.42,0.163,0.72,0.358,1.035,0.673 c0.315,0.315,0.51,0.615,0.673,1.035c0.123,0.317,0.27,0.794,0.31,1.671c0.043,0.949,0.052,1.234,0.052,3.637 s-0.009,2.688-0.052,3.637c-0.04,0.877-0.187,1.354-0.31,1.671c-0.163,0.42-0.358,0.72-0.673,1.035 c-0.315,0.315-0.615,0.51-1.035,0.673c-0.317,0.123-0.794,0.27-1.671,0.31c-0.949,0.043-1.233,0.052-3.637,0.052 s-2.688-0.009-3.637-0.052c-0.877-0.04-1.354-0.187-1.671-0.31c-0.42-0.163-0.72-0.358-1.035-0.673 c-0.315-0.315-0.51-0.615-0.673-1.035c-0.123-0.317-0.27-0.794-0.31-1.671C4.631,14.688,4.622,14.403,4.622,12 s0.009-2.688,0.052-3.637c0.04-0.877,0.187-1.354,0.31-1.671c0.163-0.42,0.358-0.72,0.673-1.035 c0.315-0.315,0.615-0.51,1.035-0.673c0.317-0.123,0.794-0.27,1.671-0.31C9.312,4.631,9.597,4.622,12,4.622 M12,3 C9.556,3,9.249,3.01,8.289,3.054C7.331,3.098,6.677,3.25,6.105,3.472C5.513,3.702,5.011,4.01,4.511,4.511 c-0.5,0.5-0.808,1.002-1.038,1.594C3.25,6.677,3.098,7.331,3.054,8.289C3.01,9.249,3,9.556,3,12c0,2.444,0.01,2.751,0.054,3.711 c0.044,0.958,0.196,1.612,0.418,2.185c0.23,0.592,0.538,1.094,1.038,1.594c0.5,0.5,1.002,0.808,1.594,1.038 c0.572,0.222,1.227,0.375,2.185,0.418C9.249,20.99,9.556,21,12,21s2.751-0.01,3.711-0.054c0.958-0.044,1.612-0.196,2.185-0.418 c0.592-0.23,1.094-0.538,1.594-1.038c0.5-0.5,0.808-1.002,1.038-1.594c0.222-0.572,0.375-1.227,0.418-2.185 C20.99,14.751,21,14.444,21,12s-0.01-2.751-0.054-3.711c-0.044-0.958-0.196-1.612-0.418-2.185c-0.23-0.592-0.538-1.094-1.038-1.594 c-0.5-0.5-1.002-0.808-1.594-1.038c-0.572-0.222-1.227-0.375-2.185-0.418C14.751,3.01,14.444,3,12,3L12,3z M12,7.378 c-2.552,0-4.622,2.069-4.622,4.622S9.448,16.622,12,16.622s4.622-2.069,4.622-4.622S14.552,7.378,12,7.378z M12,15 c-1.657,0-3-1.343-3-3s1.343-3,3-3s3,1.343,3,3S13.657,15,12,15z M16.804,6.116c-0.596,0-1.08,0.484-1.08,1.08 s0.484,1.08,1.08,1.08c0.596,0,1.08-0.484,1.08-1.08S17.401,6.116,16.804,6.116z\"><\/path><\/svg><\/a><\/li><\/ul>\n\n\n\n<p><\/p>\n\n\n\n<p class=\"has-large-font-size\"><strong>NOVIT\u00c0!!!<\/strong><\/p>\n\n\n\n<p class=\"has-medium-font-size\">Presentiamo alla vincitrice della scorsa edizione nella categoria Senior di Cerchio Elite:<\/p>\n\n\n\n<div class=\"wp-block-cover has-custom-content-position is-position-bottom-left\"><span aria-hidden=\"true\" class=\"wp-block-cover__gradient-background has-background-dim\"><\/span><img loading=\"lazy\" width=\"1200\" height=\"1480\" class=\"wp-block-cover__image-background wp-image-5795\" alt=\"\" src=\"https:\/\/www.worldfolkvisionitalia.it\/wp-content\/uploads\/2023\/07\/Screenshot_2023-07-12-21-32-06-5232.jpeg\" data-object-fit=\"cover\" srcset=\"https:\/\/www.worldfolkvisionitalia.it\/wp-content\/uploads\/2023\/07\/Screenshot_2023-07-12-21-32-06-5232.jpeg 1200w, https:\/\/www.worldfolkvisionitalia.it\/wp-content\/uploads\/2023\/07\/Screenshot_2023-07-12-21-32-06-5232-243x300.jpeg 243w, https:\/\/www.worldfolkvisionitalia.it\/wp-content\/uploads\/2023\/07\/Screenshot_2023-07-12-21-32-06-5232-830x1024.jpeg 830w, https:\/\/www.worldfolkvisionitalia.it\/wp-content\/uploads\/2023\/07\/Screenshot_2023-07-12-21-32-06-5232-768x947.jpeg 768w\" sizes=\"(max-width: 1200px) 100vw, 1200px\" \/><div class=\"wp-block-cover__inner-container\">\n<p class=\"has-text-align-left has-large-font-size\"><strong>MARTA FERRER GALLEGO<\/strong> <\/p>\n<\/div><\/div>\n\n\n\n<p>Si definisce come una persona naturalmente aerea, appassionata dal movimento del corpo e per la condivisione. Ha scoperto questo mondo dopo laurearsi in Ingegneria e Disegno e Sviluppo di un Prodotto e di fare un master in Disegno del Prodotto, ha esercitato questa professione durante quattro anni. La sua visione analitica e lo sviluppo della propriocezione del corpo nello yoga e nel crossfit gli danno gli strumenti per aiutarla a comprendere i movimenti acrobatici e le transizione aeree per cos\u00ec riuscire a trasmettergli facilmente. Nel 2020 si avvicin\u00f2 per prima volta al mondo dell&#8217;aerea e d&#8217;allora ha realizzato la Formazione Professionale in Tecniche Aeree, nello specifico \u201cInstructorado de acrobacias a\u00e9reas y formaci\u00f3n en bases de creaci\u00f3n art\u00edstica\u201d, in Espai \u00d2rbita di Valencia e ha seguito il corso \u201cAerial Hoop Instructor Training Course\u201d in modalit\u00e0 online con Spin City. Mantine lezione regolari e workshop intensivi con Cristina Garc\u00e9s in AeriaRing e con altre discipline e campi complementari come \u201cAcro-Pole Instructor\u201d di L\u00e1nzate Estudio. A maggio del 2022 ha co-fondato insieme a Luc\u00eda Ivorra lo spazio acrobatico e compagnia Spiracle in Gand\u00eda,Valencia, nel quale insegna regolarmente corsi di cerchio, di aerea per bambini e workshops intensivi. Nel 2022 ha fatto il suo debutto con il cerchio nello spettacolo \u201cEn Cru\u201d al teatro TEM di Valencia. Si \u00e8 esibita al VI Gal\u00e0 dello Sport a La Font (Valencia) e all\u2019evento \u201cEmprende y Despega Comunitat Valenciana\u201d (azione contro la fame) Hanno prodotto lo spettacolo \u201cCetonia\u201d con la sua compagnia, Spiracle C\u00eda, rappresentandolo nel festival internazionale di arte urbana \u201cEncuentro Paredes\u201d e nella cerimonia del Monastero di San Jer\u00f3nimo di Cotalba. A dicembre del 2022, durante la 3rd World Dance Competition of Peoples and Cultures, a Montecatini Terme, Italia, ha vinto il primo posto nella categoria individuale Elite Senior Cerchio con la performance \u201cEn Cru\u201d.<\/p>\n\n\n\n<ul class=\"wp-container-3 wp-block-social-links\"><li class=\"wp-social-link wp-social-link-instagram wp-block-social-link\"><a href=\"https:\/\/instagram.com\/marta.spiracle?igshid=YmM0MjE2YWMzOA==\" aria-label=\"Instagram: https:\/\/instagram.com\/marta.spiracle?igshid=YmM0MjE2YWMzOA==\"  class=\"wp-block-social-link-anchor\"> <svg width=\"24\" height=\"24\" viewBox=\"0 0 24 24\" version=\"1.1\" xmlns=\"http:\/\/www.w3.org\/2000\/svg\" role=\"img\" aria-hidden=\"true\" focusable=\"false\"><path d=\"M12,4.622c2.403,0,2.688,0.009,3.637,0.052c0.877,0.04,1.354,0.187,1.671,0.31c0.42,0.163,0.72,0.358,1.035,0.673 c0.315,0.315,0.51,0.615,0.673,1.035c0.123,0.317,0.27,0.794,0.31,1.671c0.043,0.949,0.052,1.234,0.052,3.637 s-0.009,2.688-0.052,3.637c-0.04,0.877-0.187,1.354-0.31,1.671c-0.163,0.42-0.358,0.72-0.673,1.035 c-0.315,0.315-0.615,0.51-1.035,0.673c-0.317,0.123-0.794,0.27-1.671,0.31c-0.949,0.043-1.233,0.052-3.637,0.052 s-2.688-0.009-3.637-0.052c-0.877-0.04-1.354-0.187-1.671-0.31c-0.42-0.163-0.72-0.358-1.035-0.673 c-0.315-0.315-0.51-0.615-0.673-1.035c-0.123-0.317-0.27-0.794-0.31-1.671C4.631,14.688,4.622,14.403,4.622,12 s0.009-2.688,0.052-3.637c0.04-0.877,0.187-1.354,0.31-1.671c0.163-0.42,0.358-0.72,0.673-1.035 c0.315-0.315,0.615-0.51,1.035-0.673c0.317-0.123,0.794-0.27,1.671-0.31C9.312,4.631,9.597,4.622,12,4.622 M12,3 C9.556,3,9.249,3.01,8.289,3.054C7.331,3.098,6.677,3.25,6.105,3.472C5.513,3.702,5.011,4.01,4.511,4.511 c-0.5,0.5-0.808,1.002-1.038,1.594C3.25,6.677,3.098,7.331,3.054,8.289C3.01,9.249,3,9.556,3,12c0,2.444,0.01,2.751,0.054,3.711 c0.044,0.958,0.196,1.612,0.418,2.185c0.23,0.592,0.538,1.094,1.038,1.594c0.5,0.5,1.002,0.808,1.594,1.038 c0.572,0.222,1.227,0.375,2.185,0.418C9.249,20.99,9.556,21,12,21s2.751-0.01,3.711-0.054c0.958-0.044,1.612-0.196,2.185-0.418 c0.592-0.23,1.094-0.538,1.594-1.038c0.5-0.5,0.808-1.002,1.038-1.594c0.222-0.572,0.375-1.227,0.418-2.185 C20.99,14.751,21,14.444,21,12s-0.01-2.751-0.054-3.711c-0.044-0.958-0.196-1.612-0.418-2.185c-0.23-0.592-0.538-1.094-1.038-1.594 c-0.5-0.5-1.002-0.808-1.594-1.038c-0.572-0.222-1.227-0.375-2.185-0.418C14.751,3.01,14.444,3,12,3L12,3z M12,7.378 c-2.552,0-4.622,2.069-4.622,4.622S9.448,16.622,12,16.622s4.622-2.069,4.622-4.622S14.552,7.378,12,7.378z M12,15 c-1.657,0-3-1.343-3-3s1.343-3,3-3s3,1.343,3,3S13.657,15,12,15z M16.804,6.116c-0.596,0-1.08,0.484-1.08,1.08 s0.484,1.08,1.08,1.08c0.596,0,1.08-0.484,1.08-1.08S17.401,6.116,16.804,6.116z\"><\/path><\/svg><\/a><\/li><\/ul>\n","protected":false},"excerpt":{"rendered":"<p>Presentiamo per secondo anno consecutivo: La passione per la danza Inizia all&#8217;et\u00e0 di 8 anni grazie al Re del pop [&hellip;]<\/p>\n","protected":false},"author":6,"featured_media":0,"parent":0,"menu_order":0,"comment_status":"closed","ping_status":"closed","template":"","meta":[],"translation":{"provider":"WPGlobus","version":"2.12.2","language":"gb","enabled_languages":["it","gb"],"languages":{"it":{"title":true,"content":true,"excerpt":false},"gb":{"title":false,"content":false,"excerpt":false}}},"yoast_head":"<!-- This site is optimized with the Yoast SEO plugin v19.4 - https:\/\/yoast.com\/wordpress\/plugins\/seo\/ -->\n<title>Giudici Danza Aerea - World Folk Vision Italia<\/title>\n<meta name=\"robots\" content=\"index, follow, max-snippet:-1, max-image-preview:large, max-video-preview:-1\" \/>\n<link rel=\"canonical\" href=\"https:\/\/www.worldfolkvisionitalia.it\/giudici-danza-aerea\/\" \/>\n<meta property=\"og:locale\" content=\"en_GB\" \/>\n<meta property=\"og:type\" content=\"article\" \/>\n<meta property=\"og:title\" content=\"Giudici Danza Aerea - World Folk Vision Italia\" \/>\n<meta property=\"og:url\" content=\"https:\/\/www.worldfolkvisionitalia.it\/giudici-danza-aerea\/\" \/>\n<meta property=\"og:site_name\" content=\"World Folk Vision Italia\" \/>\n<meta property=\"article:modified_time\" content=\"2023-07-27T23:08:16+00:00\" \/>\n<meta property=\"og:image\" content=\"https:\/\/www.worldfolkvisionitalia.it\/wp-content\/uploads\/2023\/07\/giuria-danza-aerea-2023-1024x724.jpg\" \/>\n\t<meta property=\"og:image:width\" content=\"2000\" \/>\n\t<meta property=\"og:image:height\" content=\"1414\" \/>\n\t<meta property=\"og:image:type\" content=\"image\/jpeg\" \/>\n<meta name=\"twitter:card\" content=\"summary_large_image\" \/>\n<meta name=\"twitter:label1\" content=\"Est. reading time\" \/>\n\t<meta name=\"twitter:data1\" content=\"5 minutes\" \/>\n<script type=\"application\/ld+json\" class=\"yoast-schema-graph\">{\"@context\":\"https:\/\/schema.org\",\"@graph\":[{\"@type\":\"Organization\",\"@id\":\"https:\/\/www.worldfolkvisionitalia.it\/#organization\",\"name\":\"World Folk Vision Italia\",\"url\":\"https:\/\/www.worldfolkvisionitalia.it\/\",\"sameAs\":[],\"logo\":{\"@type\":\"ImageObject\",\"inLanguage\":\"en-GB\",\"@id\":\"https:\/\/www.worldfolkvisionitalia.it\/#\/schema\/logo\/image\/\",\"url\":\"https:\/\/www.worldfolkvisionitalia.it\/wp-content\/uploads\/2024\/02\/cropped-WDC_final_pos-02-e1706888538326.png\",\"contentUrl\":\"https:\/\/www.worldfolkvisionitalia.it\/wp-content\/uploads\/2024\/02\/cropped-WDC_final_pos-02-e1706888538326.png\",\"width\":300,\"height\":109,\"caption\":\"World Folk Vision Italia\"},\"image\":{\"@id\":\"https:\/\/www.worldfolkvisionitalia.it\/#\/schema\/logo\/image\/\"}},{\"@type\":\"WebSite\",\"@id\":\"https:\/\/www.worldfolkvisionitalia.it\/#website\",\"url\":\"https:\/\/www.worldfolkvisionitalia.it\/\",\"name\":\"World Folk Vision Italia\",\"description\":\"\",\"publisher\":{\"@id\":\"https:\/\/www.worldfolkvisionitalia.it\/#organization\"},\"potentialAction\":[{\"@type\":\"SearchAction\",\"target\":{\"@type\":\"EntryPoint\",\"urlTemplate\":\"https:\/\/www.worldfolkvisionitalia.it\/?s={search_term_string}\"},\"query-input\":\"required name=search_term_string\"}],\"inLanguage\":\"en-GB\"},{\"@type\":\"WebPage\",\"@id\":\"https:\/\/www.worldfolkvisionitalia.it\/giudici-danza-aerea\/\",\"url\":\"https:\/\/www.worldfolkvisionitalia.it\/giudici-danza-aerea\/\",\"name\":\"Giudici Danza Aerea - World Folk Vision Italia\",\"isPartOf\":{\"@id\":\"https:\/\/www.worldfolkvisionitalia.it\/#website\"},\"datePublished\":\"2023-07-13T01:15:23+00:00\",\"dateModified\":\"2023-07-27T23:08:16+00:00\",\"description\":\"% PPP\",\"breadcrumb\":{\"@id\":\"https:\/\/www.worldfolkvisionitalia.it\/giudici-danza-aerea\/#breadcrumb\"},\"inLanguage\":\"en-GB\",\"potentialAction\":[{\"@type\":\"ReadAction\",\"target\":[\"https:\/\/www.worldfolkvisionitalia.it\/giudici-danza-aerea\/\"]}]},{\"@type\":\"BreadcrumbList\",\"@id\":\"https:\/\/www.worldfolkvisionitalia.it\/giudici-danza-aerea\/#breadcrumb\",\"itemListElement\":[{\"@type\":\"ListItem\",\"position\":1,\"name\":\"Home\",\"item\":\"https:\/\/www.worldfolkvisionitalia.it\/\"},{\"@type\":\"ListItem\",\"position\":2,\"name\":\"Giudici Danza Aerea\"}]}]}<\/script>\n<!-- \/ Yoast SEO plugin. -->","yoast_head_json":{"title":"Giudici Danza Aerea - World Folk Vision Italia","robots":{"index":"index","follow":"follow","max-snippet":"max-snippet:-1","max-image-preview":"max-image-preview:large","max-video-preview":"max-video-preview:-1"},"canonical":"https:\/\/www.worldfolkvisionitalia.it\/giudici-danza-aerea\/","og_locale":"en_GB","og_type":"article","og_title":"Giudici Danza Aerea - World Folk Vision Italia","og_url":"https:\/\/www.worldfolkvisionitalia.it\/giudici-danza-aerea\/","og_site_name":"World Folk Vision Italia","article_modified_time":"2023-07-27T23:08:16+00:00","og_image":[{"width":2000,"height":1414,"url":"https:\/\/www.worldfolkvisionitalia.it\/wp-content\/uploads\/2023\/07\/giuria-danza-aerea-2023-1024x724.jpg","type":"image\/jpeg"}],"twitter_card":"summary_large_image","twitter_misc":{"Est. reading time":"5 minutes"},"schema":{"@context":"https:\/\/schema.org","@graph":[{"@type":"Organization","@id":"https:\/\/www.worldfolkvisionitalia.it\/#organization","name":"World Folk Vision Italia","url":"https:\/\/www.worldfolkvisionitalia.it\/","sameAs":[],"logo":{"@type":"ImageObject","inLanguage":"en-GB","@id":"https:\/\/www.worldfolkvisionitalia.it\/#\/schema\/logo\/image\/","url":"https:\/\/www.worldfolkvisionitalia.it\/wp-content\/uploads\/2024\/02\/cropped-WDC_final_pos-02-e1706888538326.png","contentUrl":"https:\/\/www.worldfolkvisionitalia.it\/wp-content\/uploads\/2024\/02\/cropped-WDC_final_pos-02-e1706888538326.png","width":300,"height":109,"caption":"World Folk Vision Italia"},"image":{"@id":"https:\/\/www.worldfolkvisionitalia.it\/#\/schema\/logo\/image\/"}},{"@type":"WebSite","@id":"https:\/\/www.worldfolkvisionitalia.it\/#website","url":"https:\/\/www.worldfolkvisionitalia.it\/","name":"World Folk Vision Italia","description":"","publisher":{"@id":"https:\/\/www.worldfolkvisionitalia.it\/#organization"},"potentialAction":[{"@type":"SearchAction","target":{"@type":"EntryPoint","urlTemplate":"https:\/\/www.worldfolkvisionitalia.it\/?s={search_term_string}"},"query-input":"required name=search_term_string"}],"inLanguage":"en-GB"},{"@type":"WebPage","@id":"https:\/\/www.worldfolkvisionitalia.it\/giudici-danza-aerea\/","url":"https:\/\/www.worldfolkvisionitalia.it\/giudici-danza-aerea\/","name":"Giudici Danza Aerea - World Folk Vision Italia","isPartOf":{"@id":"https:\/\/www.worldfolkvisionitalia.it\/#website"},"datePublished":"2023-07-13T01:15:23+00:00","dateModified":"2023-07-27T23:08:16+00:00","description":"% PPP","breadcrumb":{"@id":"https:\/\/www.worldfolkvisionitalia.it\/giudici-danza-aerea\/#breadcrumb"},"inLanguage":"en-GB","potentialAction":[{"@type":"ReadAction","target":["https:\/\/www.worldfolkvisionitalia.it\/giudici-danza-aerea\/"]}]},{"@type":"BreadcrumbList","@id":"https:\/\/www.worldfolkvisionitalia.it\/giudici-danza-aerea\/#breadcrumb","itemListElement":[{"@type":"ListItem","position":1,"name":"Home","item":"https:\/\/www.worldfolkvisionitalia.it\/"},{"@type":"ListItem","position":2,"name":"Giudici Danza Aerea"}]}]}},"_links":{"self":[{"href":"https:\/\/www.worldfolkvisionitalia.it\/gb\/wp-json\/wp\/v2\/pages\/5913"}],"collection":[{"href":"https:\/\/www.worldfolkvisionitalia.it\/gb\/wp-json\/wp\/v2\/pages"}],"about":[{"href":"https:\/\/www.worldfolkvisionitalia.it\/gb\/wp-json\/wp\/v2\/types\/page"}],"author":[{"embeddable":true,"href":"https:\/\/www.worldfolkvisionitalia.it\/gb\/wp-json\/wp\/v2\/users\/6"}],"replies":[{"embeddable":true,"href":"https:\/\/www.worldfolkvisionitalia.it\/gb\/wp-json\/wp\/v2\/comments?post=5913"}],"version-history":[{"count":16,"href":"https:\/\/www.worldfolkvisionitalia.it\/gb\/wp-json\/wp\/v2\/pages\/5913\/revisions"}],"predecessor-version":[{"id":6457,"href":"https:\/\/www.worldfolkvisionitalia.it\/gb\/wp-json\/wp\/v2\/pages\/5913\/revisions\/6457"}],"wp:attachment":[{"href":"https:\/\/www.worldfolkvisionitalia.it\/gb\/wp-json\/wp\/v2\/media?parent=5913"}],"curies":[{"name":"wp","href":"https:\/\/api.w.org\/{rel}","templated":true}]}}