{"id":6014,"date":"2023-07-23T13:56:32","date_gmt":"2023-07-23T13:56:32","guid":{"rendered":"https:\/\/www.worldfolkvisionitalia.it\/?page_id=6014"},"modified":"2024-03-02T14:52:09","modified_gmt":"2024-03-02T14:52:09","slug":"contest-mixstyle","status":"publish","type":"page","link":"https:\/\/www.worldfolkvisionitalia.it\/gb\/contest-mixstyle\/","title":{"rendered":"Battle Gum Mixstyle"},"content":{"rendered":"\n<p>Regolamento Battle GumBattle Mixstyle 1vs1 kids under 12.2vs2 over 12. <\/p>\n\n\n\n<p>L&#8217;evento Battle Gum \u00e8 un evento di mixstyle ed \u00e8 caratterizzato dalla libert\u00e0 espressiva, con possibilit\u00e0 di utilizzare tutti gli stili della street dance(es: hip hop-breaking -house-waaking-popping ecc&#8230; ).Le entrate avranno una durata massima di un minuto&nbsp; a testa, tranne le sfide finali che saranno di un minuto e trenta a partecipante. <\/p>\n\n\n\n<p>Nel 2vs2 non sono previste divisioni n\u00e9 per et\u00e0 n\u00e9 per livello. Nel 2vs2 l&#8217;entrata pu\u00f2 essere singola o in coppia, quindi sono accettate le Sincro. La musica sar\u00e0 a discrezione del dj che non avr\u00e0 limitazioni sul genere musicale. La gara avr\u00e0 una fase iniziale dove le coppie verranno selezionate dopo una dimostrazione di un minuto a testa per iscritto, i&nbsp;giudici successivamente sceglieranno le coppie che&nbsp; andranno a formare il tabellone degli ottavi di finale.<\/p>\n\n\n\n<p>Stessa modalit\u00e0 verr\u00e0 utilizzata con la categoria 1vs1 Kids under 12. La giuria valuter\u00e0 i seguenti parametri: Originalit\u00e0 &#8211; musicalit\u00e0 &#8211; tecnica. <\/p>\n\n\n\n<p>Saranno squalificanti i partecipanti che manifesteranno un comportamento non adeguato ai canoni della buona educazione nei confronti dei giudici, dell&#8217;organizzazione o verso gli avversari. <\/p>\n\n\n\n<p>Successivamente fino le ore 23 il dj suoner\u00e0 musica black music per tutti i presenti. <\/p>\n\n\n\n<p>Orari di massima<\/p>\n\n\n\n<p>Riapertura iscrizione ore 11 chiusura ore 13,45 <br>17:00 Inizio selezioni Kids 1vs1 under 12.  <br>17:15 Selezioni 2vs2 over 12.  <br>17:30 Inizio Battle 1vs1 under 12. <br>Si continuer\u00e0 fino alle semifinali, a seguire gli ottavi di finale 2vs2 over, anche qui si continuer\u00e0 fino alle semifinali <br>19:00 Pausa cena <br>Ore 20:30 Semifinali\/Finali\u00a0<br>Terminate le Battle after party &#8220;black sound&#8221; con dj Roberto still.  <br>Ore 23:00 Chiusura\u00a0<\/p>\n\n\n\n<p>La quota di iscrizione on line tramite piattaforma, entro il 30 novembre \u00e8 di 35 euro a persona per la categoria 2vs2 over 12. per iscrizioni dopo il 30 Novembre e sul posto tre ore prima dell&#8217;inizio competizione 50 euro a persona per la categoria 2vs2 over 12.<br><\/p>\n\n\n\n<p>I montepremi nella categoria Kids: Abbigliamento\/workshop gratuiti. Categoria 2vs2 400 euro. per i primi classificati per i secondi 160 euro il versamento sar\u00e0 fatto da Aics nazionale tramite bonifico o versamento su carta, i vincitori dovranno fornire tutti i dati per poter effettuare da parte di Aics nazionale il pagamento del premio in regola con le normative fiscali.<\/p>\n\n\n\n<p>Trofeo per i primi tre classificati per ogni categoria, attestato di partecipazione a tutti gli iscritti<\/p>\n\n\n\n<p><strong>I partecipanti al concorso anche se iscritti in altre categorie (classico-moderno- tap dance- ecc\u2026),potranno iscriversi ugualmente alla battle<\/strong>, ma il costo d&#8217;iscrizione, sar\u00e0 calcolato a parte.<\/p>\n\n\n\n<p>Le iscrizioni alla Battle possono essere fatte sul sito: <a href=\"https:\/\/campionati.aics.it\/danza-internazionale\/\" target=\"_blank\" rel=\"noreferrer noopener\">https:\/\/campionati.aics.it\/danza-internazionale\/<\/a>&nbsp;. Oppure all&#8217;entrata della manifestazione entro le ore 14:00 del giorno 07\/12\/2024.<\/p>\n\n\n\n<p><\/p>\n\n\n\n<p><\/p>\n","protected":false},"excerpt":{"rendered":"<p>Regolamento Battle GumBattle Mixstyle 1vs1 kids under 12.2vs2 over 12. L&#8217;evento Battle Gum \u00e8 un evento di mixstyle ed \u00e8 [&hellip;]<\/p>\n","protected":false},"author":1,"featured_media":0,"parent":0,"menu_order":0,"comment_status":"closed","ping_status":"closed","template":"","meta":[],"translation":{"provider":"WPGlobus","version":"2.12.2","language":"gb","enabled_languages":["it","gb"],"languages":{"it":{"title":true,"content":true,"excerpt":false},"gb":{"title":false,"content":false,"excerpt":false}}},"yoast_head":"<!-- This site is optimized with the Yoast SEO plugin v19.4 - https:\/\/yoast.com\/wordpress\/plugins\/seo\/ -->\n<title>Battle Gum Mixstyle - World Folk Vision Italia<\/title>\n<meta name=\"robots\" content=\"index, follow, max-snippet:-1, max-image-preview:large, max-video-preview:-1\" \/>\n<link rel=\"canonical\" href=\"https:\/\/www.worldfolkvisionitalia.it\/contest-mixstyle\/\" \/>\n<meta property=\"og:locale\" content=\"en_GB\" \/>\n<meta property=\"og:type\" content=\"article\" \/>\n<meta property=\"og:title\" content=\"Battle Gum Mixstyle - World Folk Vision Italia\" \/>\n<meta property=\"og:url\" content=\"https:\/\/www.worldfolkvisionitalia.it\/contest-mixstyle\/\" \/>\n<meta property=\"og:site_name\" content=\"World Folk Vision Italia\" \/>\n<meta property=\"article:modified_time\" content=\"2024-03-02T14:52:09+00:00\" \/>\n<meta name=\"twitter:card\" content=\"summary_large_image\" \/>\n<meta name=\"twitter:label1\" content=\"Est. reading time\" \/>\n\t<meta name=\"twitter:data1\" content=\"3 minutes\" \/>\n<script type=\"application\/ld+json\" class=\"yoast-schema-graph\">{\"@context\":\"https:\/\/schema.org\",\"@graph\":[{\"@type\":\"Organization\",\"@id\":\"https:\/\/www.worldfolkvisionitalia.it\/#organization\",\"name\":\"World Folk Vision Italia\",\"url\":\"https:\/\/www.worldfolkvisionitalia.it\/\",\"sameAs\":[],\"logo\":{\"@type\":\"ImageObject\",\"inLanguage\":\"en-GB\",\"@id\":\"https:\/\/www.worldfolkvisionitalia.it\/#\/schema\/logo\/image\/\",\"url\":\"https:\/\/www.worldfolkvisionitalia.it\/wp-content\/uploads\/2024\/02\/cropped-WDC_final_pos-02-e1706888538326.png\",\"contentUrl\":\"https:\/\/www.worldfolkvisionitalia.it\/wp-content\/uploads\/2024\/02\/cropped-WDC_final_pos-02-e1706888538326.png\",\"width\":300,\"height\":109,\"caption\":\"World Folk Vision Italia\"},\"image\":{\"@id\":\"https:\/\/www.worldfolkvisionitalia.it\/#\/schema\/logo\/image\/\"}},{\"@type\":\"WebSite\",\"@id\":\"https:\/\/www.worldfolkvisionitalia.it\/#website\",\"url\":\"https:\/\/www.worldfolkvisionitalia.it\/\",\"name\":\"World Folk Vision Italia\",\"description\":\"\",\"publisher\":{\"@id\":\"https:\/\/www.worldfolkvisionitalia.it\/#organization\"},\"potentialAction\":[{\"@type\":\"SearchAction\",\"target\":{\"@type\":\"EntryPoint\",\"urlTemplate\":\"https:\/\/www.worldfolkvisionitalia.it\/?s={search_term_string}\"},\"query-input\":\"required name=search_term_string\"}],\"inLanguage\":\"en-GB\"},{\"@type\":\"WebPage\",\"@id\":\"https:\/\/www.worldfolkvisionitalia.it\/contest-mixstyle\/\",\"url\":\"https:\/\/www.worldfolkvisionitalia.it\/contest-mixstyle\/\",\"name\":\"Battle Gum Mixstyle - World Folk Vision Italia\",\"isPartOf\":{\"@id\":\"https:\/\/www.worldfolkvisionitalia.it\/#website\"},\"datePublished\":\"2023-07-23T13:56:32+00:00\",\"dateModified\":\"2024-03-02T14:52:09+00:00\",\"breadcrumb\":{\"@id\":\"https:\/\/www.worldfolkvisionitalia.it\/contest-mixstyle\/#breadcrumb\"},\"inLanguage\":\"en-GB\",\"potentialAction\":[{\"@type\":\"ReadAction\",\"target\":[\"https:\/\/www.worldfolkvisionitalia.it\/contest-mixstyle\/\"]}]},{\"@type\":\"BreadcrumbList\",\"@id\":\"https:\/\/www.worldfolkvisionitalia.it\/contest-mixstyle\/#breadcrumb\",\"itemListElement\":[{\"@type\":\"ListItem\",\"position\":1,\"name\":\"Home\",\"item\":\"https:\/\/www.worldfolkvisionitalia.it\/\"},{\"@type\":\"ListItem\",\"position\":2,\"name\":\"Battle Gum Mixstyle\"}]}]}<\/script>\n<!-- \/ Yoast SEO plugin. -->","yoast_head_json":{"title":"Battle Gum Mixstyle - World Folk Vision Italia","robots":{"index":"index","follow":"follow","max-snippet":"max-snippet:-1","max-image-preview":"max-image-preview:large","max-video-preview":"max-video-preview:-1"},"canonical":"https:\/\/www.worldfolkvisionitalia.it\/contest-mixstyle\/","og_locale":"en_GB","og_type":"article","og_title":"Battle Gum Mixstyle - World Folk Vision Italia","og_url":"https:\/\/www.worldfolkvisionitalia.it\/contest-mixstyle\/","og_site_name":"World Folk Vision Italia","article_modified_time":"2024-03-02T14:52:09+00:00","twitter_card":"summary_large_image","twitter_misc":{"Est. reading time":"3 minutes"},"schema":{"@context":"https:\/\/schema.org","@graph":[{"@type":"Organization","@id":"https:\/\/www.worldfolkvisionitalia.it\/#organization","name":"World Folk Vision Italia","url":"https:\/\/www.worldfolkvisionitalia.it\/","sameAs":[],"logo":{"@type":"ImageObject","inLanguage":"en-GB","@id":"https:\/\/www.worldfolkvisionitalia.it\/#\/schema\/logo\/image\/","url":"https:\/\/www.worldfolkvisionitalia.it\/wp-content\/uploads\/2024\/02\/cropped-WDC_final_pos-02-e1706888538326.png","contentUrl":"https:\/\/www.worldfolkvisionitalia.it\/wp-content\/uploads\/2024\/02\/cropped-WDC_final_pos-02-e1706888538326.png","width":300,"height":109,"caption":"World Folk Vision Italia"},"image":{"@id":"https:\/\/www.worldfolkvisionitalia.it\/#\/schema\/logo\/image\/"}},{"@type":"WebSite","@id":"https:\/\/www.worldfolkvisionitalia.it\/#website","url":"https:\/\/www.worldfolkvisionitalia.it\/","name":"World Folk Vision Italia","description":"","publisher":{"@id":"https:\/\/www.worldfolkvisionitalia.it\/#organization"},"potentialAction":[{"@type":"SearchAction","target":{"@type":"EntryPoint","urlTemplate":"https:\/\/www.worldfolkvisionitalia.it\/?s={search_term_string}"},"query-input":"required name=search_term_string"}],"inLanguage":"en-GB"},{"@type":"WebPage","@id":"https:\/\/www.worldfolkvisionitalia.it\/contest-mixstyle\/","url":"https:\/\/www.worldfolkvisionitalia.it\/contest-mixstyle\/","name":"Battle Gum Mixstyle - World Folk Vision Italia","isPartOf":{"@id":"https:\/\/www.worldfolkvisionitalia.it\/#website"},"datePublished":"2023-07-23T13:56:32+00:00","dateModified":"2024-03-02T14:52:09+00:00","breadcrumb":{"@id":"https:\/\/www.worldfolkvisionitalia.it\/contest-mixstyle\/#breadcrumb"},"inLanguage":"en-GB","potentialAction":[{"@type":"ReadAction","target":["https:\/\/www.worldfolkvisionitalia.it\/contest-mixstyle\/"]}]},{"@type":"BreadcrumbList","@id":"https:\/\/www.worldfolkvisionitalia.it\/contest-mixstyle\/#breadcrumb","itemListElement":[{"@type":"ListItem","position":1,"name":"Home","item":"https:\/\/www.worldfolkvisionitalia.it\/"},{"@type":"ListItem","position":2,"name":"Battle Gum Mixstyle"}]}]}},"_links":{"self":[{"href":"https:\/\/www.worldfolkvisionitalia.it\/gb\/wp-json\/wp\/v2\/pages\/6014"}],"collection":[{"href":"https:\/\/www.worldfolkvisionitalia.it\/gb\/wp-json\/wp\/v2\/pages"}],"about":[{"href":"https:\/\/www.worldfolkvisionitalia.it\/gb\/wp-json\/wp\/v2\/types\/page"}],"author":[{"embeddable":true,"href":"https:\/\/www.worldfolkvisionitalia.it\/gb\/wp-json\/wp\/v2\/users\/1"}],"replies":[{"embeddable":true,"href":"https:\/\/www.worldfolkvisionitalia.it\/gb\/wp-json\/wp\/v2\/comments?post=6014"}],"version-history":[{"count":19,"href":"https:\/\/www.worldfolkvisionitalia.it\/gb\/wp-json\/wp\/v2\/pages\/6014\/revisions"}],"predecessor-version":[{"id":6961,"href":"https:\/\/www.worldfolkvisionitalia.it\/gb\/wp-json\/wp\/v2\/pages\/6014\/revisions\/6961"}],"wp:attachment":[{"href":"https:\/\/www.worldfolkvisionitalia.it\/gb\/wp-json\/wp\/v2\/media?parent=6014"}],"curies":[{"name":"wp","href":"https:\/\/api.w.org\/{rel}","templated":true}]}}