{"id":6305,"date":"2023-10-09T20:50:41","date_gmt":"2023-10-09T20:50:41","guid":{"rendered":"https:\/\/www.worldfolkvisionitalia.it\/?page_id=6305"},"modified":"2023-10-09T20:50:41","modified_gmt":"2023-10-09T20:50:41","slug":"tap-dance","status":"publish","type":"page","link":"https:\/\/www.worldfolkvisionitalia.it\/gb\/tap-dance\/","title":{"rendered":"Tap Dance"},"content":{"rendered":"\n<figure class=\"wp-block-image size-full\"><img loading=\"lazy\" width=\"421\" height=\"706\" src=\"https:\/\/www.worldfolkvisionitalia.it\/wp-content\/uploads\/2023\/10\/Schermata-2023-10-09-alle-22.35.46-2.png\" alt=\"\" class=\"wp-image-6306\" srcset=\"https:\/\/www.worldfolkvisionitalia.it\/wp-content\/uploads\/2023\/10\/Schermata-2023-10-09-alle-22.35.46-2.png 421w, https:\/\/www.worldfolkvisionitalia.it\/wp-content\/uploads\/2023\/10\/Schermata-2023-10-09-alle-22.35.46-2-179x300.png 179w\" sizes=\"(max-width: 421px) 100vw, 421px\" \/><\/figure>\n\n\n\n<figure class=\"wp-block-image size-full is-resized\"><img loading=\"lazy\" src=\"https:\/\/www.worldfolkvisionitalia.it\/wp-content\/uploads\/2023\/10\/Schermata-2023-10-09-alle-22.39.45-2.png\" alt=\"\" class=\"wp-image-6307\" width=\"419\" height=\"256\" srcset=\"https:\/\/www.worldfolkvisionitalia.it\/wp-content\/uploads\/2023\/10\/Schermata-2023-10-09-alle-22.39.45-2.png 358w, https:\/\/www.worldfolkvisionitalia.it\/wp-content\/uploads\/2023\/10\/Schermata-2023-10-09-alle-22.39.45-2-300x184.png 300w\" sizes=\"(max-width: 419px) 100vw, 419px\" \/><\/figure>\n\n\n\n<p>REGOLAMENTO TAP DANCE<br><br><\/p>\n\n\n\n<p>CATEGORIE<br>(et\u00e0 media dei partecipanti)<br>Mini 5-8 anni<br>youth 8-12 anni<br>Junior 13-18 anni<br>Senior dai 18 anni<br>SEZIONI e durata delle performance<br>Assoli da 2 a 2, 30 min<br>Passo a due da 2 a 3 min<br>Piccolo gruppo da 2, 30 a 3, 30 min<br>Grandi gruppi da 3 a 5 min<br>CRITERI DI VALUTAZIONE<br>Energia, espressione e interpretazione<br>punteggio da 1 a 10<br>Esecuzione pulita di suoni<br>punteggio da 1 a 10<br>Precisione ritmica e aderenza al timing<br>punteggio da 1 a 10<br>coefficente di difficolt\u00e0 tecnica<br>1 punto in pi\u00f9 per bassa difficolt\u00e0<br>2 punti in pi\u00f9 per media difficolt\u00e0<br>3 punti in pi\u00f9 per una composizione complessa.<br>\u00c9 necessaria aderenza di costumi e trucco allo stile del brano proposto in altro caso<br>saranno previsti dei punti di penalit\u00e0.<br>\u00c8 possibile l&#8217;utilizzo di oggetti di scena di semplice trasportabilit\u00e0 e piccole dimensioni a<br>scopo scenografico, in questo caso non in fluir\u00e0 sulla valutazione, qual&#8217;ora fossero<br>integrati all&#8217;interno della performance con ruolo di strumento percussivo, in tal caso<br>rientreranno e avranno rilievo nell&#8217;attribuzione del coefficiente di difficolt\u00e0.<br>Le basi musicali vanno inviate almeno 7gg prima in formato MP3 in alta qualit\u00e0<br>\u00e8 altres\u00ec possibile esibirsi solamente con base ritmica (su metronomo registrato in MP3<br>come fosse una base) oppure prevedere un accompagnamento ritmico\/musicale dal vivo<br>con l&#8217;utilizzo di strumenti ritmici percussivi.<br>PREMI SPECIALi<br>Borse di Studio per il Siracusa Tap Festival.<br>Borse di studio per viaggi studio a Barcellona e New York rilasciate direttamente da<br>Davide Accossato<\/p>\n","protected":false},"excerpt":{"rendered":"<p>REGOLAMENTO TAP DANCE CATEGORIE(et\u00e0 media dei partecipanti)Mini 5-8 anniyouth 8-12 anniJunior 13-18 anniSenior dai 18 anniSEZIONI e durata delle performanceAssoli [&hellip;]<\/p>\n","protected":false},"author":4,"featured_media":0,"parent":0,"menu_order":0,"comment_status":"closed","ping_status":"closed","template":"","meta":[],"translation":{"provider":"WPGlobus","version":"2.12.2","language":"gb","enabled_languages":["it","gb"],"languages":{"it":{"title":true,"content":true,"excerpt":false},"gb":{"title":false,"content":false,"excerpt":false}}},"yoast_head":"<!-- This site is optimized with the Yoast SEO plugin v19.4 - https:\/\/yoast.com\/wordpress\/plugins\/seo\/ -->\n<title>Tap Dance - World Folk Vision Italia<\/title>\n<meta name=\"robots\" content=\"index, follow, max-snippet:-1, max-image-preview:large, max-video-preview:-1\" \/>\n<link rel=\"canonical\" href=\"https:\/\/www.worldfolkvisionitalia.it\/tap-dance\/\" \/>\n<meta property=\"og:locale\" content=\"en_GB\" \/>\n<meta property=\"og:type\" content=\"article\" \/>\n<meta property=\"og:title\" content=\"Tap Dance - World Folk Vision Italia\" \/>\n<meta property=\"og:url\" content=\"https:\/\/www.worldfolkvisionitalia.it\/tap-dance\/\" \/>\n<meta property=\"og:site_name\" content=\"World Folk Vision Italia\" \/>\n<meta property=\"og:image\" content=\"https:\/\/www.worldfolkvisionitalia.it\/wp-content\/uploads\/2023\/10\/Schermata-2023-10-09-alle-22.35.46-2.png\" \/>\n<meta name=\"twitter:card\" content=\"summary_large_image\" \/>\n<meta name=\"twitter:label1\" content=\"Est. reading time\" \/>\n\t<meta name=\"twitter:data1\" content=\"2 minutes\" \/>\n<script type=\"application\/ld+json\" class=\"yoast-schema-graph\">{\"@context\":\"https:\/\/schema.org\",\"@graph\":[{\"@type\":\"Organization\",\"@id\":\"https:\/\/www.worldfolkvisionitalia.it\/#organization\",\"name\":\"World Folk Vision Italia\",\"url\":\"https:\/\/www.worldfolkvisionitalia.it\/\",\"sameAs\":[],\"logo\":{\"@type\":\"ImageObject\",\"inLanguage\":\"en-GB\",\"@id\":\"https:\/\/www.worldfolkvisionitalia.it\/#\/schema\/logo\/image\/\",\"url\":\"https:\/\/www.worldfolkvisionitalia.it\/wp-content\/uploads\/2024\/02\/cropped-WDC_final_pos-02-e1706888538326.png\",\"contentUrl\":\"https:\/\/www.worldfolkvisionitalia.it\/wp-content\/uploads\/2024\/02\/cropped-WDC_final_pos-02-e1706888538326.png\",\"width\":300,\"height\":109,\"caption\":\"World Folk Vision Italia\"},\"image\":{\"@id\":\"https:\/\/www.worldfolkvisionitalia.it\/#\/schema\/logo\/image\/\"}},{\"@type\":\"WebSite\",\"@id\":\"https:\/\/www.worldfolkvisionitalia.it\/#website\",\"url\":\"https:\/\/www.worldfolkvisionitalia.it\/\",\"name\":\"World Folk Vision Italia\",\"description\":\"\",\"publisher\":{\"@id\":\"https:\/\/www.worldfolkvisionitalia.it\/#organization\"},\"potentialAction\":[{\"@type\":\"SearchAction\",\"target\":{\"@type\":\"EntryPoint\",\"urlTemplate\":\"https:\/\/www.worldfolkvisionitalia.it\/?s={search_term_string}\"},\"query-input\":\"required name=search_term_string\"}],\"inLanguage\":\"en-GB\"},{\"@type\":\"WebPage\",\"@id\":\"https:\/\/www.worldfolkvisionitalia.it\/tap-dance\/\",\"url\":\"https:\/\/www.worldfolkvisionitalia.it\/tap-dance\/\",\"name\":\"Tap Dance - World Folk Vision Italia\",\"isPartOf\":{\"@id\":\"https:\/\/www.worldfolkvisionitalia.it\/#website\"},\"datePublished\":\"2023-10-09T20:50:41+00:00\",\"dateModified\":\"2023-10-09T20:50:41+00:00\",\"description\":\"Tap Dance, Tip Tap\",\"breadcrumb\":{\"@id\":\"https:\/\/www.worldfolkvisionitalia.it\/tap-dance\/#breadcrumb\"},\"inLanguage\":\"en-GB\",\"potentialAction\":[{\"@type\":\"ReadAction\",\"target\":[\"https:\/\/www.worldfolkvisionitalia.it\/tap-dance\/\"]}]},{\"@type\":\"BreadcrumbList\",\"@id\":\"https:\/\/www.worldfolkvisionitalia.it\/tap-dance\/#breadcrumb\",\"itemListElement\":[{\"@type\":\"ListItem\",\"position\":1,\"name\":\"Home\",\"item\":\"https:\/\/www.worldfolkvisionitalia.it\/\"},{\"@type\":\"ListItem\",\"position\":2,\"name\":\"Tap Dance\"}]}]}<\/script>\n<!-- \/ Yoast SEO plugin. -->","yoast_head_json":{"title":"Tap Dance - World Folk Vision Italia","robots":{"index":"index","follow":"follow","max-snippet":"max-snippet:-1","max-image-preview":"max-image-preview:large","max-video-preview":"max-video-preview:-1"},"canonical":"https:\/\/www.worldfolkvisionitalia.it\/tap-dance\/","og_locale":"en_GB","og_type":"article","og_title":"Tap Dance - World Folk Vision Italia","og_url":"https:\/\/www.worldfolkvisionitalia.it\/tap-dance\/","og_site_name":"World Folk Vision Italia","og_image":[{"url":"https:\/\/www.worldfolkvisionitalia.it\/wp-content\/uploads\/2023\/10\/Schermata-2023-10-09-alle-22.35.46-2.png"}],"twitter_card":"summary_large_image","twitter_misc":{"Est. reading time":"2 minutes"},"schema":{"@context":"https:\/\/schema.org","@graph":[{"@type":"Organization","@id":"https:\/\/www.worldfolkvisionitalia.it\/#organization","name":"World Folk Vision Italia","url":"https:\/\/www.worldfolkvisionitalia.it\/","sameAs":[],"logo":{"@type":"ImageObject","inLanguage":"en-GB","@id":"https:\/\/www.worldfolkvisionitalia.it\/#\/schema\/logo\/image\/","url":"https:\/\/www.worldfolkvisionitalia.it\/wp-content\/uploads\/2024\/02\/cropped-WDC_final_pos-02-e1706888538326.png","contentUrl":"https:\/\/www.worldfolkvisionitalia.it\/wp-content\/uploads\/2024\/02\/cropped-WDC_final_pos-02-e1706888538326.png","width":300,"height":109,"caption":"World Folk Vision Italia"},"image":{"@id":"https:\/\/www.worldfolkvisionitalia.it\/#\/schema\/logo\/image\/"}},{"@type":"WebSite","@id":"https:\/\/www.worldfolkvisionitalia.it\/#website","url":"https:\/\/www.worldfolkvisionitalia.it\/","name":"World Folk Vision Italia","description":"","publisher":{"@id":"https:\/\/www.worldfolkvisionitalia.it\/#organization"},"potentialAction":[{"@type":"SearchAction","target":{"@type":"EntryPoint","urlTemplate":"https:\/\/www.worldfolkvisionitalia.it\/?s={search_term_string}"},"query-input":"required name=search_term_string"}],"inLanguage":"en-GB"},{"@type":"WebPage","@id":"https:\/\/www.worldfolkvisionitalia.it\/tap-dance\/","url":"https:\/\/www.worldfolkvisionitalia.it\/tap-dance\/","name":"Tap Dance - World Folk Vision Italia","isPartOf":{"@id":"https:\/\/www.worldfolkvisionitalia.it\/#website"},"datePublished":"2023-10-09T20:50:41+00:00","dateModified":"2023-10-09T20:50:41+00:00","description":"Tap Dance, Tip Tap","breadcrumb":{"@id":"https:\/\/www.worldfolkvisionitalia.it\/tap-dance\/#breadcrumb"},"inLanguage":"en-GB","potentialAction":[{"@type":"ReadAction","target":["https:\/\/www.worldfolkvisionitalia.it\/tap-dance\/"]}]},{"@type":"BreadcrumbList","@id":"https:\/\/www.worldfolkvisionitalia.it\/tap-dance\/#breadcrumb","itemListElement":[{"@type":"ListItem","position":1,"name":"Home","item":"https:\/\/www.worldfolkvisionitalia.it\/"},{"@type":"ListItem","position":2,"name":"Tap Dance"}]}]}},"_links":{"self":[{"href":"https:\/\/www.worldfolkvisionitalia.it\/gb\/wp-json\/wp\/v2\/pages\/6305"}],"collection":[{"href":"https:\/\/www.worldfolkvisionitalia.it\/gb\/wp-json\/wp\/v2\/pages"}],"about":[{"href":"https:\/\/www.worldfolkvisionitalia.it\/gb\/wp-json\/wp\/v2\/types\/page"}],"author":[{"embeddable":true,"href":"https:\/\/www.worldfolkvisionitalia.it\/gb\/wp-json\/wp\/v2\/users\/4"}],"replies":[{"embeddable":true,"href":"https:\/\/www.worldfolkvisionitalia.it\/gb\/wp-json\/wp\/v2\/comments?post=6305"}],"version-history":[{"count":1,"href":"https:\/\/www.worldfolkvisionitalia.it\/gb\/wp-json\/wp\/v2\/pages\/6305\/revisions"}],"predecessor-version":[{"id":6308,"href":"https:\/\/www.worldfolkvisionitalia.it\/gb\/wp-json\/wp\/v2\/pages\/6305\/revisions\/6308"}],"wp:attachment":[{"href":"https:\/\/www.worldfolkvisionitalia.it\/gb\/wp-json\/wp\/v2\/media?parent=6305"}],"curies":[{"name":"wp","href":"https:\/\/api.w.org\/{rel}","templated":true}]}}