{"id":6562,"date":"2024-01-23T19:06:28","date_gmt":"2024-01-23T19:06:28","guid":{"rendered":"https:\/\/www.worldfolkvisionitalia.it\/?page_id=6562"},"modified":"2024-01-23T19:06:29","modified_gmt":"2024-01-23T19:06:29","slug":"regolamento-generale-selezioni","status":"publish","type":"page","link":"https:\/\/www.worldfolkvisionitalia.it\/gb\/regolamento-generale-selezioni\/","title":{"rendered":"Regolamento Generale Selezioni"},"content":{"rendered":"\n<h2>Regolamento generale di partecipazione<\/h2>\n\n\n\n<p><br>Regolamento Danze e Culture Internazionali AICS world Folk Vision Italia.<br>Selezioni Nazionali per accedere alla Finale Internazionale del 8\/10 Dicembre 2024<br>\u201cWorld Competition Off Dance Peoples and Cultures\u201d<\/p>\n\n\n\n<p>Sono previste selezioni nazionali in varie citt\u00e0 d\u2019Italia, e una Finale Internazionale aperta a tutte le nazioni che si terr\u00e0 al Teatro Verdi di Montecatini Terme dall\u2019 08 al 10 Dicembre 2024, nel corso della quale saranno proclamati i vincitori della Finale Internazionale. Alla finale Italiana possono partecipare solo i vincitori di Borsa di studio conquistate nelle selezioni italiane, in<br>presenza oppure online. Per i partecipanti di altre nazioni tramite finali di concorso nei loro paesi o direttamente tramite richiesta scritta inviata a danzecultureinternazionali@aics.it<br>La partecipazione alle selezioni Italiane \u00e8 aperta ai tesserati AICS e di altri Enti di Promozione e Federazioni., dai 6 anni in su che siano in possesso del certificato medico di idoneit\u00e0 sportiva.<br>Minutaggio delle coreografie \u00e8 solo considerato il tempo massimo, per il minimo \u00e8 libero.<br>Solisti: tempo massimo 2,30 minuti<br>Coppia, Duo 3 minuti, Piccolo Gruppo: tempo massimo 4 minuti.<br>Ensemble Grandi Gruppi (anche di Folk e balli popolari): tempo massimo 5 minuti.<br>Danze popolari e folk (superiore a quindici ballerini, musicisti e cantanti): tempo massimo 7,00 minuti.<br>Per il\/i concorrente\/i che non rispetter\u00e0 il tempo massimo previsto subir\u00e0 una penalizzazione uguale alla met\u00e0 del punteggio.<br>Fascia d\u2019et\u00e0: 6\/7 promozionale \u2013 8\/9 Mini \u2013 10\/12 Youth \u2013 13\/16 Junior \u2013 17\/34 Adulti- sopra 35 Senior<br>Due i livelli dalla categoria Mini: livello A pi\u00f9 alto livello B pi\u00f9 basso a discrezione della coreografa. Se la giuria o direttore gara nel livello B vedesse che la ballerina\/o avesse capacit\u00e0 molto pi\u00f9 alte rispetto al suo livello, l\u2019esibizione verr\u00e0 spostata in A.<br>Nel caso non si raggiungesse il minimo di due iscrizioni nella stessa fascia di et\u00e0, sar\u00e0 accorpata nella fascia pi\u00f9 alta. Esempio da junior ad adulti oppure da Mini B a Mini A<br>Per individuare la fascia di et\u00e0 alla quale si pu\u00f2 partecipare per gruppo o passo a due, duetto, va fatta la media dell\u2019et\u00e0 (vanno sommate l\u2019et\u00e0 di tutti gli allievi e diviso per i componenti del gruppo). Esempio: se la media sar\u00e0 risulter\u00e0 essere pari a 12,90, la categoria d\u2019appartenenza sar\u00e0 Youth.<br>La quota d\u2019iscrizione alla selezione nazionale<br>Solisti \u2013 45 euro assolo Iscritti Aics 40 la seconda esibizione 30 euro<br>Passo a Due, Duetto 90 Iscritti Aics 80 la seconda esibizione 50 euro<br>Piccolo gruppo (da 3\/5) 90 euro Iscritti Aics 80<br>Grande Gruppo (da 6 a 10) 160 euro per ogni ballerino in pi\u00f9 15 euro per Iscritti Aics 150<br>Nel caso non si dovesse raggiungere un minimo d\u2019iscrizioni l\u2019organizzazione avr\u00e0 la facolt\u00e0 di decidere l\u2019annullamento del concorso, restituendo le quote d\u2019iscrizione per intero.<br>La quota dovr\u00e0 essere inviata tramite bonifico bancario a Aics Direzione Nazionale codice IBAN<br>IT 75 I 01030 03271 000061460833 bic\/swift PASCITM1A37: causale: Partecipazione Alla Selezione Di ..( Inserire Il Posto), inviare copia Bonifico e Iscrizione on Line che troverete nel Sito www.worldflkvisionitalia.it<br>Da questa quota sono esclusi vitto e alloggio, e spese di viaggio, tutto a carico del partecipante.<br>Nel caso di rinuncia per qualsiasi motivo anche per malattia, la quota d\u2019iscrizione versata non sar\u00e0 restituita.<br>Premi per le selezioni nazionali A tutti i partecipanti verr\u00e0 rilasciato un attestato di partecipazione. Saranno premiati i primi tre<br>classificati di ogni disciplina e fascia di et\u00e0. Premi speciali per il Talento e consegna di borse di studio per accedere alla Finale Internazionale di Montecatini Terme 8\/10 Dicembre 2023.<br>Targa di partecipazione alle associazioni di Danza iscritte<\/p>\n\n\n\n<p><strong>Criteri di valutazione<\/strong><br>La giuria del concorso sar\u00e0 formata da maestri di chiara fama, i cui nomi saranno pubblicati sul sito ufficiale www.worldfolkvisionitalia.it.<br>La giuria valuter\u00e0 le esibizioni in gara con un voto da 1 a 10 compresi il mezzo punto. La giuria potr\u00e0 assegnare premi speciali e borse di studio anche tra i non vincitori.<br>Le decisioni della Giuria e l\u2019assegnazione dei premi saranno definitive e senza appello.<br>Solo il capo gruppo o responsabile della scuola, per delucidazioni si potr\u00e0 solo rivolgere al Direttore gara.<br>Tutte le esibizioni avranno come luce un piazzato bianco. Sono ammessi i saluti.<br>\u00c8 consentito utilizzare in scena solo oggetti di facile trasporto e che non richiedano alcun montaggio, solo per il fantasy o Coreografiphic Dance, piccola scenografia di larghezza massima 2 m altezza 180 cm. devono essere portate in scena dal partecipante.<br>Le musiche dovranno essere inviate via mail in formato MP3 alla email grabryg22@hotmail.it e il giorno del concorso la scuola sar\u00e0 tenuta a portare una chiavetta USB con tutti i brani musicali in concorso. Importato nome e cognome categoria disciplina nome coreografia, per gruppi nome scuola e coreografia.<br>Per esigenze organizzative potranno essere apportate modifiche al presente regolamento. Se apportate verr\u00e0 inviata immediata comunicazione alle scuole interessate via mail\/social,&nbsp;<strong>per le comunicazioni sar\u00e0 creata una chat su WhatsApp<\/strong>.<\/p>\n\n\n\n<p>I<strong>MPORTANTE<\/strong>\u2013 Eventuali contestazioni potranno essere accolte solo per iscritto riportando ben chiaro la motivazione con i dati di chi la presenta e firma; il Direttore Gara si riserver\u00e0 di convocare o rispondere in tempi che riterr\u00e0 opportuno, dopo attenta analisi, confrontandosi con la commissione.<\/p>\n","protected":false},"excerpt":{"rendered":"<p>Regolamento generale di partecipazione Regolamento Danze e Culture Internazionali AICS world Folk Vision Italia.Selezioni Nazionali per accedere alla Finale Internazionale [&hellip;]<\/p>\n","protected":false},"author":1,"featured_media":0,"parent":0,"menu_order":0,"comment_status":"closed","ping_status":"closed","template":"","meta":[],"translation":{"provider":"WPGlobus","version":"2.12.2","language":"gb","enabled_languages":["it","gb"],"languages":{"it":{"title":true,"content":true,"excerpt":false},"gb":{"title":false,"content":false,"excerpt":false}}},"yoast_head":"<!-- This site is optimized with the Yoast SEO plugin v19.4 - https:\/\/yoast.com\/wordpress\/plugins\/seo\/ -->\n<title>Regolamento Generale Selezioni - World Folk Vision Italia<\/title>\n<meta name=\"robots\" content=\"index, follow, max-snippet:-1, max-image-preview:large, max-video-preview:-1\" \/>\n<link rel=\"canonical\" href=\"https:\/\/www.worldfolkvisionitalia.it\/regolamento-generale-selezioni\/\" \/>\n<meta property=\"og:locale\" content=\"en_GB\" \/>\n<meta property=\"og:type\" content=\"article\" \/>\n<meta property=\"og:title\" content=\"Regolamento Generale Selezioni - World Folk Vision Italia\" \/>\n<meta property=\"og:url\" content=\"https:\/\/www.worldfolkvisionitalia.it\/regolamento-generale-selezioni\/\" \/>\n<meta property=\"og:site_name\" content=\"World Folk Vision Italia\" \/>\n<meta property=\"article:modified_time\" content=\"2024-01-23T19:06:29+00:00\" \/>\n<meta name=\"twitter:card\" content=\"summary_large_image\" \/>\n<meta name=\"twitter:label1\" content=\"Est. reading time\" \/>\n\t<meta name=\"twitter:data1\" content=\"5 minutes\" \/>\n<script type=\"application\/ld+json\" class=\"yoast-schema-graph\">{\"@context\":\"https:\/\/schema.org\",\"@graph\":[{\"@type\":\"Organization\",\"@id\":\"https:\/\/www.worldfolkvisionitalia.it\/#organization\",\"name\":\"World Folk Vision Italia\",\"url\":\"https:\/\/www.worldfolkvisionitalia.it\/\",\"sameAs\":[],\"logo\":{\"@type\":\"ImageObject\",\"inLanguage\":\"en-GB\",\"@id\":\"https:\/\/www.worldfolkvisionitalia.it\/#\/schema\/logo\/image\/\",\"url\":\"https:\/\/www.worldfolkvisionitalia.it\/wp-content\/uploads\/2024\/02\/cropped-WDC_final_pos-02-e1706888538326.png\",\"contentUrl\":\"https:\/\/www.worldfolkvisionitalia.it\/wp-content\/uploads\/2024\/02\/cropped-WDC_final_pos-02-e1706888538326.png\",\"width\":300,\"height\":109,\"caption\":\"World Folk Vision Italia\"},\"image\":{\"@id\":\"https:\/\/www.worldfolkvisionitalia.it\/#\/schema\/logo\/image\/\"}},{\"@type\":\"WebSite\",\"@id\":\"https:\/\/www.worldfolkvisionitalia.it\/#website\",\"url\":\"https:\/\/www.worldfolkvisionitalia.it\/\",\"name\":\"World Folk Vision Italia\",\"description\":\"\",\"publisher\":{\"@id\":\"https:\/\/www.worldfolkvisionitalia.it\/#organization\"},\"potentialAction\":[{\"@type\":\"SearchAction\",\"target\":{\"@type\":\"EntryPoint\",\"urlTemplate\":\"https:\/\/www.worldfolkvisionitalia.it\/?s={search_term_string}\"},\"query-input\":\"required name=search_term_string\"}],\"inLanguage\":\"en-GB\"},{\"@type\":\"WebPage\",\"@id\":\"https:\/\/www.worldfolkvisionitalia.it\/regolamento-generale-selezioni\/\",\"url\":\"https:\/\/www.worldfolkvisionitalia.it\/regolamento-generale-selezioni\/\",\"name\":\"Regolamento Generale Selezioni - World Folk Vision Italia\",\"isPartOf\":{\"@id\":\"https:\/\/www.worldfolkvisionitalia.it\/#website\"},\"datePublished\":\"2024-01-23T19:06:28+00:00\",\"dateModified\":\"2024-01-23T19:06:29+00:00\",\"breadcrumb\":{\"@id\":\"https:\/\/www.worldfolkvisionitalia.it\/regolamento-generale-selezioni\/#breadcrumb\"},\"inLanguage\":\"en-GB\",\"potentialAction\":[{\"@type\":\"ReadAction\",\"target\":[\"https:\/\/www.worldfolkvisionitalia.it\/regolamento-generale-selezioni\/\"]}]},{\"@type\":\"BreadcrumbList\",\"@id\":\"https:\/\/www.worldfolkvisionitalia.it\/regolamento-generale-selezioni\/#breadcrumb\",\"itemListElement\":[{\"@type\":\"ListItem\",\"position\":1,\"name\":\"Home\",\"item\":\"https:\/\/www.worldfolkvisionitalia.it\/\"},{\"@type\":\"ListItem\",\"position\":2,\"name\":\"Regolamento Generale Selezioni\"}]}]}<\/script>\n<!-- \/ Yoast SEO plugin. -->","yoast_head_json":{"title":"Regolamento Generale Selezioni - World Folk Vision Italia","robots":{"index":"index","follow":"follow","max-snippet":"max-snippet:-1","max-image-preview":"max-image-preview:large","max-video-preview":"max-video-preview:-1"},"canonical":"https:\/\/www.worldfolkvisionitalia.it\/regolamento-generale-selezioni\/","og_locale":"en_GB","og_type":"article","og_title":"Regolamento Generale Selezioni - World Folk Vision Italia","og_url":"https:\/\/www.worldfolkvisionitalia.it\/regolamento-generale-selezioni\/","og_site_name":"World Folk Vision Italia","article_modified_time":"2024-01-23T19:06:29+00:00","twitter_card":"summary_large_image","twitter_misc":{"Est. reading time":"5 minutes"},"schema":{"@context":"https:\/\/schema.org","@graph":[{"@type":"Organization","@id":"https:\/\/www.worldfolkvisionitalia.it\/#organization","name":"World Folk Vision Italia","url":"https:\/\/www.worldfolkvisionitalia.it\/","sameAs":[],"logo":{"@type":"ImageObject","inLanguage":"en-GB","@id":"https:\/\/www.worldfolkvisionitalia.it\/#\/schema\/logo\/image\/","url":"https:\/\/www.worldfolkvisionitalia.it\/wp-content\/uploads\/2024\/02\/cropped-WDC_final_pos-02-e1706888538326.png","contentUrl":"https:\/\/www.worldfolkvisionitalia.it\/wp-content\/uploads\/2024\/02\/cropped-WDC_final_pos-02-e1706888538326.png","width":300,"height":109,"caption":"World Folk Vision Italia"},"image":{"@id":"https:\/\/www.worldfolkvisionitalia.it\/#\/schema\/logo\/image\/"}},{"@type":"WebSite","@id":"https:\/\/www.worldfolkvisionitalia.it\/#website","url":"https:\/\/www.worldfolkvisionitalia.it\/","name":"World Folk Vision Italia","description":"","publisher":{"@id":"https:\/\/www.worldfolkvisionitalia.it\/#organization"},"potentialAction":[{"@type":"SearchAction","target":{"@type":"EntryPoint","urlTemplate":"https:\/\/www.worldfolkvisionitalia.it\/?s={search_term_string}"},"query-input":"required name=search_term_string"}],"inLanguage":"en-GB"},{"@type":"WebPage","@id":"https:\/\/www.worldfolkvisionitalia.it\/regolamento-generale-selezioni\/","url":"https:\/\/www.worldfolkvisionitalia.it\/regolamento-generale-selezioni\/","name":"Regolamento Generale Selezioni - World Folk Vision Italia","isPartOf":{"@id":"https:\/\/www.worldfolkvisionitalia.it\/#website"},"datePublished":"2024-01-23T19:06:28+00:00","dateModified":"2024-01-23T19:06:29+00:00","breadcrumb":{"@id":"https:\/\/www.worldfolkvisionitalia.it\/regolamento-generale-selezioni\/#breadcrumb"},"inLanguage":"en-GB","potentialAction":[{"@type":"ReadAction","target":["https:\/\/www.worldfolkvisionitalia.it\/regolamento-generale-selezioni\/"]}]},{"@type":"BreadcrumbList","@id":"https:\/\/www.worldfolkvisionitalia.it\/regolamento-generale-selezioni\/#breadcrumb","itemListElement":[{"@type":"ListItem","position":1,"name":"Home","item":"https:\/\/www.worldfolkvisionitalia.it\/"},{"@type":"ListItem","position":2,"name":"Regolamento Generale Selezioni"}]}]}},"_links":{"self":[{"href":"https:\/\/www.worldfolkvisionitalia.it\/gb\/wp-json\/wp\/v2\/pages\/6562"}],"collection":[{"href":"https:\/\/www.worldfolkvisionitalia.it\/gb\/wp-json\/wp\/v2\/pages"}],"about":[{"href":"https:\/\/www.worldfolkvisionitalia.it\/gb\/wp-json\/wp\/v2\/types\/page"}],"author":[{"embeddable":true,"href":"https:\/\/www.worldfolkvisionitalia.it\/gb\/wp-json\/wp\/v2\/users\/1"}],"replies":[{"embeddable":true,"href":"https:\/\/www.worldfolkvisionitalia.it\/gb\/wp-json\/wp\/v2\/comments?post=6562"}],"version-history":[{"count":1,"href":"https:\/\/www.worldfolkvisionitalia.it\/gb\/wp-json\/wp\/v2\/pages\/6562\/revisions"}],"predecessor-version":[{"id":6563,"href":"https:\/\/www.worldfolkvisionitalia.it\/gb\/wp-json\/wp\/v2\/pages\/6562\/revisions\/6563"}],"wp:attachment":[{"href":"https:\/\/www.worldfolkvisionitalia.it\/gb\/wp-json\/wp\/v2\/media?parent=6562"}],"curies":[{"name":"wp","href":"https:\/\/api.w.org\/{rel}","templated":true}]}}