{"id":6579,"date":"2024-01-23T19:26:06","date_gmt":"2024-01-23T19:26:06","guid":{"rendered":"https:\/\/www.worldfolkvisionitalia.it\/?page_id=6579"},"modified":"2024-02-05T16:19:37","modified_gmt":"2024-02-05T16:19:37","slug":"viterbo-2024","status":"publish","type":"page","link":"https:\/\/www.worldfolkvisionitalia.it\/gb\/viterbo-2024\/","title":{"rendered":"1 Giugno 2024 Viterbo Teatro San Leonardo Concorso di Danza"},"content":{"rendered":"\n<p><strong>Le iscrizioni si apriranno il 1 marzo per chiudersi il 15 Maggio<\/strong> essendo a numero chiuso appena raggiunto il numero massimo di iscritti chiuderemo le iscrizioni anche prima del giorno stabilito. Il tutto deve essere fatto tramite piattaforma On Line<\/p>\n\n\n\n<p><a href=\"https:\/\/www.bistrotdelteatro.com\/\">https:\/\/www.bistrotdelteatro.com\/<\/a><\/p>\n\n\n\n<figure class=\"wp-block-image size-full\"><img loading=\"lazy\" width=\"220\" height=\"78\" src=\"https:\/\/www.worldfolkvisionitalia.it\/wp-content\/uploads\/2024\/02\/logo-teatro.png\" alt=\"\" class=\"wp-image-6731\"\/><\/figure>\n\n\n\n<h2>Per tutti gli iscritti al concorso Master Class gratuita <\/h2>\n\n\n\n<h1>Regolamento Concorso Danza<\/h1>\n\n\n\n<p>Discipline ammesse danza classica, moderna, contemporanea, hip hop, fantasy<\/p>\n\n\n\n<p>REGOLAMENTO DI PARTECIPAZIONE<br>Concorso Citt\u00e0 di Viterbo <br>Regolamento Danze e Culture Internazionali AICS world Folk Vision Italia.<br>Selezioni Nazionali per accedere alla Finale Internazionale del 6\/08 Dicembre 2024 \u201cWorld Competition Off Dance Peoples &amp; Cultures\u201d<br>Sono previste selezioni nazionali in varie citt\u00e0 d\u2019Italia, e una Finale Internazionale aperta a tutte le nazioni che si terr\u00e0 al Teatro Verdi di Montecatini Terme dall\u2019 06 al 08 Dicembre 2024, nel corso della quale saranno proclamati i vincitori della Finale Internazionale. Alla finale Italiana possono partecipare solo i vincitori di Borsa di studio conquistate nelle selezioni italiane, in<br>presenza oppure online. Per i partecipanti di altre nazioni tramite finali di concorso nei loro paesi o direttamente tramite richiesta scritta inviata a danzecultureinternazionali@aics.it<br>La partecipazione alle selezioni Italiane \u00e8 aperta ai tesserati AICS e di altri Enti di Promozione e Federazioni., dai 6 anni in su che siano in possesso del certificato medico di idoneit\u00e0 sportiva.<br>Minutaggio delle coreografie \u00e8 solo considerato il tempo massimo, per il minimo \u00e8 libero.<br>Solisti: tempo massimo 2,30 minuti Coppia, Duo, Piccolo Gruppo: tempo massimo 3 minuti.<br>Ensemble Grandi Gruppi (anche di Folk e balli popolari): tempo massimo 5 minuti.<br>Danze popolari e folk (superiore a quindici ballerini, musicisti e cantanti): tempo massimo 7,00 minuti.<br>Per il\/i concorrente\/i che non rispetter\u00e0 il tempo massimo previsto subir\u00e0 una penalizzazione uguale alla met\u00e0 del punteggio.<br>Fascia d\u2019et\u00e0: 6\/7 promozionale \u2013 8\/9 Mini \u2013 10\/12 Youth \u2013 13\/16 Junior \u2013 17\/34 Adulti- sopra 35 Senior<br>Due i livelli nalla categoria Mini: livello A pi\u00f9 alto livello B pi\u00f9 basso a discrezione della coreografa. Se la giuria o direttore gara nel livello B vedesse che la ballerina\/o avesse capacit\u00e0 molto pi\u00f9 alte rispetto al suo livello, l\u2019esibizione verr\u00e0 spostata in A.<br>Nel caso non si raggiungesse il minimo di due iscrizioni nella stessa fascia di et\u00e0, sar\u00e0 accorpata nella fascia pi\u00f9 alta. Esempio da junior ad adulti oppure da Mini B a Mini A<\/p>\n\n\n\n<p>Per individuare la fascia di et\u00e0 alla quale si pu\u00f2 partecipare per gruppo o passo a due, duetto, va fatta la media dell\u2019et\u00e0 (vanno sommate l\u2019et\u00e0 di tutti gli allievi e diviso per i componenti del gruppo). Esempio: se la media sar\u00e0 risulter\u00e0 essere pari a 12,90, la categoria d\u2019appartenenza sar\u00e0 Youth.<br>La quota d\u2019iscrizione alla selezione nazionale<br>Solisti \u2013 50 euro assolo Iscritti Aics 45<br>Passo a Due, Duetto 100 Iscritti Aics 90<br>Piccolo gruppo (da 3\/6) 100 euro Iscritti Aics 90<br>Grande Gruppo (da 7 a 10) 170 euro per ogni ballerino in pi\u00f9 15 euro Iscritti Aics 160 per ogni ballerino in pi\u00f9 15 euro<br>Nel caso non si dovesse raggiungere un minimo d\u2019iscrizioni l\u2019organizzazione avr\u00e0 la facolt\u00e0 di decidere l\u2019annullamento del concorso, restituendo le quote d\u2019iscrizione per intero.<br>La quota dovr\u00e0 essere inviata tramite bonifico bancario a<br>Aics Direzione Nazionale codice IBAN IT 75 I 01030 03271 000061460833<br>bic\/swift PASCITM1A37:<br>causale: Partecipazione Alla Selezione Di ..( Inserire Il Posto), inviare copia Bonifico e Iscrizione on Line che troverete nel<br>Sito www.worldflkvisionitalia.it<br>Da questa quota sono esclusi vitto e alloggio, e spese di viaggio, tutto a carico del partecipante.<br>Nel caso di rinuncia per qualsiasi motivo anche per malattia, la quota d\u2019iscrizione versata non sar\u00e0 restituita.<br>Premi per le selezioni nazionali<br>A tutti i partecipanti verr\u00e0 rilasciato un attestato di partecipazione. Saranno premiati i primi tre classificati di ogni disciplina e fascia di et\u00e0. Premi speciali per il Talento e consegna di borse di studio per accedere alla Finale Internazionale di Montecatini Terme 6\/08 Dicembre 2024.<br>Targa di partecipazione alle associazioni di Danza iscritte<\/p>\n\n\n\n<p>Criteri di valutazione<br>Selezione e Finale Italiana CRITERI D\u00cc VALUTAZIONE:<br>La giuria del concorso sar\u00e0 formata da maestri di chiara fama, i cui nomi saranno pubblicati sul<br>sito ufficiale www.worldfolkvisionitalia.it.<br>La giuria valuter\u00e0 le esibizioni in gara con un voto da 1 a 10 compresi il mezzo punto + e \u2013 in La<br>giuria potr\u00e0 assegnare premi speciali e borse di studio anche tra i non vincitori.<br>Le decisioni della Giuria e l\u2019assegnazione dei premi saranno definitive e senza appello.<br><strong>Solo il capo gruppo<\/strong>&nbsp;o responsabile della scuola, per delucidazioni si potr\u00e0 solo rivolgere al Direttore gara.<br>Tutte le esibizioni avranno come luce un piazzato bianco. Non sono ammessi saluti.<br>\u00c8 consentito utilizzare in scena solo oggetti di facile trasporto e che non richiedano alcun montaggio, solo per il fantasy piccola scenografia di larghezza massima 2 m altezza 180 cm.<br>devono essere portate in scena dal partecipante.<br><strong>Le musiche<\/strong>&nbsp;dovranno essere inviate via mail in formato MP3 alla email Gabriele Gargiulo\u201d&nbsp;<a href=\"mailto:gabryg22@hotmail.it\">gabryg22@hotmail.it<\/a>&nbsp;oppure&nbsp;<a href=\"mailto:mail@gabrielegargiulo.it\">mail@gabrielegargiulo.it<\/a><br>e il giorno del concorso la scuola sar\u00e0 tenuta a portare una chiavetta USB con tutti i brani musicali in concorso. Importato nome e cognome categoria disciplina nome coreografia, per gruppi nome scuola e coreografia.<br>Per esigenze organizzative potranno essere apportate modifiche al presente regolamento. Se apportate verr\u00e0 inviata immediata comunicazione alle scuole interessate via mail\/social.<br>IMPORTANTE- Eventuali contestazioni potranno essere accolte solo per iscritto riportando ben chiaro la motivazione con i dati di chi la presenta e firma; il Direttore Gara si riserver\u00e0 di convocare o rispondere in tempi che riterr\u00e0 opportuno.<\/p>\n\n\n\n<h2>Giuria<\/h2>\n\n\n\n<figure class=\"wp-block-gallery has-nested-images columns-default is-cropped\">\n<figure class=\"wp-block-image size-large\"><img loading=\"lazy\" width=\"4500\" height=\"4500\" data-id=\"6550\"  src=\"https:\/\/www.worldfolkvisionitalia.it\/wp-content\/uploads\/2024\/01\/WDC_select_pos_AICS-03.png\" alt=\"\" class=\"wp-image-6550\" srcset=\"https:\/\/www.worldfolkvisionitalia.it\/wp-content\/uploads\/2024\/01\/WDC_select_pos_AICS-03.png 4500w, https:\/\/www.worldfolkvisionitalia.it\/wp-content\/uploads\/2024\/01\/WDC_select_pos_AICS-03-300x300.png 300w, https:\/\/www.worldfolkvisionitalia.it\/wp-content\/uploads\/2024\/01\/WDC_select_pos_AICS-03-1024x1024.png 1024w, https:\/\/www.worldfolkvisionitalia.it\/wp-content\/uploads\/2024\/01\/WDC_select_pos_AICS-03-150x150.png 150w, https:\/\/www.worldfolkvisionitalia.it\/wp-content\/uploads\/2024\/01\/WDC_select_pos_AICS-03-768x768.png 768w, https:\/\/www.worldfolkvisionitalia.it\/wp-content\/uploads\/2024\/01\/WDC_select_pos_AICS-03-1536x1536.png 1536w, https:\/\/www.worldfolkvisionitalia.it\/wp-content\/uploads\/2024\/01\/WDC_select_pos_AICS-03-2048x2048.png 2048w\" sizes=\"(max-width: 4500px) 100vw, 4500px\" \/><\/figure>\n\n\n\n<figure class=\"wp-block-image size-large\"><img loading=\"lazy\" width=\"4500\" height=\"4500\" data-id=\"6198\"  src=\"https:\/\/www.worldfolkvisionitalia.it\/wp-content\/uploads\/2023\/09\/WDC_final_pos_completo.png\" alt=\"\" class=\"wp-image-6198\" srcset=\"https:\/\/www.worldfolkvisionitalia.it\/wp-content\/uploads\/2023\/09\/WDC_final_pos_completo.png 4500w, https:\/\/www.worldfolkvisionitalia.it\/wp-content\/uploads\/2023\/09\/WDC_final_pos_completo-300x300.png 300w, https:\/\/www.worldfolkvisionitalia.it\/wp-content\/uploads\/2023\/09\/WDC_final_pos_completo-1024x1024.png 1024w, https:\/\/www.worldfolkvisionitalia.it\/wp-content\/uploads\/2023\/09\/WDC_final_pos_completo-150x150.png 150w, https:\/\/www.worldfolkvisionitalia.it\/wp-content\/uploads\/2023\/09\/WDC_final_pos_completo-768x768.png 768w, https:\/\/www.worldfolkvisionitalia.it\/wp-content\/uploads\/2023\/09\/WDC_final_pos_completo-1536x1536.png 1536w, https:\/\/www.worldfolkvisionitalia.it\/wp-content\/uploads\/2023\/09\/WDC_final_pos_completo-2048x2048.png 2048w\" sizes=\"(max-width: 4500px) 100vw, 4500px\" \/><\/figure>\n\n\n\n<figure class=\"wp-block-image size-large\"><img loading=\"lazy\" width=\"682\" height=\"1024\" data-id=\"4466\"  src=\"https:\/\/www.worldfolkvisionitalia.it\/wp-content\/uploads\/2022\/05\/GiannellaSensi.jpg\" alt=\"\" class=\"wp-image-4466\" srcset=\"https:\/\/www.worldfolkvisionitalia.it\/wp-content\/uploads\/2022\/05\/GiannellaSensi.jpg 682w, https:\/\/www.worldfolkvisionitalia.it\/wp-content\/uploads\/2022\/05\/GiannellaSensi-200x300.jpg 200w\" sizes=\"(max-width: 682px) 100vw, 682px\" \/><figcaption>Referente Danza e Master Class, Maestra Giannella Sensi<\/figcaption><\/figure>\n\n\n\n<figure class=\"wp-block-image size-large\"><img loading=\"lazy\" width=\"1920\" height=\"2560\" data-id=\"4059\"  src=\"https:\/\/www.worldfolkvisionitalia.it\/wp-content\/uploads\/2022\/02\/IMG_3976-scaled.jpg\" alt=\"\" class=\"wp-image-4059\" srcset=\"https:\/\/www.worldfolkvisionitalia.it\/wp-content\/uploads\/2022\/02\/IMG_3976-scaled.jpg 1920w, https:\/\/www.worldfolkvisionitalia.it\/wp-content\/uploads\/2022\/02\/IMG_3976-225x300.jpg 225w, https:\/\/www.worldfolkvisionitalia.it\/wp-content\/uploads\/2022\/02\/IMG_3976-768x1024.jpg 768w, https:\/\/www.worldfolkvisionitalia.it\/wp-content\/uploads\/2022\/02\/IMG_3976-1152x1536.jpg 1152w, https:\/\/www.worldfolkvisionitalia.it\/wp-content\/uploads\/2022\/02\/IMG_3976-1536x2048.jpg 1536w\" sizes=\"(max-width: 1920px) 100vw, 1920px\" \/><figcaption>Direttore Festival, Responsabile Nazionale Aics Danze Culture Internazionali, Ranieri Manfrin<\/figcaption><\/figure>\n\n\n\n<figure class=\"wp-block-image size-large\"><img loading=\"lazy\" width=\"4500\" height=\"1696\" data-id=\"6199\"  src=\"https:\/\/www.worldfolkvisionitalia.it\/wp-content\/uploads\/2023\/09\/cropped-WDC_final_pos_completo.png\" alt=\"4\u00b0 People &amp; cultures World Dance Competition- Final-\" class=\"wp-image-6199\" srcset=\"https:\/\/www.worldfolkvisionitalia.it\/wp-content\/uploads\/2023\/09\/cropped-WDC_final_pos_completo.png 4500w, https:\/\/www.worldfolkvisionitalia.it\/wp-content\/uploads\/2023\/09\/cropped-WDC_final_pos_completo-300x113.png 300w, https:\/\/www.worldfolkvisionitalia.it\/wp-content\/uploads\/2023\/09\/cropped-WDC_final_pos_completo-1024x386.png 1024w, https:\/\/www.worldfolkvisionitalia.it\/wp-content\/uploads\/2023\/09\/cropped-WDC_final_pos_completo-768x289.png 768w, https:\/\/www.worldfolkvisionitalia.it\/wp-content\/uploads\/2023\/09\/cropped-WDC_final_pos_completo-1536x579.png 1536w, https:\/\/www.worldfolkvisionitalia.it\/wp-content\/uploads\/2023\/09\/cropped-WDC_final_pos_completo-2048x772.png 2048w\" sizes=\"(max-width: 4500px) 100vw, 4500px\" \/><\/figure>\n\n\n\n<figure class=\"wp-block-image size-large\"><img loading=\"lazy\" width=\"1364\" height=\"500\" data-id=\"6202\"  src=\"https:\/\/www.worldfolkvisionitalia.it\/wp-content\/uploads\/2023\/09\/testataNew2023-NuovoLogo2.jpg\" alt=\"\" class=\"wp-image-6202\" srcset=\"https:\/\/www.worldfolkvisionitalia.it\/wp-content\/uploads\/2023\/09\/testataNew2023-NuovoLogo2.jpg 1364w, https:\/\/www.worldfolkvisionitalia.it\/wp-content\/uploads\/2023\/09\/testataNew2023-NuovoLogo2-300x110.jpg 300w, https:\/\/www.worldfolkvisionitalia.it\/wp-content\/uploads\/2023\/09\/testataNew2023-NuovoLogo2-1024x375.jpg 1024w, https:\/\/www.worldfolkvisionitalia.it\/wp-content\/uploads\/2023\/09\/testataNew2023-NuovoLogo2-768x282.jpg 768w\" sizes=\"(max-width: 1364px) 100vw, 1364px\" \/><\/figure>\n<\/figure>\n","protected":false},"excerpt":{"rendered":"<p>Le iscrizioni si apriranno il 1 marzo per chiudersi il 15 Maggio essendo a numero chiuso appena raggiunto il numero [&hellip;]<\/p>\n","protected":false},"author":1,"featured_media":0,"parent":0,"menu_order":0,"comment_status":"closed","ping_status":"closed","template":"","meta":[],"translation":{"provider":"WPGlobus","version":"2.12.2","language":"gb","enabled_languages":["it","gb"],"languages":{"it":{"title":true,"content":true,"excerpt":false},"gb":{"title":false,"content":false,"excerpt":false}}},"yoast_head":"<!-- This site is optimized with the Yoast SEO plugin v19.4 - https:\/\/yoast.com\/wordpress\/plugins\/seo\/ -->\n<title>1 Giugno 2024 Viterbo Teatro San Leonardo Concorso di Danza - World Folk Vision Italia<\/title>\n<meta name=\"robots\" content=\"index, follow, max-snippet:-1, max-image-preview:large, max-video-preview:-1\" \/>\n<link rel=\"canonical\" href=\"https:\/\/www.worldfolkvisionitalia.it\/viterbo-2024\/\" \/>\n<meta property=\"og:locale\" content=\"en_GB\" \/>\n<meta property=\"og:type\" content=\"article\" \/>\n<meta property=\"og:title\" content=\"1 Giugno 2024 Viterbo Teatro San Leonardo Concorso di Danza - World Folk Vision Italia\" \/>\n<meta property=\"og:url\" content=\"https:\/\/www.worldfolkvisionitalia.it\/viterbo-2024\/\" \/>\n<meta property=\"og:site_name\" content=\"World Folk Vision Italia\" \/>\n<meta property=\"article:modified_time\" content=\"2024-02-05T16:19:37+00:00\" \/>\n<meta property=\"og:image\" content=\"https:\/\/www.worldfolkvisionitalia.it\/wp-content\/uploads\/2024\/02\/logo-teatro.png\" \/>\n<meta name=\"twitter:card\" content=\"summary_large_image\" \/>\n<meta name=\"twitter:label1\" content=\"Est. reading time\" \/>\n\t<meta name=\"twitter:data1\" content=\"7 minutes\" \/>\n<script type=\"application\/ld+json\" class=\"yoast-schema-graph\">{\"@context\":\"https:\/\/schema.org\",\"@graph\":[{\"@type\":\"Organization\",\"@id\":\"https:\/\/www.worldfolkvisionitalia.it\/#organization\",\"name\":\"World Folk Vision Italia\",\"url\":\"https:\/\/www.worldfolkvisionitalia.it\/\",\"sameAs\":[],\"logo\":{\"@type\":\"ImageObject\",\"inLanguage\":\"en-GB\",\"@id\":\"https:\/\/www.worldfolkvisionitalia.it\/#\/schema\/logo\/image\/\",\"url\":\"https:\/\/www.worldfolkvisionitalia.it\/wp-content\/uploads\/2024\/02\/cropped-WDC_final_pos-02-e1706888538326.png\",\"contentUrl\":\"https:\/\/www.worldfolkvisionitalia.it\/wp-content\/uploads\/2024\/02\/cropped-WDC_final_pos-02-e1706888538326.png\",\"width\":300,\"height\":109,\"caption\":\"World Folk Vision Italia\"},\"image\":{\"@id\":\"https:\/\/www.worldfolkvisionitalia.it\/#\/schema\/logo\/image\/\"}},{\"@type\":\"WebSite\",\"@id\":\"https:\/\/www.worldfolkvisionitalia.it\/#website\",\"url\":\"https:\/\/www.worldfolkvisionitalia.it\/\",\"name\":\"World Folk Vision Italia\",\"description\":\"\",\"publisher\":{\"@id\":\"https:\/\/www.worldfolkvisionitalia.it\/#organization\"},\"potentialAction\":[{\"@type\":\"SearchAction\",\"target\":{\"@type\":\"EntryPoint\",\"urlTemplate\":\"https:\/\/www.worldfolkvisionitalia.it\/?s={search_term_string}\"},\"query-input\":\"required name=search_term_string\"}],\"inLanguage\":\"en-GB\"},{\"@type\":\"WebPage\",\"@id\":\"https:\/\/www.worldfolkvisionitalia.it\/viterbo-2024\/\",\"url\":\"https:\/\/www.worldfolkvisionitalia.it\/viterbo-2024\/\",\"name\":\"1 Giugno 2024 Viterbo Teatro San Leonardo Concorso di Danza - World Folk Vision Italia\",\"isPartOf\":{\"@id\":\"https:\/\/www.worldfolkvisionitalia.it\/#website\"},\"datePublished\":\"2024-01-23T19:26:06+00:00\",\"dateModified\":\"2024-02-05T16:19:37+00:00\",\"breadcrumb\":{\"@id\":\"https:\/\/www.worldfolkvisionitalia.it\/viterbo-2024\/#breadcrumb\"},\"inLanguage\":\"en-GB\",\"potentialAction\":[{\"@type\":\"ReadAction\",\"target\":[\"https:\/\/www.worldfolkvisionitalia.it\/viterbo-2024\/\"]}]},{\"@type\":\"BreadcrumbList\",\"@id\":\"https:\/\/www.worldfolkvisionitalia.it\/viterbo-2024\/#breadcrumb\",\"itemListElement\":[{\"@type\":\"ListItem\",\"position\":1,\"name\":\"Home\",\"item\":\"https:\/\/www.worldfolkvisionitalia.it\/\"},{\"@type\":\"ListItem\",\"position\":2,\"name\":\"1 Giugno 2024 Viterbo Teatro San Leonardo Concorso di Danza\"}]}]}<\/script>\n<!-- \/ Yoast SEO plugin. -->","yoast_head_json":{"title":"1 Giugno 2024 Viterbo Teatro San Leonardo Concorso di Danza - World Folk Vision Italia","robots":{"index":"index","follow":"follow","max-snippet":"max-snippet:-1","max-image-preview":"max-image-preview:large","max-video-preview":"max-video-preview:-1"},"canonical":"https:\/\/www.worldfolkvisionitalia.it\/viterbo-2024\/","og_locale":"en_GB","og_type":"article","og_title":"1 Giugno 2024 Viterbo Teatro San Leonardo Concorso di Danza - World Folk Vision Italia","og_url":"https:\/\/www.worldfolkvisionitalia.it\/viterbo-2024\/","og_site_name":"World Folk Vision Italia","article_modified_time":"2024-02-05T16:19:37+00:00","og_image":[{"url":"https:\/\/www.worldfolkvisionitalia.it\/wp-content\/uploads\/2024\/02\/logo-teatro.png"}],"twitter_card":"summary_large_image","twitter_misc":{"Est. reading time":"7 minutes"},"schema":{"@context":"https:\/\/schema.org","@graph":[{"@type":"Organization","@id":"https:\/\/www.worldfolkvisionitalia.it\/#organization","name":"World Folk Vision Italia","url":"https:\/\/www.worldfolkvisionitalia.it\/","sameAs":[],"logo":{"@type":"ImageObject","inLanguage":"en-GB","@id":"https:\/\/www.worldfolkvisionitalia.it\/#\/schema\/logo\/image\/","url":"https:\/\/www.worldfolkvisionitalia.it\/wp-content\/uploads\/2024\/02\/cropped-WDC_final_pos-02-e1706888538326.png","contentUrl":"https:\/\/www.worldfolkvisionitalia.it\/wp-content\/uploads\/2024\/02\/cropped-WDC_final_pos-02-e1706888538326.png","width":300,"height":109,"caption":"World Folk Vision Italia"},"image":{"@id":"https:\/\/www.worldfolkvisionitalia.it\/#\/schema\/logo\/image\/"}},{"@type":"WebSite","@id":"https:\/\/www.worldfolkvisionitalia.it\/#website","url":"https:\/\/www.worldfolkvisionitalia.it\/","name":"World Folk Vision Italia","description":"","publisher":{"@id":"https:\/\/www.worldfolkvisionitalia.it\/#organization"},"potentialAction":[{"@type":"SearchAction","target":{"@type":"EntryPoint","urlTemplate":"https:\/\/www.worldfolkvisionitalia.it\/?s={search_term_string}"},"query-input":"required name=search_term_string"}],"inLanguage":"en-GB"},{"@type":"WebPage","@id":"https:\/\/www.worldfolkvisionitalia.it\/viterbo-2024\/","url":"https:\/\/www.worldfolkvisionitalia.it\/viterbo-2024\/","name":"1 Giugno 2024 Viterbo Teatro San Leonardo Concorso di Danza - World Folk Vision Italia","isPartOf":{"@id":"https:\/\/www.worldfolkvisionitalia.it\/#website"},"datePublished":"2024-01-23T19:26:06+00:00","dateModified":"2024-02-05T16:19:37+00:00","breadcrumb":{"@id":"https:\/\/www.worldfolkvisionitalia.it\/viterbo-2024\/#breadcrumb"},"inLanguage":"en-GB","potentialAction":[{"@type":"ReadAction","target":["https:\/\/www.worldfolkvisionitalia.it\/viterbo-2024\/"]}]},{"@type":"BreadcrumbList","@id":"https:\/\/www.worldfolkvisionitalia.it\/viterbo-2024\/#breadcrumb","itemListElement":[{"@type":"ListItem","position":1,"name":"Home","item":"https:\/\/www.worldfolkvisionitalia.it\/"},{"@type":"ListItem","position":2,"name":"1 Giugno 2024 Viterbo Teatro San Leonardo Concorso di Danza"}]}]}},"_links":{"self":[{"href":"https:\/\/www.worldfolkvisionitalia.it\/gb\/wp-json\/wp\/v2\/pages\/6579"}],"collection":[{"href":"https:\/\/www.worldfolkvisionitalia.it\/gb\/wp-json\/wp\/v2\/pages"}],"about":[{"href":"https:\/\/www.worldfolkvisionitalia.it\/gb\/wp-json\/wp\/v2\/types\/page"}],"author":[{"embeddable":true,"href":"https:\/\/www.worldfolkvisionitalia.it\/gb\/wp-json\/wp\/v2\/users\/1"}],"replies":[{"embeddable":true,"href":"https:\/\/www.worldfolkvisionitalia.it\/gb\/wp-json\/wp\/v2\/comments?post=6579"}],"version-history":[{"count":11,"href":"https:\/\/www.worldfolkvisionitalia.it\/gb\/wp-json\/wp\/v2\/pages\/6579\/revisions"}],"predecessor-version":[{"id":6747,"href":"https:\/\/www.worldfolkvisionitalia.it\/gb\/wp-json\/wp\/v2\/pages\/6579\/revisions\/6747"}],"wp:attachment":[{"href":"https:\/\/www.worldfolkvisionitalia.it\/gb\/wp-json\/wp\/v2\/media?parent=6579"}],"curies":[{"name":"wp","href":"https:\/\/api.w.org\/{rel}","templated":true}]}}