{"id":6900,"date":"2024-02-23T17:35:26","date_gmt":"2024-02-23T17:35:26","guid":{"rendered":"https:\/\/www.worldfolkvisionitalia.it\/?page_id=6900"},"modified":"2024-02-23T17:35:27","modified_gmt":"2024-02-23T17:35:27","slug":"regolamento-pizzica","status":"publish","type":"page","link":"https:\/\/www.worldfolkvisionitalia.it\/gb\/regolamento-pizzica\/","title":{"rendered":"Regolamento Pizzica"},"content":{"rendered":"\n<h2>Festival Concorso Un Ponte tra i Popoli<br>Regolamento Danze e Culture Internazionali<br>AICS world Folk Vision Italia.<br>Finale Internazionale del 8\/10 Dicembre 2024<br>\u201cWorld Competition of Dance Peoples and Cultures\u201d<\/h2>\n\n\n\n<p>Finale Internazionale aperta a tutte le nazioni che si terr\u00e0 al Teatro Verdi di Montecatini Terme dall\u2019 08 al 10 Dicembre 2024, nel corso della quale saranno proclamati i vincitori della Finale Internazionale.<br>Da regolamento si potr\u00e0 partecipare direttamente tramite richiesta scritta inviata a <a href=\"mailto:danzecultureinternazionali@aics.it\">danzecultureinternazionali@aics.it<\/a>.<br>La partecipazione alle selezioni Italiane \u00e8 aperta ai tesserati AICS e di altri Enti di Promozione e Federazioni., dai 6 anni in su che siano in possesso del certificato medico di idoneit\u00e0 sportiva idoneo alla manifestazione.<\/p>\n\n\n\n<h2>Regolamento PIZZICA SALENTINA<\/h2>\n\n\n\n<h3>Introduzione<\/h3>\n\n\n\n<p>Per Pizzica Salentina si intende la danza folkloristica originaria del Salento, compresi i folklori del basso e dell\u2019alto Salento e le nuove fusioni pi\u00f9 recenti con altre discipline.<\/p>\n\n\n\n<h3>Stili<\/h3>\n\n\n\n<p>PIZZICA COREOGRAFICA: si intende l\u2019esecuzione di coreografie con movimenti non obbligatoriamente in sincro, fatta  eccezione di alcuni momenti in cui tutto il gruppo, all\u2019unisono, deve essere presente sul palco. E\u2019 consentito l\u2019utilizzo di foulard, o altri piccoli elementi coreografici indossati dai ballerini e l\u2019utilizzo di strumenti musicali (Es. tamburo a cornice) suonabili in acustico o come elementi coreografici durante la danza.<br>Sono consentite piccole scenografie purch\u00e9 consone al tema e non ingombranti. A fine esibizione il palco deve essere libero e pulito da ogni oggetto utilizzato nella coreografia. Non sono consentiti oggetti pericolosi o che creino difficolt\u00e0 di esecuzione ai<br>gruppi o danzatori successivi.<\/p>\n\n\n\n<h3>Categorie d\u2019et\u00e0<\/h3>\n\n\n\n<p>\u2022 Youth: dai 6 ai 12 anni<br>\u2022 Junior: dai 13 ai 16 anni<br>\u2022 Adult: dai 17 ai 35 anni<br>\u2022 Senior: 35+<br>La fascia di et\u00e0 si individua calcolando la media del gruppo. L\u2019anno d\u2019et\u00e0 viene considerato quello, compiuto. Per il Duo si prende di riferimento l\u2019et\u00e0 del ballerino pi\u00f9 grande.<\/p>\n\n\n\n<h3>Classi di livello<\/h3>\n\n\n\n<p>\u2022 B: concorrenti con poca o media esperienza<br>\u2022 A: concorrenti con molta esperienza<br>\u2022 P: professionisti, insegnanti<\/p>\n\n\n\n<h3>Unit\u00e0 competitive<\/h3>\n\n\n\n<p>\u2022 Solista<br>\u2022 Duo<br>\u2022 Gruppo (dai 3 ai 5 partecipanti)<br>\u2022 Formazione (6+ partecipanti)<br>\u2022 Ensemble (gruppo musicale dal vivo (in acustico) e danzatori)<\/p>\n\n\n\n<h3>Durata dei brani musicali<\/h3>\n\n\n\n<p>La durata dei brani musicali per solisti, di qualsiasi livello ed et\u00e0 il minimo \u00e8 di 1:30 minuti e non deve superare i 2:30 minuti;<br>Per il duo la durata massima consentita \u00e8 di 3:00 minuti;<br>Per gruppi e formazioni di danza, che non prevedano la presenza di musicisti che suonino dal vivo, la durata massima consentita \u00e8 di 4:00 minuti.<br>Per la categoria \u201cEnsemble\u201d la durata massima consentita \u00e8 di 6:00 minuti.<\/p>\n\n\n\n<h3>Abbigliamento<\/h3>\n\n\n\n<p>L\u2019abbigliamento deve essere coerente allo stile rappresentato, nello stile e nella colorazione adeguata alla danza e all\u2019et\u00e0 dell\u2019atleta e alla categoria in cui gareggia.<br>Per la categoria Pizzica Salentina, l\u2019abito deve rappresentare il tipo di folklore scelto.<br>Nell\u2019abbigliamento femminile la donna non dovr\u00e0 indossare abiti con trasparenze.<br>Indosser\u00e0 una gonna lunga fino alla caviglia, dal tessuto coprente e dal colore di libera scelta (ai limiti del buongusto e soprattutto conforme al tipo di folklore scelto). E\u2019 consentito l\u2019utilizzo di foulard o scialle triangolare o rettangolare in vita, di qualsivoglia fattezza o materiale.<br>Libera la scelta di indossare maglia con o senza maniche o a maniche corte, lunghe o a gomito o canotta a bretella larga, dal colore di libera scelta (ai limiti del buongusto e soprattutto conforme al tipo di folklore scelto). Viene fatta esclusione di top o maglie corte che lascino intravedere eccessivamente scollatura e pancia e\/o canotte a bretella fina e\/o maglie trasparenti.<br>Nell\u2019abbigliamento maschile, l\u2019uomo non dovr\u00e0 indossare abiti con trasparenze. Il costume dovr\u00e0 comprendere un pantalone, con o senza una fusciacca in vita (dai 3 ai 5 cm di altezza) dai colori di libera scelta (ai limiti del buongusto e soprattutto conformi al tipo di folklore scelto).<br>Libera la scelta di indossare maglia a maniche lunghe o camicia a maniche lunghe (con possibilit\u00e0 di effettuare risvolto della manica), dal colore di libera scelta (ai limiti del buongusto e soprattutto conforme al tipo di folklore scelto) .<br>Sono vietate calzature con tacco superiore a 1,5 cm.<br>Se pur non obbligatoriamente, si potr\u00e0 danzare preferibilmente anche a piedi nudi, a patto che tutti i componenti del gruppo si adeguino allo stesso stile (tutti con calzature o tutti senza calzature).<br>Non potranno essere indossati o indicati su oggetti di scena loghi o rappresentazioni facenti riferimento alla scuola di provenienza e\/o pubblicitari visibili.<br>Per le categorie YOUTH dovr\u00e0 essere utilizzato il top e non il reggiseno.<\/p>\n\n\n\n<h3>Giuria e criteri di giudizio<\/h3>\n\n\n\n<p>I giudici seguiranno 4 criteri di giudizio,<br>\u2022 Tecnica (Impostazione, eleganza, portamento, musicalit\u00e0 e rispetto del tempo musicale.)<br>\u2022 Coreografia (Distribuzioni delle figure e movimenti nel contesto, utilizzo dello spazio, del coordinamento e dell\u2019originalit\u00e0 coreografica\u2026)<br>\u2022 Presenza scenica (gestualit\u00e0, coerenza al tema proposto, significato e trasmissione emotiva)<br>\u2022 Immagine (abbigliamento, trucco (no rossetto e\/o smalto per unghie), pettinatura..)<\/p>\n\n\n\n<h3>Punteggio<\/h3>\n\n\n\n<p>La giuria valuter\u00e0 le esibizioni in gara con un voto da 1 a 10 compresi il mezzo punto e + .<\/p>\n\n\n\n<h3>PENALITA\u2019<\/h3>\n\n\n\n<p>E\u2019 prevista la squalifica in caso di<br>\u2022 Comportamento scorretto di un atleta<br>\u2022 Mancata presenza alla terza chiamata in pista<br>\u2022 Esibizione nella specialit\u00e0 errata (es. uno show nel Folklore).<br>Inoltre non sono ammessi oggetti pericolosi (es. coltelli, spade, pugnali e\/o fioretti nella danza scherma).<\/p>\n\n\n\n<h3>Svolgimento della competizione<\/h3>\n\n\n\n<p>Ogni gruppo verr\u00e0 visionato singolarmente e verr\u00e0 valutato dalla giuria seguendo i parametri e i criteri di giudizio.<br>Gli atleti danzeranno con le proprie musiche.<\/p>\n\n\n\n<h3>SCELTA E CONSEGNA MUSICHE<\/h3>\n\n\n\n<p>La scelta musicale \u00e8 da considerarsi libera, purch\u00e8 vi sia all\u2019interno del brano scelto almeno il 50% di musica inerente alla Pizzica Salentina.<br>Le musiche devono essere consegnate all\u2019organizzazione tramite e-mail. Si raccomanda di portare comunque la musica in formato Mp3 portata con CD\/USB come riserva, indicandovi le generalit\u00e0.<\/p>\n","protected":false},"excerpt":{"rendered":"<p>Festival Concorso Un Ponte tra i PopoliRegolamento Danze e Culture InternazionaliAICS world Folk Vision Italia.Finale Internazionale del 8\/10 Dicembre 2024\u201cWorld [&hellip;]<\/p>\n","protected":false},"author":1,"featured_media":0,"parent":0,"menu_order":0,"comment_status":"closed","ping_status":"closed","template":"","meta":[],"translation":{"provider":"WPGlobus","version":"2.12.2","language":"gb","enabled_languages":["it","gb"],"languages":{"it":{"title":true,"content":true,"excerpt":false},"gb":{"title":false,"content":false,"excerpt":false}}},"yoast_head":"<!-- This site is optimized with the Yoast SEO plugin v19.4 - https:\/\/yoast.com\/wordpress\/plugins\/seo\/ -->\n<title>Regolamento Pizzica - World Folk Vision Italia<\/title>\n<meta name=\"robots\" content=\"index, follow, max-snippet:-1, max-image-preview:large, max-video-preview:-1\" \/>\n<link rel=\"canonical\" href=\"https:\/\/www.worldfolkvisionitalia.it\/regolamento-pizzica\/\" \/>\n<meta property=\"og:locale\" content=\"en_GB\" \/>\n<meta property=\"og:type\" content=\"article\" \/>\n<meta property=\"og:title\" content=\"Regolamento Pizzica - World Folk Vision Italia\" \/>\n<meta property=\"og:url\" content=\"https:\/\/www.worldfolkvisionitalia.it\/regolamento-pizzica\/\" \/>\n<meta property=\"og:site_name\" content=\"World Folk Vision Italia\" \/>\n<meta property=\"article:modified_time\" content=\"2024-02-23T17:35:27+00:00\" \/>\n<meta name=\"twitter:card\" content=\"summary_large_image\" \/>\n<meta name=\"twitter:label1\" content=\"Est. reading time\" \/>\n\t<meta name=\"twitter:data1\" content=\"6 minutes\" \/>\n<script type=\"application\/ld+json\" class=\"yoast-schema-graph\">{\"@context\":\"https:\/\/schema.org\",\"@graph\":[{\"@type\":\"Organization\",\"@id\":\"https:\/\/www.worldfolkvisionitalia.it\/#organization\",\"name\":\"World Folk Vision Italia\",\"url\":\"https:\/\/www.worldfolkvisionitalia.it\/\",\"sameAs\":[],\"logo\":{\"@type\":\"ImageObject\",\"inLanguage\":\"en-GB\",\"@id\":\"https:\/\/www.worldfolkvisionitalia.it\/#\/schema\/logo\/image\/\",\"url\":\"https:\/\/www.worldfolkvisionitalia.it\/wp-content\/uploads\/2024\/02\/cropped-WDC_final_pos-02-e1706888538326.png\",\"contentUrl\":\"https:\/\/www.worldfolkvisionitalia.it\/wp-content\/uploads\/2024\/02\/cropped-WDC_final_pos-02-e1706888538326.png\",\"width\":300,\"height\":109,\"caption\":\"World Folk Vision Italia\"},\"image\":{\"@id\":\"https:\/\/www.worldfolkvisionitalia.it\/#\/schema\/logo\/image\/\"}},{\"@type\":\"WebSite\",\"@id\":\"https:\/\/www.worldfolkvisionitalia.it\/#website\",\"url\":\"https:\/\/www.worldfolkvisionitalia.it\/\",\"name\":\"World Folk Vision Italia\",\"description\":\"\",\"publisher\":{\"@id\":\"https:\/\/www.worldfolkvisionitalia.it\/#organization\"},\"potentialAction\":[{\"@type\":\"SearchAction\",\"target\":{\"@type\":\"EntryPoint\",\"urlTemplate\":\"https:\/\/www.worldfolkvisionitalia.it\/?s={search_term_string}\"},\"query-input\":\"required name=search_term_string\"}],\"inLanguage\":\"en-GB\"},{\"@type\":\"WebPage\",\"@id\":\"https:\/\/www.worldfolkvisionitalia.it\/regolamento-pizzica\/\",\"url\":\"https:\/\/www.worldfolkvisionitalia.it\/regolamento-pizzica\/\",\"name\":\"Regolamento Pizzica - World Folk Vision Italia\",\"isPartOf\":{\"@id\":\"https:\/\/www.worldfolkvisionitalia.it\/#website\"},\"datePublished\":\"2024-02-23T17:35:26+00:00\",\"dateModified\":\"2024-02-23T17:35:27+00:00\",\"breadcrumb\":{\"@id\":\"https:\/\/www.worldfolkvisionitalia.it\/regolamento-pizzica\/#breadcrumb\"},\"inLanguage\":\"en-GB\",\"potentialAction\":[{\"@type\":\"ReadAction\",\"target\":[\"https:\/\/www.worldfolkvisionitalia.it\/regolamento-pizzica\/\"]}]},{\"@type\":\"BreadcrumbList\",\"@id\":\"https:\/\/www.worldfolkvisionitalia.it\/regolamento-pizzica\/#breadcrumb\",\"itemListElement\":[{\"@type\":\"ListItem\",\"position\":1,\"name\":\"Home\",\"item\":\"https:\/\/www.worldfolkvisionitalia.it\/\"},{\"@type\":\"ListItem\",\"position\":2,\"name\":\"Regolamento Pizzica\"}]}]}<\/script>\n<!-- \/ Yoast SEO plugin. -->","yoast_head_json":{"title":"Regolamento Pizzica - World Folk Vision Italia","robots":{"index":"index","follow":"follow","max-snippet":"max-snippet:-1","max-image-preview":"max-image-preview:large","max-video-preview":"max-video-preview:-1"},"canonical":"https:\/\/www.worldfolkvisionitalia.it\/regolamento-pizzica\/","og_locale":"en_GB","og_type":"article","og_title":"Regolamento Pizzica - World Folk Vision Italia","og_url":"https:\/\/www.worldfolkvisionitalia.it\/regolamento-pizzica\/","og_site_name":"World Folk Vision Italia","article_modified_time":"2024-02-23T17:35:27+00:00","twitter_card":"summary_large_image","twitter_misc":{"Est. reading time":"6 minutes"},"schema":{"@context":"https:\/\/schema.org","@graph":[{"@type":"Organization","@id":"https:\/\/www.worldfolkvisionitalia.it\/#organization","name":"World Folk Vision Italia","url":"https:\/\/www.worldfolkvisionitalia.it\/","sameAs":[],"logo":{"@type":"ImageObject","inLanguage":"en-GB","@id":"https:\/\/www.worldfolkvisionitalia.it\/#\/schema\/logo\/image\/","url":"https:\/\/www.worldfolkvisionitalia.it\/wp-content\/uploads\/2024\/02\/cropped-WDC_final_pos-02-e1706888538326.png","contentUrl":"https:\/\/www.worldfolkvisionitalia.it\/wp-content\/uploads\/2024\/02\/cropped-WDC_final_pos-02-e1706888538326.png","width":300,"height":109,"caption":"World Folk Vision Italia"},"image":{"@id":"https:\/\/www.worldfolkvisionitalia.it\/#\/schema\/logo\/image\/"}},{"@type":"WebSite","@id":"https:\/\/www.worldfolkvisionitalia.it\/#website","url":"https:\/\/www.worldfolkvisionitalia.it\/","name":"World Folk Vision Italia","description":"","publisher":{"@id":"https:\/\/www.worldfolkvisionitalia.it\/#organization"},"potentialAction":[{"@type":"SearchAction","target":{"@type":"EntryPoint","urlTemplate":"https:\/\/www.worldfolkvisionitalia.it\/?s={search_term_string}"},"query-input":"required name=search_term_string"}],"inLanguage":"en-GB"},{"@type":"WebPage","@id":"https:\/\/www.worldfolkvisionitalia.it\/regolamento-pizzica\/","url":"https:\/\/www.worldfolkvisionitalia.it\/regolamento-pizzica\/","name":"Regolamento Pizzica - World Folk Vision Italia","isPartOf":{"@id":"https:\/\/www.worldfolkvisionitalia.it\/#website"},"datePublished":"2024-02-23T17:35:26+00:00","dateModified":"2024-02-23T17:35:27+00:00","breadcrumb":{"@id":"https:\/\/www.worldfolkvisionitalia.it\/regolamento-pizzica\/#breadcrumb"},"inLanguage":"en-GB","potentialAction":[{"@type":"ReadAction","target":["https:\/\/www.worldfolkvisionitalia.it\/regolamento-pizzica\/"]}]},{"@type":"BreadcrumbList","@id":"https:\/\/www.worldfolkvisionitalia.it\/regolamento-pizzica\/#breadcrumb","itemListElement":[{"@type":"ListItem","position":1,"name":"Home","item":"https:\/\/www.worldfolkvisionitalia.it\/"},{"@type":"ListItem","position":2,"name":"Regolamento Pizzica"}]}]}},"_links":{"self":[{"href":"https:\/\/www.worldfolkvisionitalia.it\/gb\/wp-json\/wp\/v2\/pages\/6900"}],"collection":[{"href":"https:\/\/www.worldfolkvisionitalia.it\/gb\/wp-json\/wp\/v2\/pages"}],"about":[{"href":"https:\/\/www.worldfolkvisionitalia.it\/gb\/wp-json\/wp\/v2\/types\/page"}],"author":[{"embeddable":true,"href":"https:\/\/www.worldfolkvisionitalia.it\/gb\/wp-json\/wp\/v2\/users\/1"}],"replies":[{"embeddable":true,"href":"https:\/\/www.worldfolkvisionitalia.it\/gb\/wp-json\/wp\/v2\/comments?post=6900"}],"version-history":[{"count":1,"href":"https:\/\/www.worldfolkvisionitalia.it\/gb\/wp-json\/wp\/v2\/pages\/6900\/revisions"}],"predecessor-version":[{"id":6901,"href":"https:\/\/www.worldfolkvisionitalia.it\/gb\/wp-json\/wp\/v2\/pages\/6900\/revisions\/6901"}],"wp:attachment":[{"href":"https:\/\/www.worldfolkvisionitalia.it\/gb\/wp-json\/wp\/v2\/media?parent=6900"}],"curies":[{"name":"wp","href":"https:\/\/api.w.org\/{rel}","templated":true}]}}